{"id":1636,"date":"2014-12-04T17:33:54","date_gmt":"2014-12-04T22:33:54","guid":{"rendered":"http:\/\/50.22.11.20\/~moniquem\/product\/leggings-sani\/"},"modified":"2025-10-08T11:21:06","modified_gmt":"2025-10-08T15:21:06","slug":"sani-leggings-pantalone-spa","status":"publish","type":"product","link":"https:\/\/www.monique-mathieu.com\/it\/prodotto\/sani-leggings-pantalone-spa\/","title":{"rendered":"Pantaloni leggings sani"},"content":{"rendered":"<div id=\"dslc-theme-content\"><div id=\"dslc-theme-content-inner\"><\/div><\/div>","protected":false},"excerpt":{"rendered":"<p>Leggings traspiranti da indossare come seconda pelle con maglie modellanti snellenti (la caffeina combinata con Cedrol stimola la combustione dei grassi e aiuta a ridurre efficacemente l&#8217;aspetto della cellulite) che funziona come un massaggio per attivare la microcircolazione.<\/p>\n<p>Nuova generazione di microcapsule con la pi\u00f9 alta concentrazione di microcapsule di ingredienti snellenti (beneficio per la ristrutturazione della pelle: burro di karit\u00e9, alghe brune e olio Inca Inchi nutrono e migliorano l&#8217;elasticit\u00e0 della pelle lasciando la pelle pi\u00f9 morbida).<\/p>\n<p>Le taglie dalla 54 non sono cambiabili e rimborsabili.<\/p>\n<table>\n<tbody>\n<tr>\n<td><b> Taglie USA<\/b><\/td>\n<td>Small, Medium, Large<\/td>\n<\/tr>\n<tr>\n<td><b>Misure<\/b><\/td>\n<td><a href=\"\/measurement.pdf\" target=\"_blank\" rel=\"noopener\">Clicca qui per la tabella delle taglie<\/a><\/td>\n<\/tr>\n<tr>\n<td><b>Tessuto<\/b><\/td>\n<td>90% Polyamid, 10% Elasthan<\/td>\n<\/tr>\n<tr>\n<td>Disponibilit\u00e0<\/td>\n<td>nero<\/td>\n<\/tr>\n<\/tbody>\n<\/table>\n","protected":false},"featured_media":9908,"template":"","meta":[],"product_brand":[],"product_cat":[112],"product_tag":[],"class_list":{"0":"post-1636","1":"product","2":"type-product","3":"status-publish","4":"has-post-thumbnail","6":"product_cat-pantaloni","7":"product_shipping_class-products-it","8":"pa_size-large-it","9":"pa_size-medium-it-2","10":"pa_size-small-it-2","12":"first","13":"instock","14":"taxable","15":"shipping-taxable","16":"purchasable","17":"product-type-variable"},"_links":{"self":[{"href":"https:\/\/www.monique-mathieu.com\/it\/wp-json\/wp\/v2\/product\/1636","targetHints":{"allow":["GET"]}}],"collection":[{"href":"https:\/\/www.monique-mathieu.com\/it\/wp-json\/wp\/v2\/product"}],"about":[{"href":"https:\/\/www.monique-mathieu.com\/it\/wp-json\/wp\/v2\/types\/product"}],"wp:featuredmedia":[{"embeddable":true,"href":"https:\/\/www.monique-mathieu.com\/it\/wp-json\/wp\/v2\/media\/9908"}],"wp:attachment":[{"href":"https:\/\/www.monique-mathieu.com\/it\/wp-json\/wp\/v2\/media?parent=1636"}],"wp:term":[{"taxonomy":"product_brand","embeddable":true,"href":"https:\/\/www.monique-mathieu.com\/it\/wp-json\/wp\/v2\/product_brand?post=1636"},{"taxonomy":"product_cat","embeddable":true,"href":"https:\/\/www.monique-mathieu.com\/it\/wp-json\/wp\/v2\/product_cat?post=1636"},{"taxonomy":"product_tag","embeddable":true,"href":"https:\/\/www.monique-mathieu.com\/it\/wp-json\/wp\/v2\/product_tag?post=1636"}],"curies":[{"name":"wp","href":"https:\/\/api.w.org\/{rel}","templated":true}]}}