{"id":880,"date":"2015-01-09T16:11:52","date_gmt":"2015-01-09T21:11:52","guid":{"rendered":"http:\/\/50.22.11.20\/~moniquem\/about-us-2-2\/"},"modified":"2022-02-28T05:34:54","modified_gmt":"2022-02-28T10:34:54","slug":"about-us-2","status":"publish","type":"page","link":"https:\/\/www.monique-mathieu.com\/it\/about-us-2\/","title":{"rendered":"Chi siamo"},"content":{"rendered":"<div id=\"dslc-theme-content\"><div id=\"dslc-theme-content-inner\">\n<h1 class=\"wp-block-heading\" id=\"monique-mathieu-devoted-to-fashion\">Monique Mathieu dedita alla moda.<\/h1>\n\n<div class=\"wp-block-media-text alignwide has-media-on-the-right is-stacked-on-mobile is-vertically-aligned-top\" style=\"grid-template-columns:auto 32%\"><figure class=\"wp-block-media-text__media\"><img loading=\"lazy\" decoding=\"async\" width=\"597\" height=\"738\" src=\"https:\/\/www.monique-mathieu.com\/wp-content\/uploads\/2022\/02\/pic-6.jpg\" alt=\"Parigi - Veduta della Torre Eiffel\" class=\"wp-image-10283 size-full\" srcset=\"https:\/\/www.monique-mathieu.com\/wp-content\/uploads\/2022\/02\/pic-6.jpg 597w, https:\/\/www.monique-mathieu.com\/wp-content\/uploads\/2022\/02\/pic-6-400x494.jpg 400w\" sizes=\"auto, (max-width: 597px) 100vw, 597px\" \/><\/figure><div class=\"wp-block-media-text__content\">\n<p style=\"font-size:16px\">Nel corso degli ultimi 25 anni, la linea di prodotti del marchio di fama internazionale Monique Mathieu Paris \u00e8 stata selezionata da un gran numero di day resort\/medical spa e professionisti del settore della bellezza.<\/p>\n\n\n\n<p style=\"font-size:16px\">La collezione Monique Mathieu, Parigi aiuta sicuramente i suoi clienti a fare un&#8217;impressione forte e positiva sui visitatori nelle loro lussuose sale per trattamenti.<\/p>\n\n\n\n<p style=\"font-size:16px\">Guardando la sua collezione, diventa ovvio che Monique Mathieu ha fatto il apprendistato come stilista  e ha lavorato per le migliori case di moda come Balenciaga, Givenchy e Guy Laroche.<\/p>\n\n\n\n<p style=\"font-size:16px\">Da allora, Monique Mathieu ha dedicato il suo talento creativo e il suo know-how alla progettazione e produzione di abbigliamento professionale di alta gamma per donna e uomo.<\/p>\n\n\n\n<p style=\"font-size:16px\">Eccelle come nessun&#8217;altra nel trasformare le divise da spa in un capo unico, esclusivo e di alta qualit\u00e0. Rimarrai stupito di scoprire la risposta di Monique alla moda e alla funzionalit\u00e0. Tutte le divise sono realizzate con tessuti europei di altissima qualit\u00e0, il che spiega l&#8217;eccezionale qualit\u00e0 della loro collezione.<\/p>\n\n\n\n<p style=\"font-size:16px\">Oggi la sua clientela internazionale comprende La Prairie, Lanc\u00f4me e l&#8217;Hotel Ritz, solo per citarne alcuni.<\/p>\n\n\n\n<div class=\"wp-block-image\"><figure class=\"alignright size-medium is-resized\"><img decoding=\"async\" src=\"https:\/\/www.monique-mathieu.com\/wp-content\/uploads\/2022\/02\/Signature-400x232.png\" alt=\"\" class=\"wp-image-10293\" width=\"-304\" height=\"-176\" srcset=\"https:\/\/www.monique-mathieu.com\/wp-content\/uploads\/2022\/02\/Signature-400x232.png 400w, https:\/\/www.monique-mathieu.com\/wp-content\/uploads\/2022\/02\/Signature-600x347.png 600w, https:\/\/www.monique-mathieu.com\/wp-content\/uploads\/2022\/02\/Signature.png 641w\" sizes=\"(max-width: 400px) 100vw, 400px\" \/><figcaption>Monnique Mathieu<\/figcaption><\/figure><\/div>\n\n\n\n<div class=\"wp-block-image\"><figure class=\"alignleft size-full\"><img loading=\"lazy\" decoding=\"async\" width=\"201\" height=\"240\" src=\"https:\/\/www.monique-mathieu.com\/wp-content\/uploads\/2022\/02\/MoniqueMathieuPortrait1.jpg\" alt=\"\" class=\"wp-image-10288\"\/><figcaption>Monique Mathieu<\/figcaption><\/figure><\/div>\n<\/div><\/div>\n<\/div><\/div>","protected":false},"excerpt":{"rendered":"<p>Monique Mathieu dedita alla moda.<\/p>\n","protected":false},"author":2,"featured_media":0,"parent":0,"menu_order":0,"comment_status":"open","ping_status":"closed","template":"","meta":{"footnotes":""},"class_list":["post-880","page","type-page","status-publish","hentry"],"_links":{"self":[{"href":"https:\/\/www.monique-mathieu.com\/it\/wp-json\/wp\/v2\/pages\/880","targetHints":{"allow":["GET"]}}],"collection":[{"href":"https:\/\/www.monique-mathieu.com\/it\/wp-json\/wp\/v2\/pages"}],"about":[{"href":"https:\/\/www.monique-mathieu.com\/it\/wp-json\/wp\/v2\/types\/page"}],"author":[{"embeddable":true,"href":"https:\/\/www.monique-mathieu.com\/it\/wp-json\/wp\/v2\/users\/2"}],"replies":[{"embeddable":true,"href":"https:\/\/www.monique-mathieu.com\/it\/wp-json\/wp\/v2\/comments?post=880"}],"version-history":[{"count":20,"href":"https:\/\/www.monique-mathieu.com\/it\/wp-json\/wp\/v2\/pages\/880\/revisions"}],"predecessor-version":[{"id":10996,"href":"https:\/\/www.monique-mathieu.com\/it\/wp-json\/wp\/v2\/pages\/880\/revisions\/10996"}],"wp:attachment":[{"href":"https:\/\/www.monique-mathieu.com\/it\/wp-json\/wp\/v2\/media?parent=880"}],"curies":[{"name":"wp","href":"https:\/\/api.w.org\/{rel}","templated":true}]}}