{"id":8769,"date":"2021-08-27T04:27:17","date_gmt":"2021-08-27T09:27:17","guid":{"rendered":"https:\/\/www.monique-mathieu.com\/maschera-per-il-viso-fai-da-te\/"},"modified":"2021-08-27T04:27:27","modified_gmt":"2021-08-27T09:27:27","slug":"maschera-per-il-viso-fai-da-te","status":"publish","type":"page","link":"https:\/\/www.monique-mathieu.com\/it\/maschera-per-il-viso-fai-da-te\/","title":{"rendered":"Maschera per il viso fai da te"},"content":{"rendered":"<div id=\"dslc-theme-content\"><div id=\"dslc-theme-content-inner\"><blockquote><p><strong>Facile maschera per il viso fai-da-te per una pelle luminosa<\/strong> &#8211; cos\u00ec la tua pelle pu\u00f2 prosperare mentre sei dentro.<\/p><\/blockquote>\n<p><img loading=\"lazy\" decoding=\"async\" class=\"alignnone size-full wp-image-7483\" src=\"https:\/\/www.monique-mathieu.com\/wp-content\/uploads\/2020\/04\/DIYMask.jpg\" alt=\"Maschera per il viso fai da te\" width=\"524\" height=\"346\"><\/p>\n<blockquote>\n<h3>La maschera idratante Cocoa Dream<\/h3>\n<\/blockquote>\n<p>Ci sono tre stelle lucenti in questa deliziosa maschera completamente commestibile, e tutte fanno miracoli per il tuo viso. L&#8217;avocado \u00e8 estremamente idratante, il cacao \u00e8 un eccellente antiossidante lenitivo per la pelle e il miele \u00e8 antibatterico e antinfiammatorio.<\/p>\n<ol>\n<li>Schiacciare un quarto di <strong>avocado<\/strong>in una piccola ciotola.<\/li>\n<li>Incorporare un cucchiaio di <strong>cacao in polvere<\/strong> e un cucchiaio di <strong>miele<\/strong>, schiacciare e mescolare bene.<\/li>\n<li>Applicare la maschera sulla pelle pulita e asciutta per 10 minuti.<\/li>\n<li>Risciacquare con acqua tiepida, quindi idratare come al solito.<\/li>\n<\/ol>\n<p>&nbsp;<\/p>\n<div class=\"commentbox\" id=\"5730669913178112-proj\"><\/div>\n<\/div><\/div>","protected":false},"excerpt":{"rendered":"<p>Facile maschera per il viso fai-da-te per una pelle luminosa &#8211; cos\u00ec la tua pelle pu\u00f2 prosperare mentre sei dentro. La maschera idratante Cocoa Dream Ci sono tre stelle lucenti in questa deliziosa maschera completamente commestibile, e tutte fanno miracoli per il tuo viso. L&#8217;avocado \u00e8 estremamente idratante, il cacao \u00e8 un eccellente antiossidante lenitivo [&hellip;]<\/p>\n","protected":false},"author":2,"featured_media":0,"parent":0,"menu_order":0,"comment_status":"open","ping_status":"closed","template":"","meta":{"footnotes":""},"class_list":["post-8769","page","type-page","status-publish","hentry"],"_links":{"self":[{"href":"https:\/\/www.monique-mathieu.com\/it\/wp-json\/wp\/v2\/pages\/8769","targetHints":{"allow":["GET"]}}],"collection":[{"href":"https:\/\/www.monique-mathieu.com\/it\/wp-json\/wp\/v2\/pages"}],"about":[{"href":"https:\/\/www.monique-mathieu.com\/it\/wp-json\/wp\/v2\/types\/page"}],"author":[{"embeddable":true,"href":"https:\/\/www.monique-mathieu.com\/it\/wp-json\/wp\/v2\/users\/2"}],"replies":[{"embeddable":true,"href":"https:\/\/www.monique-mathieu.com\/it\/wp-json\/wp\/v2\/comments?post=8769"}],"version-history":[{"count":1,"href":"https:\/\/www.monique-mathieu.com\/it\/wp-json\/wp\/v2\/pages\/8769\/revisions"}],"predecessor-version":[{"id":8770,"href":"https:\/\/www.monique-mathieu.com\/it\/wp-json\/wp\/v2\/pages\/8769\/revisions\/8770"}],"wp:attachment":[{"href":"https:\/\/www.monique-mathieu.com\/it\/wp-json\/wp\/v2\/media?parent=8769"}],"curies":[{"name":"wp","href":"https:\/\/api.w.org\/{rel}","templated":true}]}}