{"id":922,"date":"2014-12-03T15:43:52","date_gmt":"2014-12-03T20:43:52","guid":{"rendered":"http:\/\/50.22.11.20\/~moniquem\/product\/aline-2\/"},"modified":"2025-10-08T11:17:58","modified_gmt":"2025-10-08T15:17:58","slug":"aline-spa-uniform-haut","status":"publish","type":"product","link":"https:\/\/www.monique-mathieu.com\/fr\/produit\/aline-spa-uniform-haut\/","title":{"rendered":"Aline Haut"},"content":{"rendered":"<div id=\"dslc-theme-content\"><div id=\"dslc-theme-content-inner\"><p>Haut bien ajust\u00e9 avec un look classique caract\u00e9ris\u00e9 par des manches 3\/4 confortables, des boutons-pression carr\u00e9s en argent et un d\u00e9collet\u00e9 l\u00e9g\u00e8rement arrondi en V. De plus, avec deux poches profondes \u00e0 l&rsquo;avant au niveau des hanches, de longues fentes lat\u00e9rales et des inserts lat\u00e9raux \u00e9lastiques.<\/p>\n<p>Longeur mi-dos 80 cm<\/p>\n<p>Les tailles \u00e0 partir de 50 ne sont pas \u00e9changeables ou remboursables.<\/p>\n<table>\n<tbody>\n<tr>\n<td><b>Tailles<\/b><\/td>\n<td>02 &#8211; 20<\/td>\n<\/tr>\n<tr>\n<td><b> Mesures<\/b><\/td>\n<td><a href=\"\/measurement.pdf\" target=\"_blank\" rel=\"noopener\">Cliquez ici<\/a> pour le tableau des tailles<\/td>\n<\/tr>\n<tr>\n<td><b>Tissu<\/b><\/td>\n<td>Gabardine ou Piqu\u00e9 (67% polyester, 33% cotton)<\/td>\n<\/tr>\n<tr>\n<td><strong>Disponibilit\u00e9<\/strong><\/td>\n<td>blanc\/piqu\u00e9 , noir\/gabardine<\/td>\n<\/tr>\n<\/tbody>\n<\/table>\n<\/div><\/div>","protected":false},"excerpt":{"rendered":"<p>Haut bien ajust\u00e9 avec un look classique caract\u00e9ris\u00e9 par des manches 3\/4 confortables, des boutons-pression carr\u00e9s en argent et un d\u00e9collet\u00e9 l\u00e9g\u00e8rement arrondi en V. De plus, avec deux poches profondes \u00e0 l&rsquo;avant au niveau des hanches, de longues fentes lat\u00e9rales et des inserts lat\u00e9raux \u00e9lastiques.<\/p>\n<p>Longeur mi-dos 80 cm<\/p>\n<p>Les tailles \u00e0 partir de 50 ne sont pas \u00e9changeables ou remboursables.<\/p>\n<table>\n<tbody>\n<tr>\n<td><b>Tailles<\/b><\/td>\n<td>02 &#8211; 20<\/td>\n<\/tr>\n<tr>\n<td><b> Mesures<\/b><\/td>\n<td><a href=\"\/measurement.pdf\" target=\"_blank\" rel=\"noopener\">Cliquez ici<\/a> pour le tableau des tailles<\/td>\n<\/tr>\n<tr>\n<td><b>Tissu<\/b><\/td>\n<td>Gabardine ou Piqu\u00e9 (67% polyester, 33% cotton)<\/td>\n<\/tr>\n<tr>\n<td><strong>Disponibilit\u00e9<\/strong><\/td>\n<td>blanc\/piqu\u00e9 , noir\/gabardine<\/td>\n<\/tr>\n<\/tbody>\n<\/table>\n","protected":false},"featured_media":13543,"template":"","meta":[],"product_brand":[],"product_cat":[412,115],"product_tag":[431,437,485,439,480],"class_list":{"0":"post-922","1":"product","2":"type-product","3":"status-publish","4":"has-post-thumbnail","6":"product_cat-femmes","7":"product_cat-hauts","8":"product_tag-aline-top-fr","9":"product_tag-monique-mathieu-fr","10":"product_tag-uniformes-spa","11":"product_tag-spa-clothes-fr","12":"product_tag-top-des-vetements-en-ligne","13":"product_shipping_class-products-fr","14":"pa_color-blanc","15":"pa_color-noir","16":"pa_size-us-02-fr-2","17":"pa_size-us-04-fr","18":"pa_size-us-06-fr","19":"pa_size-us-08-fr","20":"pa_size-us-10-fr","21":"pa_size-us-12-fr","22":"pa_size-us-14-fr","23":"pa_size-us-16-fr","24":"pa_size-us-18-fr","25":"pa_size-us-20-fr","27":"first","28":"instock","29":"taxable","30":"shipping-taxable","31":"purchasable","32":"product-type-variable","33":"has-default-attributes"},"_links":{"self":[{"href":"https:\/\/www.monique-mathieu.com\/fr\/wp-json\/wp\/v2\/product\/922","targetHints":{"allow":["GET"]}}],"collection":[{"href":"https:\/\/www.monique-mathieu.com\/fr\/wp-json\/wp\/v2\/product"}],"about":[{"href":"https:\/\/www.monique-mathieu.com\/fr\/wp-json\/wp\/v2\/types\/product"}],"wp:featuredmedia":[{"embeddable":true,"href":"https:\/\/www.monique-mathieu.com\/fr\/wp-json\/wp\/v2\/media\/13543"}],"wp:attachment":[{"href":"https:\/\/www.monique-mathieu.com\/fr\/wp-json\/wp\/v2\/media?parent=922"}],"wp:term":[{"taxonomy":"product_brand","embeddable":true,"href":"https:\/\/www.monique-mathieu.com\/fr\/wp-json\/wp\/v2\/product_brand?post=922"},{"taxonomy":"product_cat","embeddable":true,"href":"https:\/\/www.monique-mathieu.com\/fr\/wp-json\/wp\/v2\/product_cat?post=922"},{"taxonomy":"product_tag","embeddable":true,"href":"https:\/\/www.monique-mathieu.com\/fr\/wp-json\/wp\/v2\/product_tag?post=922"}],"curies":[{"name":"wp","href":"https:\/\/api.w.org\/{rel}","templated":true}]}}