{"id":8842,"date":"2015-10-12T18:28:10","date_gmt":"2015-10-12T22:28:10","guid":{"rendered":"https:\/\/www.monique-mathieu.com\/product\/amelie-top-blanc\/"},"modified":"2025-10-08T11:20:12","modified_gmt":"2025-10-08T15:20:12","slug":"amelie-blanc-top-uniforme-spa","status":"publish","type":"product","link":"https:\/\/www.monique-mathieu.com\/fr\/produit\/amelie-blanc-top-uniforme-spa\/","title":{"rendered":"Amelie Top blanc"},"content":{"rendered":"<div id=\"dslc-theme-content\"><div id=\"dslc-theme-content-inner\"><p>Petit haut asym\u00e9trique bien coup\u00e9 avec col de style Mao et cinq boutons-pression m\u00e9talliques rectangulaires argent\u00e9s. Manches courtes, petites fentes lat\u00e9rales et une petite poche sur le c\u00f4t\u00e9 droit sous la poitrine.<\/p>\n<\/div><\/div>","protected":false},"excerpt":{"rendered":"<p>Top court asym\u00e9trique bien coup\u00e9 avec col style Mao ferm\u00e9 par des boutons carr\u00e9s en m\u00e9tal argent\u00e9 et une poche sur le c\u00f4t\u00e9 gauche. Le look moderne offre une apparence professionnelle et \u00e9l\u00e9gante.<\/p>\n<p>Longueur au milieu du dos 28 pouces (70 cm).<\/p>\n<table>\n<tbody>\n<tr>\n<td><b> Tailles US<\/b><\/td>\n<td>02 &#8211; 12<\/td>\n<\/tr>\n<tr>\n<td><b>Mesures<\/b><\/td>\n<td><a href=\"https:\/\/www.monique-mathieu.com\/measurement.pdf\" target=\"_blank\" rel=\"noopener\">Cliquez ici<\/a> pour le tableau des tailles<\/td>\n<\/tr>\n<tr>\n<td><b>Tissu<\/b><\/td>\n<td>Gabardine (67% polyester, 33% coton)<\/td>\n<\/tr>\n<tr>\n<td>Disponibilit\u00e9<\/td>\n<td>blanc\/gabardine<\/td>\n<\/tr>\n<\/tbody>\n<\/table>\n","protected":false},"featured_media":9756,"template":"","meta":[],"product_brand":[],"product_cat":[412,115],"product_tag":[],"class_list":{"0":"post-8842","1":"product","2":"type-product","3":"status-publish","4":"has-post-thumbnail","6":"product_cat-femmes","7":"product_cat-hauts","8":"product_shipping_class-products-fr","9":"pa_size-us-02-fr-2","10":"pa_size-us-04-fr","11":"pa_size-us-06-fr","12":"pa_size-us-08-fr","13":"pa_size-us-10-fr","14":"pa_size-us-12-fr","16":"first","17":"instock","18":"taxable","19":"shipping-taxable","20":"purchasable","21":"product-type-variable"},"_links":{"self":[{"href":"https:\/\/www.monique-mathieu.com\/fr\/wp-json\/wp\/v2\/product\/8842","targetHints":{"allow":["GET"]}}],"collection":[{"href":"https:\/\/www.monique-mathieu.com\/fr\/wp-json\/wp\/v2\/product"}],"about":[{"href":"https:\/\/www.monique-mathieu.com\/fr\/wp-json\/wp\/v2\/types\/product"}],"wp:featuredmedia":[{"embeddable":true,"href":"https:\/\/www.monique-mathieu.com\/fr\/wp-json\/wp\/v2\/media\/9756"}],"wp:attachment":[{"href":"https:\/\/www.monique-mathieu.com\/fr\/wp-json\/wp\/v2\/media?parent=8842"}],"wp:term":[{"taxonomy":"product_brand","embeddable":true,"href":"https:\/\/www.monique-mathieu.com\/fr\/wp-json\/wp\/v2\/product_brand?post=8842"},{"taxonomy":"product_cat","embeddable":true,"href":"https:\/\/www.monique-mathieu.com\/fr\/wp-json\/wp\/v2\/product_cat?post=8842"},{"taxonomy":"product_tag","embeddable":true,"href":"https:\/\/www.monique-mathieu.com\/fr\/wp-json\/wp\/v2\/product_tag?post=8842"}],"curies":[{"name":"wp","href":"https:\/\/api.w.org\/{rel}","templated":true}]}}