{"id":1920,"date":"2014-12-04T19:15:43","date_gmt":"2014-12-05T00:15:43","guid":{"rendered":"http:\/\/50.22.11.20\/~moniquem\/product\/gommage-glove\/"},"modified":"2025-10-08T11:20:46","modified_gmt":"2025-10-08T15:20:46","slug":"exfoliation-glove","status":"publish","type":"product","link":"https:\/\/www.monique-mathieu.com\/fr\/produit\/exfoliation-glove\/","title":{"rendered":"Gant de Hammam Exfoliant &#8211; \u00c9dition Luxe"},"content":{"rendered":"<div id=\"dslc-theme-content\"><div id=\"dslc-theme-content-inner\"><ol>\n<li>pack de 10 $<span style=\"text-decoration: line-through;\">198<\/span> $<strong>168.30<\/strong><\/li>\n<li>pack de 50 <span style=\"text-decoration: line-through;\">$990<\/span> <strong>$693.00<\/strong><\/li>\n<li>pack de 100 <span style=\"text-decoration: line-through;\">$1980<\/span> <strong>$1089<\/strong><\/li>\n<\/ol>\n<p><strong>Description:<\/strong><\/p>\n<p>Le gant est fabriqu\u00e9 dans un tissu marocain original avec un bracelet \u00e9l\u00e9gant en dentelle \u00e9lastique fran\u00e7aise.<\/p>\n<p>Emballage de luxe : Plier dans un sac en organza transparent, ferm\u00e9 par un ruban de satin \u00e0 logo imprim\u00e9. Instructions d&rsquo;utilisation imprim\u00e9es sur l&rsquo;\u00e9tiquette.<\/p>\n<p>Convient pour la vente au d\u00e9tail et merveilleux cadeau pour vos clients fid\u00e8les ou lors d&rsquo;\u00e9v\u00e9nements.<\/p>\n<p><strong>Avantages:<\/strong><\/p>\n<p>\u2022 Fort soutien anti-\u00e2ge et r\u00e9g\u00e9n\u00e9ration de la peau<\/p>\n<p>\u2022 D\u00e9bouche les pores et \u00e9limine les cellules mortes de la peau pour r\u00e9v\u00e9ler une peau plus lisse, plus radieuse et visiblement plus jeune<\/p>\n<p>\u2022 Clarifie le teint et \u00e9quilibre le teint et la texture de la peau<\/p>\n<p>\u2022 Favorise l&rsquo;\u00e9lasticit\u00e9 de la peau et la production de collag\u00e8ne<\/p>\n<p>\u2022 Aide \u00e0 \u00e9liminer les toxines nocives qui s&rsquo;accumulent au quotidien<\/p>\n<p>\u2022 Am\u00e9liore l&rsquo;absorption des produits de beaut\u00e9 et de soins de la peau pour les rendre plus efficaces<\/p>\n<p>\u2022 Peut-\u00eatre utilis\u00e9 par tous les \u00e2ges.<\/p>\n<\/div><\/div>","protected":false},"excerpt":{"rendered":"<ol>\n<li>pack de 10 $<span style=\"text-decoration: line-through;\">198<\/span> $<strong>168.30<\/strong><\/li>\n<li>pack de 50 <span style=\"text-decoration: line-through;\">$990<\/span> <strong>$693.00<\/strong><\/li>\n<li>pack de 100 <span style=\"text-decoration: line-through;\">$1980<\/span> <strong>$1089<\/strong><\/li>\n<\/ol>\n<p><strong>Description:<\/strong><\/p>\n<p>Le gant est fabriqu\u00e9 dans un tissu marocain original avec un bracelet \u00e9l\u00e9gant en dentelle \u00e9lastique fran\u00e7aise.<\/p>\n<p>Emballage de luxe : Plier dans un sac en organza transparent, ferm\u00e9 par un ruban de satin \u00e0 logo imprim\u00e9. Instructions d&rsquo;utilisation imprim\u00e9es sur l&rsquo;\u00e9tiquette.<\/p>\n<p>Convient pour la vente au d\u00e9tail et merveilleux cadeau pour vos clients fid\u00e8les ou lors d&rsquo;\u00e9v\u00e9nements.<\/p>\n<p><strong>Avantages<\/strong><\/p>\n<p>\u2022 Fort soutien anti-\u00e2ge et r\u00e9g\u00e9n\u00e9ration de la peau<\/p>\n<p>\u2022 D\u00e9bouche les pores et \u00e9limine les cellules mortes de la peau pour r\u00e9v\u00e9ler une peau plus lisse, plus radieuse et visiblement plus jeune<\/p>\n<p>\u2022 Clarifie le teint et \u00e9quilibre le teint et la texture de la peau<\/p>\n<p>\u2022 Favorise l&rsquo;\u00e9lasticit\u00e9 de la peau et la production de collag\u00e8ne<\/p>\n<p>\u2022 Aide \u00e0 \u00e9liminer les toxines nocives qui s&rsquo;accumulent au quotidien<\/p>\n<p>\u2022 Am\u00e9liore l&rsquo;absorption des produits de beaut\u00e9 et de soins de la peau pour les rendre plus efficaces<\/p>\n<p>\u2022 Stimule la circulation sanguine<\/p>\n","protected":false},"featured_media":9896,"template":"","meta":[],"product_brand":[],"product_cat":[71],"product_tag":[],"class_list":{"0":"post-1920","1":"product","2":"type-product","3":"status-publish","4":"has-post-thumbnail","6":"product_cat-accessoires","7":"product_shipping_class-products-fr","8":"pa_color-blanc","9":"pa_color-lind-vert","11":"first","12":"instock","13":"taxable","14":"shipping-taxable","15":"purchasable","16":"product-type-variable"},"_links":{"self":[{"href":"https:\/\/www.monique-mathieu.com\/fr\/wp-json\/wp\/v2\/product\/1920","targetHints":{"allow":["GET"]}}],"collection":[{"href":"https:\/\/www.monique-mathieu.com\/fr\/wp-json\/wp\/v2\/product"}],"about":[{"href":"https:\/\/www.monique-mathieu.com\/fr\/wp-json\/wp\/v2\/types\/product"}],"wp:featuredmedia":[{"embeddable":true,"href":"https:\/\/www.monique-mathieu.com\/fr\/wp-json\/wp\/v2\/media\/9896"}],"wp:attachment":[{"href":"https:\/\/www.monique-mathieu.com\/fr\/wp-json\/wp\/v2\/media?parent=1920"}],"wp:term":[{"taxonomy":"product_brand","embeddable":true,"href":"https:\/\/www.monique-mathieu.com\/fr\/wp-json\/wp\/v2\/product_brand?post=1920"},{"taxonomy":"product_cat","embeddable":true,"href":"https:\/\/www.monique-mathieu.com\/fr\/wp-json\/wp\/v2\/product_cat?post=1920"},{"taxonomy":"product_tag","embeddable":true,"href":"https:\/\/www.monique-mathieu.com\/fr\/wp-json\/wp\/v2\/product_tag?post=1920"}],"curies":[{"name":"wp","href":"https:\/\/api.w.org\/{rel}","templated":true}]}}