{"id":1801,"date":"2014-12-04T18:18:59","date_gmt":"2014-12-04T23:18:59","guid":{"rendered":"http:\/\/50.22.11.20\/~moniquem\/product\/art-5\/"},"modified":"2025-10-08T11:20:54","modified_gmt":"2025-10-08T15:20:54","slug":"art-homme-top-uniforme","status":"publish","type":"product","link":"https:\/\/www.monique-mathieu.com\/fr\/produit\/art-homme-top-uniforme\/","title":{"rendered":"Art Top"},"content":{"rendered":"<div id=\"dslc-theme-content\"><div id=\"dslc-theme-content-inner\"><\/div><\/div>","protected":false},"excerpt":{"rendered":"<p>Veste col mao asym\u00e9trique ferm\u00e9e par des pressions m\u00e9talliques carr\u00e9es. Une fente de chaque c\u00f4t\u00e9 et en plus une poche sur le c\u00f4t\u00e9 gauche au niveau des hanches.<\/p>\n<p>Longeur mi-dos 80 cm<\/p>\n<p>Autres couleurs disponibles sur demande pour une quantit\u00e9 minimum de 20 pi\u00e8ces command\u00e9es.<\/p>\n<p>Les tailles \u00e0 partir de 50 ne sont pas \u00e9changeables ou remboursables.<\/p>\n<table>\n<tbody>\n<tr>\n<td><b> Tailles US<\/b><\/td>\n<td>Small, Medium, Large, X-Large<\/td>\n<\/tr>\n<tr>\n<td><b>Mesures<\/b><\/td>\n<td><a href=\"\/measurement.pdf\" target=\"_blank\" rel=\"noopener\">Cliquez ici<\/a> pour le tableau des tailles<\/td>\n<\/tr>\n<tr>\n<td><b>Tissu<\/b><\/td>\n<td>Gabardine<\/td>\n<\/tr>\n<tr>\n<td><strong>Disponibilit\u00e9<\/strong><\/td>\n<td>blanc\/gabardine, noir\/gabardine<\/td>\n<\/tr>\n<\/tbody>\n<\/table>\n","protected":false},"featured_media":9766,"template":"","meta":[],"product_brand":[],"product_cat":[115,411],"product_tag":[],"class_list":{"0":"post-1801","1":"product","2":"type-product","3":"status-publish","4":"has-post-thumbnail","6":"product_cat-hauts","7":"product_cat-hommes","8":"product_shipping_class-products-fr","9":"pa_color-blanc","10":"pa_color-noir","11":"pa_size-large-fr-2","12":"pa_size-medium-fr-2","13":"pa_size-small-fr-2","15":"first","16":"instock","17":"taxable","18":"shipping-taxable","19":"purchasable","20":"product-type-variable"},"_links":{"self":[{"href":"https:\/\/www.monique-mathieu.com\/fr\/wp-json\/wp\/v2\/product\/1801","targetHints":{"allow":["GET"]}}],"collection":[{"href":"https:\/\/www.monique-mathieu.com\/fr\/wp-json\/wp\/v2\/product"}],"about":[{"href":"https:\/\/www.monique-mathieu.com\/fr\/wp-json\/wp\/v2\/types\/product"}],"wp:featuredmedia":[{"embeddable":true,"href":"https:\/\/www.monique-mathieu.com\/fr\/wp-json\/wp\/v2\/media\/9766"}],"wp:attachment":[{"href":"https:\/\/www.monique-mathieu.com\/fr\/wp-json\/wp\/v2\/media?parent=1801"}],"wp:term":[{"taxonomy":"product_brand","embeddable":true,"href":"https:\/\/www.monique-mathieu.com\/fr\/wp-json\/wp\/v2\/product_brand?post=1801"},{"taxonomy":"product_cat","embeddable":true,"href":"https:\/\/www.monique-mathieu.com\/fr\/wp-json\/wp\/v2\/product_cat?post=1801"},{"taxonomy":"product_tag","embeddable":true,"href":"https:\/\/www.monique-mathieu.com\/fr\/wp-json\/wp\/v2\/product_tag?post=1801"}],"curies":[{"name":"wp","href":"https:\/\/api.w.org\/{rel}","templated":true}]}}