{"id":1569,"date":"2014-12-04T17:01:52","date_gmt":"2014-12-04T22:01:52","guid":{"rendered":"http:\/\/50.22.11.20\/~moniquem\/product\/zoe-5\/"},"modified":"2025-10-08T11:21:14","modified_gmt":"2025-10-08T15:21:14","slug":"zoe-top-spa-uniform-femmes","status":"publish","type":"product","link":"https:\/\/www.monique-mathieu.com\/fr\/produit\/zoe-top-spa-uniform-femmes\/","title":{"rendered":"Zoe Top"},"content":{"rendered":"<div id=\"dslc-theme-content\"><div id=\"dslc-theme-content-inner\"><\/div><\/div>","protected":false},"excerpt":{"rendered":"<p>Top sans poche \u00e0 manches courtes avec un col style Mao, une fermeture devant par des boutons m\u00e9talliques \u00e0 double barrette et de longues fentes devant et de chaque c\u00f4t\u00e9. De plus, avec un pli creux au milieu du dos pour une plus grande libert\u00e9 de mouvement.<\/p>\n<p>Longueur au milieu du dos 32 pouces (81 cm).<\/p>\n<p>Pas en stock &#8211; Uniquement sur demande + 15% suppl\u00e9mentaires sur le prix de vente<\/p>\n<p>Autres couleurs disponibles sur demande pour une quantit\u00e9 minimum de 20 pi\u00e8ces command\u00e9es.<\/p>\n<p>Les tailles \u00e0 partir de 50 ne sont pas \u00e9changeables ou remboursables.<\/p>\n<table>\n<tbody>\n<tr>\n<td><b> Tailles US<\/b><\/td>\n<td>02 &#8211; 20<\/td>\n<\/tr>\n<tr>\n<td><b>Mesures<\/b><\/td>\n<td><a href=\"\/measurement.pdf\" target=\"_blank\" rel=\"noopener\">Cliquez ici<\/a> pour le tableau des tailles<\/td>\n<\/tr>\n<tr>\n<td><b>Tissu<\/b><\/td>\n<td>Gabardine<\/td>\n<\/tr>\n<tr>\n<td><b>Disponibilit\u00e9<\/b><\/td>\n<td>blanc\/gabardine, noir\/gabardine<\/td>\n<\/tr>\n<\/tbody>\n<\/table>\n","protected":false},"featured_media":10241,"template":"","meta":[],"product_brand":[],"product_cat":[412,115],"product_tag":[],"class_list":{"0":"post-1569","1":"product","2":"type-product","3":"status-publish","4":"has-post-thumbnail","6":"product_cat-femmes","7":"product_cat-hauts","8":"product_shipping_class-products-fr","9":"pa_color-blanc","10":"pa_color-noir","11":"pa_size-us-02-fr-2","12":"pa_size-us-04-fr","13":"pa_size-us-06-fr","14":"pa_size-us-08-fr","15":"pa_size-us-10-fr","16":"pa_size-us-12-fr","17":"pa_size-us-14-fr","18":"pa_size-us-16-fr","19":"pa_size-us-18-fr","20":"pa_size-us-20-fr","22":"first","23":"instock","24":"taxable","25":"shipping-taxable","26":"purchasable","27":"product-type-variable"},"_links":{"self":[{"href":"https:\/\/www.monique-mathieu.com\/fr\/wp-json\/wp\/v2\/product\/1569","targetHints":{"allow":["GET"]}}],"collection":[{"href":"https:\/\/www.monique-mathieu.com\/fr\/wp-json\/wp\/v2\/product"}],"about":[{"href":"https:\/\/www.monique-mathieu.com\/fr\/wp-json\/wp\/v2\/types\/product"}],"wp:featuredmedia":[{"embeddable":true,"href":"https:\/\/www.monique-mathieu.com\/fr\/wp-json\/wp\/v2\/media\/10241"}],"wp:attachment":[{"href":"https:\/\/www.monique-mathieu.com\/fr\/wp-json\/wp\/v2\/media?parent=1569"}],"wp:term":[{"taxonomy":"product_brand","embeddable":true,"href":"https:\/\/www.monique-mathieu.com\/fr\/wp-json\/wp\/v2\/product_brand?post=1569"},{"taxonomy":"product_cat","embeddable":true,"href":"https:\/\/www.monique-mathieu.com\/fr\/wp-json\/wp\/v2\/product_cat?post=1569"},{"taxonomy":"product_tag","embeddable":true,"href":"https:\/\/www.monique-mathieu.com\/fr\/wp-json\/wp\/v2\/product_tag?post=1569"}],"curies":[{"name":"wp","href":"https:\/\/api.w.org\/{rel}","templated":true}]}}