{"id":15320,"date":"2015-10-12T12:48:52","date_gmt":"2015-10-12T16:48:52","guid":{"rendered":"https:\/\/www.monique-mathieu.com\/product\/iris-robe-blanche\/"},"modified":"2025-10-08T11:20:15","modified_gmt":"2025-10-08T15:20:15","slug":"iris-blanc-robe-spa-uniforme","status":"publish","type":"product","link":"https:\/\/www.monique-mathieu.com\/fr\/produit\/iris-blanc-robe-spa-uniforme\/","title":{"rendered":"Iris &#8211; Robe Blanche"},"content":{"rendered":"<div id=\"dslc-theme-content\"><div id=\"dslc-theme-content-inner\"><\/div><\/div>","protected":false},"excerpt":{"rendered":"<p>Robe bien ajust\u00e9e au look classique caract\u00e9ris\u00e9e par des manches courtes confortables, des boutons ronds blancs et un col carr\u00e9. De plus, avec deux poches profondes \u00e0 l&rsquo;avant au niveau des hanches et une poche sur la poitrine gauche.<\/p>\n<p>Longueur au milieu du dos 37 pouces.<\/p>\n<p>Autres couleurs disponibles sur demande pour une quantit\u00e9 minimum de 20 pi\u00e8ces command\u00e9es.<\/p>\n<p>Les articles sold\u00e9s ne sont ni \u00e9changeables ni remboursables.<\/p>\n<table>\n<tbody>\n<tr>\n<td><b>Tailles<\/b><\/td>\n<td>04-10-12-14-16-18<\/td>\n<\/tr>\n<tr>\n<td><b> Mesures<\/b><\/td>\n<td><a href=\"https:\/\/www.monique-mathieu.com\/measurement.pdf\" target=\"_blank\" rel=\"noopener\">Cliquez ici<\/a> pour le tableau des tailles<\/td>\n<\/tr>\n<tr>\n<td><b>Tissu<\/b><\/td>\n<td> Piqu\u00e9 (67 % polyester, 33 % coton)<\/td>\n<\/tr>\n<tr>\n<td><strong>Disponibilit\u00e9<\/strong><\/td>\n<td>blanc\/piqu\u00e9<\/td>\n<\/tr>\n<\/tbody>\n<\/table>\n","protected":false},"featured_media":9916,"template":"","meta":[],"product_brand":[],"product_cat":[1541],"product_tag":[],"class_list":{"0":"post-15320","1":"product","2":"type-product","3":"status-publish","4":"has-post-thumbnail","6":"product_cat-robes","7":"product_shipping_class-products-fr","8":"pa_size-us-04-fr","9":"pa_size-us-06-fr","10":"pa_size-us-08-fr","11":"pa_size-us-10-fr","12":"pa_size-us-12-fr","13":"pa_size-us-14-fr","14":"pa_size-us-16-fr","15":"pa_size-us-18-fr","17":"first","18":"instock","19":"sale","20":"featured","21":"taxable","22":"shipping-taxable","23":"purchasable","24":"product-type-variable"},"_links":{"self":[{"href":"https:\/\/www.monique-mathieu.com\/fr\/wp-json\/wp\/v2\/product\/15320","targetHints":{"allow":["GET"]}}],"collection":[{"href":"https:\/\/www.monique-mathieu.com\/fr\/wp-json\/wp\/v2\/product"}],"about":[{"href":"https:\/\/www.monique-mathieu.com\/fr\/wp-json\/wp\/v2\/types\/product"}],"wp:featuredmedia":[{"embeddable":true,"href":"https:\/\/www.monique-mathieu.com\/fr\/wp-json\/wp\/v2\/media\/9916"}],"wp:attachment":[{"href":"https:\/\/www.monique-mathieu.com\/fr\/wp-json\/wp\/v2\/media?parent=15320"}],"wp:term":[{"taxonomy":"product_brand","embeddable":true,"href":"https:\/\/www.monique-mathieu.com\/fr\/wp-json\/wp\/v2\/product_brand?post=15320"},{"taxonomy":"product_cat","embeddable":true,"href":"https:\/\/www.monique-mathieu.com\/fr\/wp-json\/wp\/v2\/product_cat?post=15320"},{"taxonomy":"product_tag","embeddable":true,"href":"https:\/\/www.monique-mathieu.com\/fr\/wp-json\/wp\/v2\/product_tag?post=15320"}],"curies":[{"name":"wp","href":"https:\/\/api.w.org\/{rel}","templated":true}]}}