{"id":15243,"date":"2016-05-11T15:19:29","date_gmt":"2016-05-11T19:19:29","guid":{"rendered":"https:\/\/www.monique-mathieu.com\/product\/daisy-robe\/"},"modified":"2025-10-08T11:20:06","modified_gmt":"2025-10-08T15:20:06","slug":"daisy-robe","status":"publish","type":"product","link":"https:\/\/www.monique-mathieu.com\/fr\/produit\/daisy-robe\/","title":{"rendered":"Daisy-Robe"},"content":{"rendered":"<div id=\"dslc-theme-content\"><div id=\"dslc-theme-content-inner\"><p>Robe avec deux poches. Bretelles r\u00e9glables, fix\u00e9es par un bouton pression de chaque c\u00f4t\u00e9, empi\u00e8cement matelass\u00e9 tout autour de l&rsquo;ourlet. Disponible en blanc ou en noir avec bordure blanche.<\/p>\n<p>(Robe noire avec bords blancs uniquement disponible sur demande et 15% suppl\u00e9mentaires sur le prix de vente)<\/p>\n<p>Autres couleurs disponibles sur demande pour une quantit\u00e9 minimum de 20 pi\u00e8ces command\u00e9es.<\/p>\n<p>Les tailles \u00e0 partir de 50 ne sont pas \u00e9changeables ou remboursables.<\/p>\n<table>\n<tbody>\n<tr>\n<td><b>Tailles<\/b><\/td>\n<td>02 &#8211; 14<\/td>\n<\/tr>\n<tr>\n<td><b> Mesures<\/b><\/td>\n<td><a href=\"\/measurement.pdf\" target=\"_blank\" rel=\"noopener\">Cliquez ici<\/a> pour le tableau des tailles<\/td>\n<\/tr>\n<tr>\n<td><b>Tissu<\/b><\/td>\n<td>Gabardine<\/td>\n<\/tr>\n<tr>\n<td><strong>Disponibilit\u00e9<\/strong><\/td>\n<td>blanc \/ gabardine , noir \/ gabardine<\/td>\n<\/tr>\n<\/tbody>\n<\/table>\n<\/div><\/div>","protected":false},"excerpt":{"rendered":"<p>Robe \u00e0 deux poches et bretelles r\u00e9glables, fix\u00e9es par un bouton pression de chaque c\u00f4t\u00e9, empi\u00e8cement matelass\u00e9 tout autour de l&rsquo;ourlet. Disponible en blanc ou en noir avec bordure blanche.<\/p>\n<p>(Robe noire avec bords blancs uniquement disponible sur demande et 15% suppl\u00e9mentaires sur le prix de vente)<\/p>\n<p>Autres couleurs disponibles sur demande pour une quantit\u00e9 minimum de 20 pi\u00e8ces command\u00e9es.<\/p>\n<p>Les tailles \u00e0 partir de 50 ne sont pas \u00e9changeables ou remboursables.<\/p>\n<table>\n<tbody>\n<tr>\n<td><b>Tailles<\/b><\/td>\n<td>02 &#8211; 14<\/td>\n<\/tr>\n<tr>\n<td><b> Mesures<\/b><\/td>\n<td><a href=\"\/measurement.pdf\" target=\"_blank\" rel=\"noopener\">Cliquez ici<\/a> pour le tableau des tailles<\/td>\n<\/tr>\n<tr>\n<td><b>Tissu<\/b><\/td>\n<td>Gabardine<\/td>\n<\/tr>\n<tr>\n<td><strong>Disponibilit\u00e9<\/strong><\/td>\n<td>blanc \/ gabardine , noir \/ gabardine<\/td>\n<\/tr>\n<\/tbody>\n<\/table>\n","protected":false},"featured_media":9866,"template":"","meta":[],"product_brand":[],"product_cat":[1541],"product_tag":[467,459,471,1522,440,1523,1521],"class_list":{"0":"post-15243","1":"product","2":"type-product","3":"status-publish","4":"has-post-thumbnail","6":"product_cat-robes","7":"product_tag-daisy-fr","8":"product_tag-tablier","9":"product_tag-daisy-tablier","10":"product_tag-uniforme-de-spa-fr","11":"product_tag-spa-uniform-fr","12":"product_tag-vetements-de-qualite-superieurs","13":"product_tag-vetements-spa","14":"product_shipping_class-products-fr","15":"pa_color-blanc-gabardine","16":"pa_color-noir","17":"pa_size-us-02-fr-2","18":"pa_size-us-04-fr","19":"pa_size-us-06-fr","20":"pa_size-us-08-fr","21":"pa_size-us-10-fr","22":"pa_size-us-12-fr","23":"pa_size-us-14-fr","25":"first","26":"instock","27":"taxable","28":"shipping-taxable","29":"purchasable","30":"product-type-variable"},"_links":{"self":[{"href":"https:\/\/www.monique-mathieu.com\/fr\/wp-json\/wp\/v2\/product\/15243","targetHints":{"allow":["GET"]}}],"collection":[{"href":"https:\/\/www.monique-mathieu.com\/fr\/wp-json\/wp\/v2\/product"}],"about":[{"href":"https:\/\/www.monique-mathieu.com\/fr\/wp-json\/wp\/v2\/types\/product"}],"wp:featuredmedia":[{"embeddable":true,"href":"https:\/\/www.monique-mathieu.com\/fr\/wp-json\/wp\/v2\/media\/9866"}],"wp:attachment":[{"href":"https:\/\/www.monique-mathieu.com\/fr\/wp-json\/wp\/v2\/media?parent=15243"}],"wp:term":[{"taxonomy":"product_brand","embeddable":true,"href":"https:\/\/www.monique-mathieu.com\/fr\/wp-json\/wp\/v2\/product_brand?post=15243"},{"taxonomy":"product_cat","embeddable":true,"href":"https:\/\/www.monique-mathieu.com\/fr\/wp-json\/wp\/v2\/product_cat?post=15243"},{"taxonomy":"product_tag","embeddable":true,"href":"https:\/\/www.monique-mathieu.com\/fr\/wp-json\/wp\/v2\/product_tag?post=15243"}],"curies":[{"name":"wp","href":"https:\/\/api.w.org\/{rel}","templated":true}]}}