{"id":1370,"date":"2014-12-04T16:44:03","date_gmt":"2014-12-04T21:44:03","guid":{"rendered":"http:\/\/50.22.11.20\/~moniquem\/product\/sena-2\/"},"modified":"2023-04-29T09:22:25","modified_gmt":"2023-04-29T13:22:25","slug":"sena-spa-uniform-top","status":"publish","type":"product","link":"https:\/\/www.monique-mathieu.com\/fr\/produit\/sena-spa-uniform-top\/","title":{"rendered":"Sena Top"},"content":{"rendered":"<div id=\"dslc-theme-content\"><div id=\"dslc-theme-content-inner\"><\/div><\/div>","protected":false},"excerpt":{"rendered":"<p>Top asym\u00e9trique \u00e0 manches courtes kimono bien coup\u00e9 ferm\u00e9 par des boutons pression carr\u00e9s argent\u00e9s m\u00e9tallis\u00e9s et une poche de chaque c\u00f4t\u00e9. De plus, avec des inserts lat\u00e9raux \u00e9lastiques pour un meilleur mouvement. Le look moderne offre une apparence professionnelle et \u00e9l\u00e9gante.<\/p>\n<p>Longueur au milieu du dos 28 pouces (70 cm).<\/p>\n<p>Les tailles \u00e0 partir de 50 ne sont pas \u00e9changeables ou remboursables.<\/p>\n<table>\n<tbody>\n<tr>\n<td><b> Tailles US<\/b><\/td>\n<td>02 &#8211; 20<\/td>\n<\/tr>\n<tr>\n<td><b>Mesures<\/b><\/td>\n<td><a href=\"\/measurement.pdf\" target=\"_blank\" rel=\"noopener\">Cliquez ici<\/a> pour le tableau des tailles<\/td>\n<\/tr>\n<tr>\n<td><b>Tissu<\/b><\/td>\n<td>Piqu\u00e9 (67 % polyester, 33 % coton)<\/td>\n<\/tr>\n<tr>\n<td>Disponibilit\u00e9<\/td>\n<td>blanc\/piqu\u00e9, noir\/piqu\u00e9<\/td>\n<\/tr>\n<\/tbody>\n<\/table>\n","protected":false},"featured_media":10106,"template":"","meta":[],"product_brand":[],"product_cat":[412,115],"product_tag":[],"class_list":{"0":"post-1370","1":"product","2":"type-product","3":"status-publish","4":"has-post-thumbnail","6":"product_cat-femmes","7":"product_cat-hauts","8":"product_shipping_class-products-fr","10":"pa_color-blanc","11":"pa_color-noir","12":"pa_size-us-02-fr-2","13":"pa_size-us-04-fr","14":"pa_size-us-06-fr","15":"pa_size-us-08-fr","16":"pa_size-us-10-fr","17":"pa_size-us-12-fr","18":"pa_size-us-14-fr","19":"pa_size-us-16-fr","20":"pa_size-us-18-fr","21":"pa_size-us-20-fr","23":"first","24":"instock","25":"taxable","26":"shipping-taxable","27":"purchasable","28":"product-type-variable"},"_links":{"self":[{"href":"https:\/\/www.monique-mathieu.com\/fr\/wp-json\/wp\/v2\/product\/1370","targetHints":{"allow":["GET"]}}],"collection":[{"href":"https:\/\/www.monique-mathieu.com\/fr\/wp-json\/wp\/v2\/product"}],"about":[{"href":"https:\/\/www.monique-mathieu.com\/fr\/wp-json\/wp\/v2\/types\/product"}],"wp:featuredmedia":[{"embeddable":true,"href":"https:\/\/www.monique-mathieu.com\/fr\/wp-json\/wp\/v2\/media\/10106"}],"wp:attachment":[{"href":"https:\/\/www.monique-mathieu.com\/fr\/wp-json\/wp\/v2\/media?parent=1370"}],"wp:term":[{"taxonomy":"product_brand","embeddable":true,"href":"https:\/\/www.monique-mathieu.com\/fr\/wp-json\/wp\/v2\/product_brand?post=1370"},{"taxonomy":"product_cat","embeddable":true,"href":"https:\/\/www.monique-mathieu.com\/fr\/wp-json\/wp\/v2\/product_cat?post=1370"},{"taxonomy":"product_tag","embeddable":true,"href":"https:\/\/www.monique-mathieu.com\/fr\/wp-json\/wp\/v2\/product_tag?post=1370"}],"curies":[{"name":"wp","href":"https:\/\/api.w.org\/{rel}","templated":true}]}}