{"id":1317,"date":"2014-12-04T15:49:28","date_gmt":"2014-12-04T20:49:28","guid":{"rendered":"http:\/\/50.22.11.20\/~moniquem\/product\/monza-4\/"},"modified":"2025-10-08T11:17:20","modified_gmt":"2025-10-08T15:17:20","slug":"monza-spa-uniforme-top","status":"publish","type":"product","link":"https:\/\/www.monique-mathieu.com\/fr\/produit\/monza-spa-uniforme-top\/","title":{"rendered":"Blouse de laboratoire Monza"},"content":{"rendered":"<div id=\"dslc-theme-content\"><div id=\"dslc-theme-content-inner\"><\/div><\/div>","protected":false},"excerpt":{"rendered":"<p>Blouse de laboratoire longueur genou avec manches longues termin\u00e9es par des poignets \u00e9lastiques, un col mao et une fermeture \u00e0 boutons cach\u00e9s sur le devant. Elle poss\u00e8de \u00e9galement deux poches plaqu\u00e9es sur la poitrine et deux poches plaqu\u00e9es au bas des hanches pour transporter tous vos objets essentiels et une demi-ceinture \u00e0 l&rsquo;arri\u00e8re du manteau.<\/p>\n<p>Longueur au milieu du dos 99cm (39 pouces).<\/p>\n<p>Autres couleurs disponibles sur demande pour une quantit\u00e9 minimum de 20 pi\u00e8ces command\u00e9es.<\/p>\n<p>Les tailles \u00e0 partir de 50 ne sont pas \u00e9changeables ou remboursables.<\/p>\n<table>\n<tbody>\n<tr>\n<td><b>Tailles<\/b><\/td>\n<td>Small, Medium, Large, X-Large<\/td>\n<\/tr>\n<tr>\n<td><b> Mesures<\/b><\/td>\n<td><a href=\"\/measurement.pdf\" target=\"_blank\" rel=\"noopener\">Cliquez ici<\/a> pour le tableau des tailles<\/td>\n<\/tr>\n<tr>\n<td><b>Tissu<\/b><\/td>\n<td>Gabardine<\/td>\n<\/tr>\n<tr>\n<td><strong>Disponibilit\u00e9<\/strong><\/td>\n<td>blanc\/gabardine<\/td>\n<\/tr>\n<\/tbody>\n<\/table>\n","protected":false},"featured_media":10016,"template":"","meta":[],"product_brand":[],"product_cat":[78],"product_tag":[],"class_list":{"0":"post-1317","1":"product","2":"type-product","3":"status-publish","4":"has-post-thumbnail","6":"product_cat-sarraus","7":"product_shipping_class-products-fr","8":"pa_size-large-fr-2","9":"pa_size-medium-fr-2","10":"pa_size-small-fr-2","11":"pa_size-xl-fr-2","13":"first","14":"instock","15":"taxable","16":"shipping-taxable","17":"purchasable","18":"product-type-variable"},"_links":{"self":[{"href":"https:\/\/www.monique-mathieu.com\/fr\/wp-json\/wp\/v2\/product\/1317","targetHints":{"allow":["GET"]}}],"collection":[{"href":"https:\/\/www.monique-mathieu.com\/fr\/wp-json\/wp\/v2\/product"}],"about":[{"href":"https:\/\/www.monique-mathieu.com\/fr\/wp-json\/wp\/v2\/types\/product"}],"wp:featuredmedia":[{"embeddable":true,"href":"https:\/\/www.monique-mathieu.com\/fr\/wp-json\/wp\/v2\/media\/10016"}],"wp:attachment":[{"href":"https:\/\/www.monique-mathieu.com\/fr\/wp-json\/wp\/v2\/media?parent=1317"}],"wp:term":[{"taxonomy":"product_brand","embeddable":true,"href":"https:\/\/www.monique-mathieu.com\/fr\/wp-json\/wp\/v2\/product_brand?post=1317"},{"taxonomy":"product_cat","embeddable":true,"href":"https:\/\/www.monique-mathieu.com\/fr\/wp-json\/wp\/v2\/product_cat?post=1317"},{"taxonomy":"product_tag","embeddable":true,"href":"https:\/\/www.monique-mathieu.com\/fr\/wp-json\/wp\/v2\/product_tag?post=1317"}],"curies":[{"name":"wp","href":"https:\/\/api.w.org\/{rel}","templated":true}]}}