{"id":1262,"date":"2014-12-04T15:40:45","date_gmt":"2014-12-04T20:40:45","guid":{"rendered":"http:\/\/50.22.11.20\/~moniquem\/product\/lina-2\/"},"modified":"2025-10-08T11:17:23","modified_gmt":"2025-10-08T15:17:23","slug":"lina-spa-uniform-top","status":"publish","type":"product","link":"https:\/\/www.monique-mathieu.com\/fr\/produit\/lina-spa-uniform-top\/","title":{"rendered":"Lina Top"},"content":{"rendered":"<div id=\"dslc-theme-content\"><div id=\"dslc-theme-content-inner\"><\/div><\/div>","protected":false},"excerpt":{"rendered":"<p>El\u00e9gant top \u00e0 manches courtes avec un joli ras du cou mixte et un col en V ferm\u00e9 par quatre boutons m\u00e9talliques \u00e0 double barrette. De plus avec des fentes lat\u00e9rales et des poches lat\u00e9rales des deux c\u00f4t\u00e9s.<\/p>\n<p>Longueur au milieu du dos 28 pouces (72 cm).<\/p>\n<p>Autres couleurs disponibles sur demande pour une quantit\u00e9 minimum de 20 pi\u00e8ces command\u00e9es.<\/p>\n<p>Les tailles \u00e0 partir de 50 ne sont pas \u00e9changeables ou remboursables.<\/p>\n<table>\n<tbody>\n<tr>\n<td><b>Tailles<\/b><\/td>\n<td>02 &#8211; 20<\/td>\n<\/tr>\n<tr>\n<td><b> Mesures<\/b><\/td>\n<td><a href=\"\/measurement.pdf\" target=\"_blank\" rel=\"noopener\">Cliquez ici<\/a> pour le tableau des tailles<\/td>\n<\/tr>\n<tr>\n<td><b>Tissu<\/b><\/td>\n<td>Gabardine ou Piqu\u00e9 (67% polyester, 33% cotton)<\/td>\n<\/tr>\n<tr>\n<td><strong>Disponibilit\u00e9<\/strong><\/td>\n<td>blanc\/piqu\u00e9 , noir\/gabardine<\/td>\n<\/tr>\n<\/tbody>\n<\/table>\n","protected":false},"featured_media":9986,"template":"","meta":[],"product_brand":[],"product_cat":[412,115],"product_tag":[],"class_list":{"0":"post-1262","1":"product","2":"type-product","3":"status-publish","4":"has-post-thumbnail","6":"product_cat-femmes","7":"product_cat-hauts","8":"product_shipping_class-products-fr","9":"pa_color-blanc","10":"pa_color-champagne-fr","11":"pa_color-noir","12":"pa_size-us-02-fr-2","13":"pa_size-us-04-fr","14":"pa_size-us-06-fr","15":"pa_size-us-08-fr","16":"pa_size-us-10-fr","17":"pa_size-us-12-fr","18":"pa_size-us-14-fr","19":"pa_size-us-16-fr","20":"pa_size-us-18-fr","21":"pa_size-us-20-fr","23":"first","24":"instock","25":"taxable","26":"shipping-taxable","27":"purchasable","28":"product-type-variable"},"_links":{"self":[{"href":"https:\/\/www.monique-mathieu.com\/fr\/wp-json\/wp\/v2\/product\/1262","targetHints":{"allow":["GET"]}}],"collection":[{"href":"https:\/\/www.monique-mathieu.com\/fr\/wp-json\/wp\/v2\/product"}],"about":[{"href":"https:\/\/www.monique-mathieu.com\/fr\/wp-json\/wp\/v2\/types\/product"}],"wp:featuredmedia":[{"embeddable":true,"href":"https:\/\/www.monique-mathieu.com\/fr\/wp-json\/wp\/v2\/media\/9986"}],"wp:attachment":[{"href":"https:\/\/www.monique-mathieu.com\/fr\/wp-json\/wp\/v2\/media?parent=1262"}],"wp:term":[{"taxonomy":"product_brand","embeddable":true,"href":"https:\/\/www.monique-mathieu.com\/fr\/wp-json\/wp\/v2\/product_brand?post=1262"},{"taxonomy":"product_cat","embeddable":true,"href":"https:\/\/www.monique-mathieu.com\/fr\/wp-json\/wp\/v2\/product_cat?post=1262"},{"taxonomy":"product_tag","embeddable":true,"href":"https:\/\/www.monique-mathieu.com\/fr\/wp-json\/wp\/v2\/product_tag?post=1262"}],"curies":[{"name":"wp","href":"https:\/\/api.w.org\/{rel}","templated":true}]}}