{"id":1191,"date":"2014-12-04T15:28:20","date_gmt":"2014-12-04T20:28:20","guid":{"rendered":"http:\/\/50.22.11.20\/~moniquem\/product\/jolie-5\/"},"modified":"2025-10-08T11:17:28","modified_gmt":"2025-10-08T15:17:28","slug":"jolie-spa-uniform-top","status":"publish","type":"product","link":"https:\/\/www.monique-mathieu.com\/fr\/produit\/jolie-spa-uniform-top\/","title":{"rendered":"Jolie Top"},"content":{"rendered":"<div id=\"dslc-theme-content\"><div id=\"dslc-theme-content-inner\"><p>Top trap\u00e8ze avec fermeture pression sur le devant,<\/p>\n<p>taille haute<\/p>\n<p>Manches longues 3\/4 avec revers dans le bas des manches,<\/p>\n<p>col rond profond devant<\/p>\n<p>\u00c9paulettes amovibles<\/p>\n<p>Disponible en noir ou blanc<\/p>\n<p>Tailles de 2 \u00e0 20<\/p>\n<\/div><\/div>","protected":false},"excerpt":{"rendered":"<p>Top empire pin tuck \u00e0 encolure ras du cou et ferm\u00e9 par quatre boutons pression carr\u00e9s m\u00e9tallis\u00e9s argent\u00e9s. De plus avec une poche lat\u00e9rale sur le c\u00f4t\u00e9 droit et disponible avec des manches 3\/4 termin\u00e9es par des poignets ou des manches courtes avec de petites fentes.<\/p>\n<p>Longueur au milieu du dos 31 pouces (79 cm).<\/p>\n<p>Autres couleurs disponibles sur demande pour une quantit\u00e9 minimum de 20 pi\u00e8ces command\u00e9es.<\/p>\n<p>Les tailles \u00e0 partir de 50 ne sont pas \u00e9changeables ou remboursables.<\/p>\n<table>\n<tbody>\n<tr>\n<td><b>Tailles<\/b><\/td>\n<td>02 &#8211; 20<\/td>\n<\/tr>\n<tr>\n<td><b> Mesures<\/b><\/td>\n<td><a href=\"\/measurement.pdf\" target=\"_blank\" rel=\"noopener\">Cliquez ici<\/a> pour le tableau des tailles<\/td>\n<\/tr>\n<tr>\n<td><b>Tissu<\/b><\/td>\n<td>Gabardine ou Piqu\u00e9 (67% polyester, 33% cotton)<\/td>\n<\/tr>\n<tr>\n<td><strong>Disponibilit\u00e9<\/strong><\/td>\n<td>blanc\/piqu\u00e9 , noir\/gabardine<\/td>\n<\/tr>\n<\/tbody>\n<\/table>\n","protected":false},"featured_media":9941,"template":"","meta":[],"product_brand":[],"product_cat":[412,115],"product_tag":[],"class_list":{"0":"post-1191","1":"product","2":"type-product","3":"status-publish","4":"has-post-thumbnail","6":"product_cat-femmes","7":"product_cat-hauts","8":"product_shipping_class-products-fr","9":"pa_color-blanc","10":"pa_color-noir","11":"pa_size-us-02-fr-2","12":"pa_size-us-04-fr","13":"pa_size-us-06-fr","14":"pa_size-us-08-fr","15":"pa_size-us-10-fr","16":"pa_size-us-12-fr","17":"pa_size-us-14-fr","18":"pa_size-us-16-fr","19":"pa_size-us-18-fr","21":"pa_size-us-20-fr","23":"first","24":"instock","25":"taxable","26":"shipping-taxable","27":"purchasable","28":"product-type-variable","29":"has-default-attributes"},"_links":{"self":[{"href":"https:\/\/www.monique-mathieu.com\/fr\/wp-json\/wp\/v2\/product\/1191","targetHints":{"allow":["GET"]}}],"collection":[{"href":"https:\/\/www.monique-mathieu.com\/fr\/wp-json\/wp\/v2\/product"}],"about":[{"href":"https:\/\/www.monique-mathieu.com\/fr\/wp-json\/wp\/v2\/types\/product"}],"wp:featuredmedia":[{"embeddable":true,"href":"https:\/\/www.monique-mathieu.com\/fr\/wp-json\/wp\/v2\/media\/9941"}],"wp:attachment":[{"href":"https:\/\/www.monique-mathieu.com\/fr\/wp-json\/wp\/v2\/media?parent=1191"}],"wp:term":[{"taxonomy":"product_brand","embeddable":true,"href":"https:\/\/www.monique-mathieu.com\/fr\/wp-json\/wp\/v2\/product_brand?post=1191"},{"taxonomy":"product_cat","embeddable":true,"href":"https:\/\/www.monique-mathieu.com\/fr\/wp-json\/wp\/v2\/product_cat?post=1191"},{"taxonomy":"product_tag","embeddable":true,"href":"https:\/\/www.monique-mathieu.com\/fr\/wp-json\/wp\/v2\/product_tag?post=1191"}],"curies":[{"name":"wp","href":"https:\/\/api.w.org\/{rel}","templated":true}]}}