{"id":1155,"date":"2014-12-04T14:21:13","date_gmt":"2014-12-04T19:21:13","guid":{"rendered":"http:\/\/50.22.11.20\/~moniquem\/product\/java-5\/"},"modified":"2025-10-08T11:17:29","modified_gmt":"2025-10-08T15:17:29","slug":"java-spa-uniform-top","status":"publish","type":"product","link":"https:\/\/www.monique-mathieu.com\/fr\/produit\/java-spa-uniform-top\/","title":{"rendered":"Java Top"},"content":{"rendered":"<div id=\"dslc-theme-content\"><div id=\"dslc-theme-content-inner\"><\/div><\/div>","protected":false},"excerpt":{"rendered":"<p>Top asym\u00e9trique bien taill\u00e9 avec manches kimono, fermeture par boutons barrettes m\u00e9talliques argent\u00e9s et col Mao. De plus, avec deux poches lat\u00e9rales et des inserts lat\u00e9raux \u00e9lastiques pour un mouvement plus facile.<\/p>\n<p>Longueur au milieu du dos 24 pouces (62 cm).<\/p>\n<p>Les tailles \u00e0 partir de 50 ne sont pas \u00e9changeables ou remboursables.<\/p>\n<table>\n<tbody>\n<tr>\n<td><b>Tailles<\/b><\/td>\n<td>02 &#8211; 20<\/td>\n<\/tr>\n<tr>\n<td><b> Mesures<\/b><\/td>\n<td><a href=\"\/measurement.pdf\" target=\"_blank\" rel=\"noopener\">Cliquez ici<\/a> pour le tableau des tailles<\/td>\n<\/tr>\n<tr>\n<td><b>Tissu<\/b><\/td>\n<td>Gabardine ou Piqu\u00e9 (67% polyester, 33% cotton)<\/td>\n<\/tr>\n<tr>\n<td><strong>Disponibilit\u00e9<\/strong><\/td>\n<td>blanc\/piqu\u00e9 , noir\/gabardine<\/td>\n<\/tr>\n<\/tbody>\n<\/table>\n","protected":false},"featured_media":9926,"template":"","meta":[],"product_brand":[],"product_cat":[412,115],"product_tag":[],"class_list":{"0":"post-1155","1":"product","2":"type-product","3":"status-publish","4":"has-post-thumbnail","6":"product_cat-femmes","7":"product_cat-hauts","8":"product_shipping_class-products-fr","9":"pa_color-blanc","10":"pa_color-noir","11":"pa_size-us-02-fr-2","12":"pa_size-us-04-fr","13":"pa_size-us-06-fr","14":"pa_size-us-08-fr","15":"pa_size-us-10-fr","16":"pa_size-us-12-fr","17":"pa_size-us-14-fr","18":"pa_size-us-16-fr","19":"pa_size-us-18-fr","20":"pa_size-us-20-fr","22":"first","23":"instock","24":"taxable","25":"shipping-taxable","26":"purchasable","27":"product-type-variable","28":"has-default-attributes"},"_links":{"self":[{"href":"https:\/\/www.monique-mathieu.com\/fr\/wp-json\/wp\/v2\/product\/1155","targetHints":{"allow":["GET"]}}],"collection":[{"href":"https:\/\/www.monique-mathieu.com\/fr\/wp-json\/wp\/v2\/product"}],"about":[{"href":"https:\/\/www.monique-mathieu.com\/fr\/wp-json\/wp\/v2\/types\/product"}],"wp:featuredmedia":[{"embeddable":true,"href":"https:\/\/www.monique-mathieu.com\/fr\/wp-json\/wp\/v2\/media\/9926"}],"wp:attachment":[{"href":"https:\/\/www.monique-mathieu.com\/fr\/wp-json\/wp\/v2\/media?parent=1155"}],"wp:term":[{"taxonomy":"product_brand","embeddable":true,"href":"https:\/\/www.monique-mathieu.com\/fr\/wp-json\/wp\/v2\/product_brand?post=1155"},{"taxonomy":"product_cat","embeddable":true,"href":"https:\/\/www.monique-mathieu.com\/fr\/wp-json\/wp\/v2\/product_cat?post=1155"},{"taxonomy":"product_tag","embeddable":true,"href":"https:\/\/www.monique-mathieu.com\/fr\/wp-json\/wp\/v2\/product_tag?post=1155"}],"curies":[{"name":"wp","href":"https:\/\/api.w.org\/{rel}","templated":true}]}}