{"id":11257,"date":"2018-09-05T16:44:30","date_gmt":"2018-09-05T20:44:30","guid":{"rendered":"https:\/\/www.monique-mathieu.com\/product\/vip-blouse-et-pantalon-unisexe\/"},"modified":"2025-10-08T11:19:58","modified_gmt":"2025-10-08T15:19:58","slug":"vip-blouse-et-pantalon-unisexe","status":"publish","type":"product","link":"https:\/\/www.monique-mathieu.com\/fr\/produit\/vip-blouse-et-pantalon-unisexe\/","title":{"rendered":"VIP Blouses et pantalons unisexes"},"content":{"rendered":"<div id=\"dslc-theme-content\"><div id=\"dslc-theme-content-inner\"><p>VIP Haut m\u00e9dical de haute qualit\u00e9, col V 3 poches avant,1 poitrine et 2 basses, 2 petites fentes de chaque c\u00f4t\u00e9, poly-coton,tr\u00e8s confortable<\/p>\n<p>Pantalon 3 poches cargo et ceinture \u00e0 cordon<\/p>\n<p>uniquement commande group\u00e9e quantit\u00e9s minimum 50 pi\u00e8ces<\/p>\n<\/div><\/div>","protected":false},"excerpt":{"rendered":"<p>VIP Haut m\u00e9dical de haute qualit\u00e9, col V 3 poches avant,1 poitrine et 2 basses, 2 petites fentes de chaque c\u00f4t\u00e9, poly-coton,tr\u00e8s confortable<\/p>\n<p>Pantalon 3 poches cargo et ceinture \u00e0 cordon<\/p>\n<p>uniquement commande group\u00e9e quantit\u00e9s minimum 50 pi\u00e8ces<\/p>\n","protected":false},"featured_media":10186,"template":"","meta":[],"product_brand":[],"product_cat":[403],"product_tag":[1518],"class_list":{"0":"post-11257","1":"product","2":"type-product","3":"status-publish","4":"has-post-thumbnail","6":"product_cat-medical-et-dentaire","7":"product_tag-monique-mathieu-haut-et-pantalon-unisexe","8":"product_shipping_class-products-fr","9":"pa_color-blanc","10":"pa_color-noir","11":"pa_size-large-fr-2","12":"pa_size-medium-fr-2","13":"pa_size-small-fr-2","15":"first","16":"instock","17":"sale","18":"taxable","19":"shipping-taxable","20":"purchasable","21":"product-type-variable"},"_links":{"self":[{"href":"https:\/\/www.monique-mathieu.com\/fr\/wp-json\/wp\/v2\/product\/11257","targetHints":{"allow":["GET"]}}],"collection":[{"href":"https:\/\/www.monique-mathieu.com\/fr\/wp-json\/wp\/v2\/product"}],"about":[{"href":"https:\/\/www.monique-mathieu.com\/fr\/wp-json\/wp\/v2\/types\/product"}],"wp:featuredmedia":[{"embeddable":true,"href":"https:\/\/www.monique-mathieu.com\/fr\/wp-json\/wp\/v2\/media\/10186"}],"wp:attachment":[{"href":"https:\/\/www.monique-mathieu.com\/fr\/wp-json\/wp\/v2\/media?parent=11257"}],"wp:term":[{"taxonomy":"product_brand","embeddable":true,"href":"https:\/\/www.monique-mathieu.com\/fr\/wp-json\/wp\/v2\/product_brand?post=11257"},{"taxonomy":"product_cat","embeddable":true,"href":"https:\/\/www.monique-mathieu.com\/fr\/wp-json\/wp\/v2\/product_cat?post=11257"},{"taxonomy":"product_tag","embeddable":true,"href":"https:\/\/www.monique-mathieu.com\/fr\/wp-json\/wp\/v2\/product_tag?post=11257"}],"curies":[{"name":"wp","href":"https:\/\/api.w.org\/{rel}","templated":true}]}}