{"id":11216,"date":"2020-05-22T10:53:40","date_gmt":"2020-05-22T14:53:40","guid":{"rendered":"https:\/\/www.monique-mathieu.com\/product\/asia-top-medical\/"},"modified":"2025-10-08T11:19:54","modified_gmt":"2025-10-08T15:19:54","slug":"asia-top-medical","status":"publish","type":"product","link":"https:\/\/www.monique-mathieu.com\/fr\/produit\/asia-top-medical\/","title":{"rendered":"Asia Top M\u00e9dical"},"content":{"rendered":"<div id=\"dslc-theme-content\"><div id=\"dslc-theme-content-inner\"><p>Style asiatique, \u00e0 manches longues<\/p>\n<p>Uniquement sur commande diff\u00e9r\u00e9e d\u00e9lai de livraison 2 semaines<\/p>\n<p>Noir et blanc disponible<\/p>\n<p>&nbsp;<\/p>\n<\/div><\/div>","protected":false},"excerpt":{"rendered":"<p>Petit haut asym\u00e9trique bien coup\u00e9 avec col de style Mao et cinq boutons-pression m\u00e9talliques rectangulaires argent\u00e9s. Manches longues avec poignets \u00e9lastiqu\u00e9s, petites fentes lat\u00e9rales et une petite poche sur le c\u00f4t\u00e9 droit sous la poitrine.<\/p>\n<p>Longueur au milieu du dos 71 cm (28 pouces).<\/p>\n<p>Les tailles \u00e0 partir de 50 ne sont pas \u00e9changeables ou remboursables.<\/p>\n<table>\n<tbody>\n<tr>\n<td><b> Tailles US<\/b><\/td>\n<td>02 &#8211; 16<\/td>\n<\/tr>\n<tr>\n<td><b>Mesures<\/b><\/td>\n<td><a href=\"\/measurement.pdf\" target=\"_blank\" rel=\"noopener\">Cliquez ici<\/a> pour le tableau des tailles<\/td>\n<\/tr>\n<tr>\n<td><b>Tissu<\/b><\/td>\n<td>Gabardine et pique<\/td>\n<\/tr>\n<tr>\n<td><b>Disponibilit\u00e9<\/b><\/td>\n<td>blanc\/pique, noir\/gabardine<\/td>\n<\/tr>\n<\/tbody>\n<\/table>\n","protected":false},"featured_media":9771,"template":"","meta":[],"product_brand":[],"product_cat":[403],"product_tag":[],"class_list":{"0":"post-11216","1":"product","2":"type-product","3":"status-publish","4":"has-post-thumbnail","6":"product_cat-medical-et-dentaire","7":"product_shipping_class-products-fr","8":"pa_color-blanc","9":"pa_color-noir","10":"pa_size-us-02-fr-2","11":"pa_size-us-04-fr","12":"pa_size-us-06-fr","13":"pa_size-us-08-fr","14":"pa_size-us-10-fr","15":"pa_size-us-12-fr","16":"pa_size-us-14-fr","17":"pa_size-us-16-fr","19":"first","20":"instock","21":"taxable","22":"shipping-taxable","23":"purchasable","24":"product-type-variable","25":"has-default-attributes"},"_links":{"self":[{"href":"https:\/\/www.monique-mathieu.com\/fr\/wp-json\/wp\/v2\/product\/11216","targetHints":{"allow":["GET"]}}],"collection":[{"href":"https:\/\/www.monique-mathieu.com\/fr\/wp-json\/wp\/v2\/product"}],"about":[{"href":"https:\/\/www.monique-mathieu.com\/fr\/wp-json\/wp\/v2\/types\/product"}],"wp:featuredmedia":[{"embeddable":true,"href":"https:\/\/www.monique-mathieu.com\/fr\/wp-json\/wp\/v2\/media\/9771"}],"wp:attachment":[{"href":"https:\/\/www.monique-mathieu.com\/fr\/wp-json\/wp\/v2\/media?parent=11216"}],"wp:term":[{"taxonomy":"product_brand","embeddable":true,"href":"https:\/\/www.monique-mathieu.com\/fr\/wp-json\/wp\/v2\/product_brand?post=11216"},{"taxonomy":"product_cat","embeddable":true,"href":"https:\/\/www.monique-mathieu.com\/fr\/wp-json\/wp\/v2\/product_cat?post=11216"},{"taxonomy":"product_tag","embeddable":true,"href":"https:\/\/www.monique-mathieu.com\/fr\/wp-json\/wp\/v2\/product_tag?post=11216"}],"curies":[{"name":"wp","href":"https:\/\/api.w.org\/{rel}","templated":true}]}}