{"id":1117,"date":"2014-12-04T13:59:15","date_gmt":"2014-12-04T18:59:15","guid":{"rendered":"http:\/\/50.22.11.20\/~moniquem\/product\/chloe-4\/"},"modified":"2025-10-08T11:17:43","modified_gmt":"2025-10-08T15:17:43","slug":"chloe-spa-uniform-top","status":"publish","type":"product","link":"https:\/\/www.monique-mathieu.com\/fr\/produit\/chloe-spa-uniform-top\/","title":{"rendered":"Cloe Top"},"content":{"rendered":"<div id=\"dslc-theme-content\"><div id=\"dslc-theme-content-inner\"><p>Chloe Top<\/p>\n<\/div><\/div>","protected":false},"excerpt":{"rendered":"<p>Haut avec encolure arrondie et fermeture devant en trompe l\u2019\u0153il. Double rang\u00e9e de pressions m\u00e9tal carr\u00e9s. Manches Kimono fendues dans le bas de manches, longueur \u00be. Pour l\u2019aisance, plis creux dans le haut du milieu dos, une poche dans la couture du c\u00f4t\u00e9 devant droit.<\/p>\n<p>Epaulettes Longueur milieu dos: 84 cm Taille FR 34 &#8211; 48<\/p>\n<p>Autres couleurs disponibles sur demande pour une quantit\u00e9 minimum de 20 pi\u00e8ces command\u00e9es.<\/p>\n<p>Les tailles \u00e0 partir de 50 ne sont pas \u00e9changeables ou remboursables.<\/p>\n<table>\n<tbody>\n<tr>\n<td><strong>Tailles<\/strong><\/td>\n<td>02 &#8211; 16<\/td>\n<\/tr>\n<tr>\n<td><strong>Mesures<\/strong><\/td>\n<td><a href=\"\/measurement.pdf\" target=\"_blank\" rel=\"noopener\">Cliquez ici<\/a> pour le tableau des tailles<\/td>\n<\/tr>\n<tr>\n<td><strong>Tissu<\/strong><\/td>\n<td>Gabardine<\/td>\n<\/tr>\n<tr>\n<td><strong>Disponibilit\u00e9<\/strong><\/td>\n<td>blanc\/gabardine, noir\/gabardine<\/td>\n<\/tr>\n<\/tbody>\n<\/table>\n","protected":false},"featured_media":9856,"template":"","meta":[],"product_brand":[],"product_cat":[412,115],"product_tag":[1518],"class_list":{"0":"post-1117","1":"product","2":"type-product","3":"status-publish","4":"has-post-thumbnail","6":"product_cat-femmes","7":"product_cat-hauts","8":"product_tag-monique-mathieu-haut-et-pantalon-unisexe","9":"product_shipping_class-products-fr","10":"pa_color-blanc","11":"pa_color-noir","12":"pa_size-us-02-fr-2","13":"pa_size-us-04-fr","14":"pa_size-us-06-fr","15":"pa_size-us-08-fr","16":"pa_size-us-10-fr","17":"pa_size-us-12-fr","18":"pa_size-us-14-fr","19":"pa_size-us-16-fr","21":"first","22":"instock","23":"taxable","24":"shipping-taxable","25":"purchasable","26":"product-type-variable","27":"has-default-attributes"},"_links":{"self":[{"href":"https:\/\/www.monique-mathieu.com\/fr\/wp-json\/wp\/v2\/product\/1117","targetHints":{"allow":["GET"]}}],"collection":[{"href":"https:\/\/www.monique-mathieu.com\/fr\/wp-json\/wp\/v2\/product"}],"about":[{"href":"https:\/\/www.monique-mathieu.com\/fr\/wp-json\/wp\/v2\/types\/product"}],"wp:featuredmedia":[{"embeddable":true,"href":"https:\/\/www.monique-mathieu.com\/fr\/wp-json\/wp\/v2\/media\/9856"}],"wp:attachment":[{"href":"https:\/\/www.monique-mathieu.com\/fr\/wp-json\/wp\/v2\/media?parent=1117"}],"wp:term":[{"taxonomy":"product_brand","embeddable":true,"href":"https:\/\/www.monique-mathieu.com\/fr\/wp-json\/wp\/v2\/product_brand?post=1117"},{"taxonomy":"product_cat","embeddable":true,"href":"https:\/\/www.monique-mathieu.com\/fr\/wp-json\/wp\/v2\/product_cat?post=1117"},{"taxonomy":"product_tag","embeddable":true,"href":"https:\/\/www.monique-mathieu.com\/fr\/wp-json\/wp\/v2\/product_tag?post=1117"}],"curies":[{"name":"wp","href":"https:\/\/api.w.org\/{rel}","templated":true}]}}