{"id":1076,"date":"2014-12-04T13:47:10","date_gmt":"2014-12-04T18:47:10","guid":{"rendered":"http:\/\/50.22.11.20\/~moniquem\/product\/china-5\/"},"modified":"2025-10-08T11:17:48","modified_gmt":"2025-10-08T15:17:48","slug":"china-spa-uniform-top","status":"publish","type":"product","link":"https:\/\/www.monique-mathieu.com\/fr\/produit\/china-spa-uniform-top\/","title":{"rendered":"China Top"},"content":{"rendered":"<div id=\"dslc-theme-content\"><div id=\"dslc-theme-content-inner\"><\/div><\/div>","protected":false},"excerpt":{"rendered":"<p>Petit haut asym\u00e9trique \u00e0 manches courtes, avec de longues fentes lat\u00e9rales et une taille ajust\u00e9e. Fermeture par quatre pressions argent\u00e9es et une fermeture \u00e9clair c\u00f4t\u00e9 gauche et une petite poche c\u00f4t\u00e9 droit sous la poitrine.<\/p>\n<p>Longueur au milieu du dos 71 cm (28 pouces).<\/p>\n<p>Autres couleurs disponibles sur demande pour une quantit\u00e9 minimum de 20 pi\u00e8ces command\u00e9es.<\/p>\n<p>Les tailles \u00e0 partir de 50 ne sont pas \u00e9changeables ou remboursables.<\/p>\n<table id=\"table2\" border=\"0\" width=\"73%\">\n<tbody>\n<tr>\n<td><strong>Tailles<\/strong><\/td>\n<td>02 &#8211; 16<\/td>\n<\/tr>\n<tr>\n<td><strong>Mesures<\/strong><\/td>\n<td><a href=\"\/measurement.pdf\" target=\"_blank\" rel=\"noopener\">Cliquez ici<\/a> pour le tableau des tailles<\/td>\n<\/tr>\n<tr>\n<td><strong>Tissu<\/strong><\/td>\n<td>Gabardine ou Piqu\u00e9<\/td>\n<\/tr>\n<tr>\n<td><strong>Disponibilit\u00e9<\/strong><\/td>\n<td>blanc\/piqu\u00e9, marron\/gabardine, noir\/gabardine<\/td>\n<\/tr>\n<\/tbody>\n<\/table>\n","protected":false},"featured_media":9846,"template":"","meta":[],"product_brand":[],"product_cat":[412,115],"product_tag":[463],"class_list":{"0":"post-1076","1":"product","2":"type-product","3":"status-publish","4":"has-post-thumbnail","6":"product_cat-femmes","7":"product_cat-hauts","8":"product_tag-china-top-fr","9":"product_shipping_class-products-fr","10":"pa_color-blanc","11":"pa_color-marron","12":"pa_color-noir","13":"pa_size-us-02-fr-2","14":"pa_size-us-04-fr","15":"pa_size-us-06-fr","16":"pa_size-us-08-fr","17":"pa_size-us-10-fr","18":"pa_size-us-12-fr","19":"pa_size-us-14-fr","20":"pa_size-us-16-fr","22":"first","23":"instock","24":"taxable","25":"shipping-taxable","26":"purchasable","27":"product-type-variable"},"_links":{"self":[{"href":"https:\/\/www.monique-mathieu.com\/fr\/wp-json\/wp\/v2\/product\/1076","targetHints":{"allow":["GET"]}}],"collection":[{"href":"https:\/\/www.monique-mathieu.com\/fr\/wp-json\/wp\/v2\/product"}],"about":[{"href":"https:\/\/www.monique-mathieu.com\/fr\/wp-json\/wp\/v2\/types\/product"}],"wp:featuredmedia":[{"embeddable":true,"href":"https:\/\/www.monique-mathieu.com\/fr\/wp-json\/wp\/v2\/media\/9846"}],"wp:attachment":[{"href":"https:\/\/www.monique-mathieu.com\/fr\/wp-json\/wp\/v2\/media?parent=1076"}],"wp:term":[{"taxonomy":"product_brand","embeddable":true,"href":"https:\/\/www.monique-mathieu.com\/fr\/wp-json\/wp\/v2\/product_brand?post=1076"},{"taxonomy":"product_cat","embeddable":true,"href":"https:\/\/www.monique-mathieu.com\/fr\/wp-json\/wp\/v2\/product_cat?post=1076"},{"taxonomy":"product_tag","embeddable":true,"href":"https:\/\/www.monique-mathieu.com\/fr\/wp-json\/wp\/v2\/product_tag?post=1076"}],"curies":[{"name":"wp","href":"https:\/\/api.w.org\/{rel}","templated":true}]}}