{"id":1035,"date":"2014-12-04T13:02:53","date_gmt":"2014-12-04T18:02:53","guid":{"rendered":"http:\/\/50.22.11.20\/~moniquem\/product\/bonbon-5\/"},"modified":"2025-10-08T11:17:49","modified_gmt":"2025-10-08T15:17:49","slug":"bonbon-spa-uniform-top","status":"publish","type":"product","link":"https:\/\/www.monique-mathieu.com\/fr\/produit\/bonbon-spa-uniform-top\/","title":{"rendered":"Bonbon Top"},"content":{"rendered":"<div id=\"dslc-theme-content\"><div id=\"dslc-theme-content-inner\"><\/div><\/div>","protected":false},"excerpt":{"rendered":"<p>Top taille haute ferm\u00e9 par des boutons pressions blancs avec un col rond et des manches courtes, resserr\u00e9 par trois plis. De plus, avec une poche lat\u00e9rale profonde sur le c\u00f4t\u00e9 droit.<\/p>\n<p>Longueur au milieu du dos 31 pouces (78 cm).<\/p>\n<p>Autres couleurs disponibles sur demande pour une quantit\u00e9 minimum de 20 pi\u00e8ces command\u00e9es.<\/p>\n<p>Les tailles \u00e0 partir de 50 ne sont pas \u00e9changeables ou remboursables.<\/p>\n<table>\n<tbody>\n<tr>\n<td><strong>Tailles<\/strong><\/td>\n<td>02 &#8211; 20<\/td>\n<\/tr>\n<tr>\n<td><strong>Mesures<\/strong><\/td>\n<td><a href=\"\/measurement.pdf\" target=\"_blank\" rel=\"noopener\">Cliquez ici<\/a> pour le tableau des tailles<\/td>\n<\/tr>\n<tr>\n<td><strong>Tissu<\/strong><\/td>\n<td>Gabardine ou Piqu\u00e9 (67% polyester, 33% cotton)<\/td>\n<\/tr>\n<tr>\n<td><strong> Disponibilit\u00e9<\/strong><\/td>\n<td>blanc\/piqu\u00e9, noir\/gabardine<\/td>\n<\/tr>\n<\/tbody>\n<\/table>\n","protected":false},"featured_media":9826,"template":"","meta":[],"product_brand":[],"product_cat":[412,115],"product_tag":[],"class_list":{"0":"post-1035","1":"product","2":"type-product","3":"status-publish","4":"has-post-thumbnail","6":"product_cat-femmes","7":"product_cat-hauts","8":"product_shipping_class-products-fr","9":"pa_color-blanc","10":"pa_color-noir","11":"pa_size-us-02-fr-2","12":"pa_size-us-04-fr","13":"pa_size-us-06-fr","14":"pa_size-us-08-fr","15":"pa_size-us-10-fr","16":"pa_size-us-12-fr","17":"pa_size-us-14-fr","18":"pa_size-us-16-fr","19":"pa_size-us-18-fr","20":"pa_size-us-20-fr","22":"first","23":"instock","24":"taxable","25":"shipping-taxable","26":"purchasable","27":"product-type-variable","28":"has-default-attributes"},"_links":{"self":[{"href":"https:\/\/www.monique-mathieu.com\/fr\/wp-json\/wp\/v2\/product\/1035","targetHints":{"allow":["GET"]}}],"collection":[{"href":"https:\/\/www.monique-mathieu.com\/fr\/wp-json\/wp\/v2\/product"}],"about":[{"href":"https:\/\/www.monique-mathieu.com\/fr\/wp-json\/wp\/v2\/types\/product"}],"wp:featuredmedia":[{"embeddable":true,"href":"https:\/\/www.monique-mathieu.com\/fr\/wp-json\/wp\/v2\/media\/9826"}],"wp:attachment":[{"href":"https:\/\/www.monique-mathieu.com\/fr\/wp-json\/wp\/v2\/media?parent=1035"}],"wp:term":[{"taxonomy":"product_brand","embeddable":true,"href":"https:\/\/www.monique-mathieu.com\/fr\/wp-json\/wp\/v2\/product_brand?post=1035"},{"taxonomy":"product_cat","embeddable":true,"href":"https:\/\/www.monique-mathieu.com\/fr\/wp-json\/wp\/v2\/product_cat?post=1035"},{"taxonomy":"product_tag","embeddable":true,"href":"https:\/\/www.monique-mathieu.com\/fr\/wp-json\/wp\/v2\/product_tag?post=1035"}],"curies":[{"name":"wp","href":"https:\/\/api.w.org\/{rel}","templated":true}]}}