{"id":8765,"date":"2021-08-27T04:14:04","date_gmt":"2021-08-27T09:14:04","guid":{"rendered":"https:\/\/www.monique-mathieu.com\/masque-cosmetique-fait-maison\/"},"modified":"2021-08-27T04:14:06","modified_gmt":"2021-08-27T09:14:06","slug":"masque-cosmetique-fait-maison","status":"publish","type":"page","link":"https:\/\/www.monique-mathieu.com\/fr\/masque-cosmetique-fait-maison\/","title":{"rendered":"Masque cosm\u00e9tique fait maison"},"content":{"rendered":"<div id=\"dslc-theme-content\"><div id=\"dslc-theme-content-inner\"><blockquote><p><strong>Masque facial facile \u00e0 faire soi-m\u00eame pour une peau lumineuse et \u00e9clatante<\/strong> &#8211; Permet \u00e0 votre peau de prosp\u00e9rer pendant que vous \u00eates \u00e0 l&rsquo;int\u00e9rieur.<\/p><\/blockquote>\n<p><img loading=\"lazy\" decoding=\"async\" class=\"alignnone size-full wp-image-7481\" src=\"https:\/\/www.monique-mathieu.com\/wp-content\/uploads\/2020\/04\/DIYMask.jpg\" alt=\"Masque fait maison\" width=\"524\" height=\"346\" srcset=\"https:\/\/www.monique-mathieu.com\/wp-content\/uploads\/2020\/04\/DIYMask.jpg 524w, https:\/\/www.monique-mathieu.com\/wp-content\/uploads\/2020\/04\/DIYMask-400x264.jpg 400w, https:\/\/www.monique-mathieu.com\/wp-content\/uploads\/2020\/04\/DIYMask-300x198.jpg 300w\" sizes=\"auto, (max-width: 524px) 100vw, 524px\" \/><\/p>\n<blockquote>\n<h3>Le Masque d&rsquo;hydratation R\u00eave Cacao<\/h3>\n<\/blockquote>\n<p>Il y a trois \u00e9toiles brillantes dans ce d\u00e9licieux masque enti\u00e8rement comestible, et elles font toutes des merveilles pour votre visage. L&rsquo;avocat est extr\u00eamement hydratant, le cacao est un excellent antioxydant apaisant pour la peau et le miel est antibact\u00e9rien et anti-inflammatoire.<\/p>\n<ol>\n<li>\u00c9craser un quart <strong>d&rsquo;avocat<\/strong>dans un petit bol.<\/li>\n<li>Incorporer une cuill\u00e8re \u00e0 soupe de <strong>poudre de cacao<\/strong> et une cuill\u00e8re \u00e0 soupe de <strong>miel<\/strong>, \u00e9craser et bien m\u00e9langer.<\/li>\n<li>Appliquez le masque sur votre peau propre et s\u00e8che pendant 10 minutes.<\/li>\n<li>Laver \u00e0 l&rsquo;eau ti\u00e8de, puis hydrater comme d&rsquo;habitude.<\/li>\n<\/ol>\n<p>&nbsp;<\/p>\n<div class=\"commentbox\" id=\"5730669913178112-proj\"><\/div>\n<\/div><\/div>","protected":false},"excerpt":{"rendered":"<p>Masque facial facile \u00e0 faire soi-m\u00eame pour une peau lumineuse et \u00e9clatante &#8211; Permet \u00e0 votre peau de prosp\u00e9rer pendant que vous \u00eates \u00e0 l&rsquo;int\u00e9rieur. Le Masque d&rsquo;hydratation R\u00eave Cacao Il y a trois \u00e9toiles brillantes dans ce d\u00e9licieux masque enti\u00e8rement comestible, et elles font toutes des merveilles pour votre visage. L&rsquo;avocat est extr\u00eamement hydratant, [&hellip;]<\/p>\n","protected":false},"author":2,"featured_media":0,"parent":0,"menu_order":0,"comment_status":"open","ping_status":"closed","template":"","meta":{"footnotes":""},"class_list":["post-8765","page","type-page","status-publish","hentry"],"_links":{"self":[{"href":"https:\/\/www.monique-mathieu.com\/fr\/wp-json\/wp\/v2\/pages\/8765","targetHints":{"allow":["GET"]}}],"collection":[{"href":"https:\/\/www.monique-mathieu.com\/fr\/wp-json\/wp\/v2\/pages"}],"about":[{"href":"https:\/\/www.monique-mathieu.com\/fr\/wp-json\/wp\/v2\/types\/page"}],"author":[{"embeddable":true,"href":"https:\/\/www.monique-mathieu.com\/fr\/wp-json\/wp\/v2\/users\/2"}],"replies":[{"embeddable":true,"href":"https:\/\/www.monique-mathieu.com\/fr\/wp-json\/wp\/v2\/comments?post=8765"}],"version-history":[{"count":1,"href":"https:\/\/www.monique-mathieu.com\/fr\/wp-json\/wp\/v2\/pages\/8765\/revisions"}],"predecessor-version":[{"id":8766,"href":"https:\/\/www.monique-mathieu.com\/fr\/wp-json\/wp\/v2\/pages\/8765\/revisions\/8766"}],"wp:attachment":[{"href":"https:\/\/www.monique-mathieu.com\/fr\/wp-json\/wp\/v2\/media?parent=8765"}],"curies":[{"name":"wp","href":"https:\/\/api.w.org\/{rel}","templated":true}]}}