{"id":875,"date":"2015-01-09T16:11:52","date_gmt":"2015-01-09T21:11:52","guid":{"rendered":"http:\/\/50.22.11.20\/~moniquem\/?page_id=875"},"modified":"2022-02-28T05:33:01","modified_gmt":"2022-02-28T10:33:01","slug":"historique","status":"publish","type":"page","link":"https:\/\/www.monique-mathieu.com\/fr\/historique\/","title":{"rendered":"Historique"},"content":{"rendered":"<div id=\"dslc-theme-content\"><div id=\"dslc-theme-content-inner\">\n<h1 class=\"wp-block-heading\" id=\"monique-mathieu-devoted-to-fashion\">Monique Mathieu, passionn\u00e9e de mode.<\/h1>\n\n\n\n<div class=\"wp-block-media-text alignwide has-media-on-the-right is-stacked-on-mobile is-vertically-aligned-top\" style=\"grid-template-columns:auto 32%\"><figure class=\"wp-block-media-text__media\"><img loading=\"lazy\" decoding=\"async\" width=\"597\" height=\"738\" src=\"https:\/\/www.monique-mathieu.com\/wp-content\/uploads\/2022\/02\/pic-6.jpg\" alt=\"Paris - Vue sur la Tour Eiffel\" class=\"wp-image-10281 size-full\" srcset=\"https:\/\/www.monique-mathieu.com\/wp-content\/uploads\/2022\/02\/pic-6.jpg 597w, https:\/\/www.monique-mathieu.com\/wp-content\/uploads\/2022\/02\/pic-6-400x494.jpg 400w\" sizes=\"auto, (max-width: 597px) 100vw, 597px\" \/><\/figure><div class=\"wp-block-media-text__content\">\n<p style=\"font-size:16px\">Au cours des 25 derni\u00e8res ann\u00e9es, la gamme de produits de la marque de renomm\u00e9e internationale Monique Mathieu Paris a \u00e9t\u00e9 s\u00e9lectionn\u00e9e par un grand nombre de spas \/ des cabinets m\u00e9dicaux \/ et de professionnels de l&rsquo;industrie de la beaut\u00e9.<\/p>\n\n\n\n<p style=\"font-size:16px\">La collection Monique Mathieu, Paris aide d\u00e9finitivement ses clients \u00e0 faire une impression forte et positive sur les visiteurs dans leurs luxueuses salles de soins.<\/p>\n\n\n\n<p style=\"font-size:16px\">En regardant sa collection, il devient \u00e9vident que Monique Mathieu a fait son apprentissage en tant que styliste et a travaill\u00e9 pour les meilleures maisons de couture telles que Balenciaga, Givenchy et Guy Laroche.<\/p>\n\n\n\n<p style=\"font-size:16px\">Depuis, Monique Mathieu consacre ses talents cr\u00e9atifs et son savoir-faire \u00e0 la conception et \u00e0 la fabrication de v\u00eatements professionnels haut de gamme pour femmes et hommes.<\/p>\n\n\n\n<p style=\"font-size:16px\">Comme aucune autre, elle excelle \u00e0 transformer les uniformes de spa en un v\u00eatement unique, exclusif et tr\u00e8s s\u00e9lect. Vous serez \u00e9tonn\u00e9 de voir la r\u00e9ponse de Monique \u00e0 la mode et \u00e0 la fonctionnalit\u00e9. Tous les uniformes sont fabriqu\u00e9s en utilisant des tissus europ\u00e9ens de la plus haute qualit\u00e9 et la qualit\u00e9 de sa collection est donc exceptionnelle.<\/p>\n\n\n\n<p style=\"font-size:16px\">Aujourd&rsquo;hui, sa client\u00e8le internationale comprend La Prairie, Lanc\u00f4me et l&rsquo;H\u00f4tel Ritz, pour n&rsquo;en citer que quelques-uns.<\/p>\n\n\n\n<div class=\"wp-block-image is-style-rounded\"><figure class=\"alignright size-medium is-resized\"><img decoding=\"async\" src=\"https:\/\/www.monique-mathieu.com\/wp-content\/uploads\/2022\/02\/Signature-400x232.png\" alt=\"\" class=\"wp-image-10291\" width=\"-304\" height=\"-176\" srcset=\"https:\/\/www.monique-mathieu.com\/wp-content\/uploads\/2022\/02\/Signature-400x232.png 400w, https:\/\/www.monique-mathieu.com\/wp-content\/uploads\/2022\/02\/Signature-600x347.png 600w, https:\/\/www.monique-mathieu.com\/wp-content\/uploads\/2022\/02\/Signature.png 641w\" sizes=\"(max-width: 400px) 100vw, 400px\" \/><figcaption>Monique Mathieu<\/figcaption><\/figure><\/div>\n\n\n\n<div class=\"wp-block-image is-style-default\"><figure class=\"alignleft size-full\"><img loading=\"lazy\" decoding=\"async\" width=\"201\" height=\"240\" src=\"https:\/\/www.monique-mathieu.com\/wp-content\/uploads\/2022\/02\/MoniqueMathieuPortrait1.jpg\" alt=\"\" class=\"wp-image-10286\"\/><figcaption>Monique Mathieu<\/figcaption><\/figure><\/div>\n<\/div><\/div>\n<\/div><\/div>","protected":false},"excerpt":{"rendered":"<p>Monique Mathieu, passionn\u00e9e de mode.<\/p>\n","protected":false},"author":2,"featured_media":0,"parent":0,"menu_order":0,"comment_status":"open","ping_status":"closed","template":"","meta":{"footnotes":""},"class_list":["post-875","page","type-page","status-publish","hentry"],"_links":{"self":[{"href":"https:\/\/www.monique-mathieu.com\/fr\/wp-json\/wp\/v2\/pages\/875","targetHints":{"allow":["GET"]}}],"collection":[{"href":"https:\/\/www.monique-mathieu.com\/fr\/wp-json\/wp\/v2\/pages"}],"about":[{"href":"https:\/\/www.monique-mathieu.com\/fr\/wp-json\/wp\/v2\/types\/page"}],"author":[{"embeddable":true,"href":"https:\/\/www.monique-mathieu.com\/fr\/wp-json\/wp\/v2\/users\/2"}],"replies":[{"embeddable":true,"href":"https:\/\/www.monique-mathieu.com\/fr\/wp-json\/wp\/v2\/comments?post=875"}],"version-history":[{"count":28,"href":"https:\/\/www.monique-mathieu.com\/fr\/wp-json\/wp\/v2\/pages\/875\/revisions"}],"predecessor-version":[{"id":11249,"href":"https:\/\/www.monique-mathieu.com\/fr\/wp-json\/wp\/v2\/pages\/875\/revisions\/11249"}],"wp:attachment":[{"href":"https:\/\/www.monique-mathieu.com\/fr\/wp-json\/wp\/v2\/media?parent=875"}],"curies":[{"name":"wp","href":"https:\/\/api.w.org\/{rel}","templated":true}]}}