{"id":3915,"date":"2016-04-06T17:04:56","date_gmt":"2016-04-06T17:04:56","guid":{"rendered":"https:\/\/www.monique-mathieu.com\/?page_id=3915"},"modified":"2021-08-27T08:10:00","modified_gmt":"2021-08-27T13:10:00","slug":"conditions-generales","status":"publish","type":"page","link":"https:\/\/www.monique-mathieu.com\/fr\/conditions-generales\/","title":{"rendered":"Conditions G\u00e9n\u00e9rales"},"content":{"rendered":"<div id=\"dslc-theme-content\"><div id=\"dslc-theme-content-inner\"><h2><strong>Politique de confidentialit\u00e9 et conditions g\u00e9n\u00e9rales de vente<\/strong><\/h2>\n<p>&nbsp;<\/p>\n<h3><strong>Politique de confidentialit\u00e9<\/strong><\/h3>\n<p><strong>Politique de confidentialit\u00e9: <\/strong>Cette politique couvre la fa\u00e7on dont nous utilisons vos informations personnelles. Nous prenons votre vie priv\u00e9e au s\u00e9rieux et prendrons toutes les mesures pour prot\u00e9ger vos informations personnelles.<\/p>\n<p><strong>Quelles informations collectons-nous?: N<\/strong>ous collectons uniquement les informations dont nous avons besoin et qui sont li\u00e9es \u00e0 votre commande. Cela inclut votre :<br \/>\nadresse de facturation<br \/>\nAdresse de livraison<br \/>\nAdresse e-mail<br \/>\nInformations de carte de cr\u00e9dit<\/p>\n<p>En outre, nous collectons \u00e9galement des informations sur votre adresse IP, le type de navigateur et les donn\u00e9es de l&rsquo;URL de r\u00e9f\u00e9rence. Nous utilisons ces donn\u00e9es pour emp\u00eacher les tentatives de piratage, mais ils nous aident \u00e9galement \u00e0 savoir quels navigateurs Web les internautes utilisent et d&rsquo;o\u00f9 viennent les visiteurs de notre site. Cela nous permet d&rsquo;am\u00e9liorer notre marketing.<\/p>\n<p><strong>Comment mes informations sont-elles utilis\u00e9es ?: <\/strong>Vos informations ne sont utilis\u00e9es que pour accomplir votre commande. Nous ne vendons ni ne redistribuons vos informations \u00e0 QUICONQUE.<\/p>\n<p><strong>S\u00e9curit\u00e9 et stockage: <\/strong>Seules les donn\u00e9es de facturation, d&rsquo;exp\u00e9dition et de contenu de votre commande sont stock\u00e9es sur notre serveur. Ces informations sont crypt\u00e9es \u00e0 l&rsquo;aide d&rsquo;un certificat \u00ab\u00a0Secure Sockets Layer\u00a0\u00bb (SSL) avant d&rsquo;\u00eatre transmises sur un serveur Web. Nous ne stockons pas les donn\u00e9es de votre carte de cr\u00e9dit.<\/p>\n<p><strong>Cookies et informations sur le navigateur:\u00a0<\/strong>Les cookies sont de petits fichiers qui r\u00e9sident sur votre ordinateur, qui nous permettent de vous reconna\u00eetre lors de votre prochaine visite ou de stocker le contenu de votre panier. Nous les utilisons uniquement pour suivre ces informations.<\/p>\n<h3><strong>Conditions g\u00e9n\u00e9rales de vente<\/strong><\/h3>\n<p><strong>Articles: <\/strong>Tous les v\u00eatements sont fabriqu\u00e9s \u00e0 partir de tissu en coton piqu\u00e9 ou gabardine de coton (33% coton et 67% polyester). Nos articles en lin sont fabriqu\u00e9s \u00e0 partir de ratine (80% coton et 20% polyester). Sur demande, nous pourrions aussi proposer des gaufres PIQUE: 100% coton.<\/p>\n<p><strong>Entretien:<\/strong> Lavable \u00e0 l&rsquo;eau ti\u00e8de sans eau de Javel et \u00e0 s\u00e9cher sur feu doux. Le repassage est optionnel.<\/p>\n<p><strong>Prix: <\/strong>Les prix indiqu\u00e9s sont des prix unitaires dans US-Dollars &#8211; co\u00fbts fiscaux, les frais d&rsquo;exp\u00e9dition et de manutention sont exclus. Les prix sont valables un an et sujets \u00e0 changement sans pr\u00e9avis au d\u00e9but de chaque ann\u00e9e.<\/p>\n<p><strong>Conditions de paiement: <\/strong>Paiement d&rsquo;avance par ch\u00e8que, virement bancaire ou carte de cr\u00e9dit.<\/p>\n<p><strong>Conditions de livraison:<\/strong> Marchandise standard en stock est exp\u00e9di\u00e9 dans les cinq jours ouvrables apr\u00e8s r\u00e9ception du paiement. Les commandes sp\u00e9ciales sont exp\u00e9di\u00e9es dans les quatre \u00e0 six semaines (selon la saison).<\/p>\n<p><strong>Retours et \u00e9changes: <\/strong>Si vous n&rsquo;\u00eates pas enti\u00e8rement satisfait de votre achat, il peut \u00eatre retourn\u00e9 pour un \u00e9change ou un cr\u00e9dit personnalis\u00e9. Pour \u00eatre retourn\u00e9s dans les 10 jours ouvrables suivant la livraison dans l&#8217;emballage d&rsquo;origine. Acceptation de cr\u00e9dit ou d&rsquo;\u00e9change que si les articles sont non lav\u00e9s, non port\u00e9s, inchang\u00e9 ou autrement en bon \u00e9tat et avec l&rsquo;approbation pr\u00e9alable par la soci\u00e9t\u00e9. Les avoirs sont valables pour une p\u00e9riode de six mois. bons de commande sp\u00e9ciaux ainsi que les frais d&rsquo;exp\u00e9dition sont strictement non-remboursable.<\/p>\n<p>Attention\u00a0: Des frais de r\u00e9approvisionnement de 20\u00a0% seront factur\u00e9s pour tous les articles retourn\u00e9s pour remboursement. Les tailles \u00e0 partir de 50 ne sont ni \u00e9changeables ni remboursables.<\/p>\n<p><strong> Commandes sp\u00e9ciales: <\/strong>Couleurs personnalis\u00e9es, de la tuyauterie ou la broderie (par exemple votre logo &#8211; s&rsquo;il vous pla\u00eet fournir un \u00e9chantillon clair &#8211; sont soumis \u00e0 des frais suppl\u00e9mentaires) sur demande &#8211; minimum de 20 unit\u00e9s. S&rsquo;il vous pla\u00eet nous contacter pour de plus amples informations telles que la disponibilit\u00e9 de la couleur, les d\u00e9lais de livraison ou de citations.<\/p>\n<\/div><\/div>","protected":false},"excerpt":{"rendered":"<p>Politique de confidentialit\u00e9 et conditions g\u00e9n\u00e9rales de vente &nbsp; Politique de confidentialit\u00e9 Politique de confidentialit\u00e9: Cette politique couvre la fa\u00e7on dont nous utilisons vos informations personnelles. Nous prenons votre vie priv\u00e9e au s\u00e9rieux et prendrons toutes les mesures pour prot\u00e9ger vos informations personnelles. Quelles informations collectons-nous?: Nous collectons uniquement les informations dont nous avons besoin [&hellip;]<\/p>\n","protected":false},"author":2,"featured_media":0,"parent":0,"menu_order":0,"comment_status":"closed","ping_status":"closed","template":"","meta":{"footnotes":""},"class_list":["post-3915","page","type-page","status-publish","hentry"],"_links":{"self":[{"href":"https:\/\/www.monique-mathieu.com\/fr\/wp-json\/wp\/v2\/pages\/3915","targetHints":{"allow":["GET"]}}],"collection":[{"href":"https:\/\/www.monique-mathieu.com\/fr\/wp-json\/wp\/v2\/pages"}],"about":[{"href":"https:\/\/www.monique-mathieu.com\/fr\/wp-json\/wp\/v2\/types\/page"}],"author":[{"embeddable":true,"href":"https:\/\/www.monique-mathieu.com\/fr\/wp-json\/wp\/v2\/users\/2"}],"replies":[{"embeddable":true,"href":"https:\/\/www.monique-mathieu.com\/fr\/wp-json\/wp\/v2\/comments?post=3915"}],"version-history":[{"count":9,"href":"https:\/\/www.monique-mathieu.com\/fr\/wp-json\/wp\/v2\/pages\/3915\/revisions"}],"predecessor-version":[{"id":8817,"href":"https:\/\/www.monique-mathieu.com\/fr\/wp-json\/wp\/v2\/pages\/3915\/revisions\/8817"}],"wp:attachment":[{"href":"https:\/\/www.monique-mathieu.com\/fr\/wp-json\/wp\/v2\/media?parent=3915"}],"curies":[{"name":"wp","href":"https:\/\/api.w.org\/{rel}","templated":true}]}}