{"id":3906,"date":"2015-06-10T21:55:12","date_gmt":"2015-06-11T01:55:12","guid":{"rendered":"https:\/\/www.monique-mathieu.com\/privacy-policy-2\/"},"modified":"2021-08-30T04:31:05","modified_gmt":"2021-08-30T09:31:05","slug":"privacy-policy","status":"publish","type":"page","link":"https:\/\/www.monique-mathieu.com\/fr\/privacy-policy\/","title":{"rendered":"Politique de confidentialit\u00e9 et conditions g\u00e9n\u00e9rales de vente"},"content":{"rendered":"<div id=\"dslc-theme-content\"><div id=\"dslc-theme-content-inner\"><h2>Politique de confidentialit\u00e9 et conditions g\u00e9n\u00e9rales de vente<\/h2>\n<p>Cette politique couvre la fa\u00e7on dont nous utilisons vos informations personnelles. Nous prenons votre vie priv\u00e9e au s\u00e9rieux et prendrons toutes les mesures pour prot\u00e9ger vos informations personnelles.<\/p>\n<p><strong>Quelles informations collectons-nous?<\/strong><\/p>\n<p>Nous collectons uniquement les informations dont nous avons besoin et qui sont li\u00e9es \u00e0 votre commande. Cela inclut votre :<\/p>\n<ul>\n<li>adresse de facturation<\/li>\n<li>Adresse de livraison<\/li>\n<li>Adresse e-mail<\/li>\n<li>Informations de carte de cr\u00e9dit<\/li>\n<\/ul>\n<p>En outre, nous collectons \u00e9galement des informations sur votre adresse IP, le type de navigateur et les donn\u00e9es de l&rsquo;URL de r\u00e9f\u00e9rence. Nous utilisons ces donn\u00e9es pour emp\u00eacher les tentatives de piratage, nous aider \u00e0 savoir quels navigateurs Web les gens utilisent et d&rsquo;o\u00f9 viennent nos visiteurs afin que nous puissions am\u00e9liorer notre marketing.<\/p>\n<p><strong>Comment mes informations sont-elles utilis\u00e9es ?<\/strong><\/p>\n<p>Vos informations ne sont utilis\u00e9es que pour remplir votre commande. Nous ne vendons ni ne redistribuons vos informations \u00e0 QUICONQUE.<\/p>\n<p id=\"tw-target-text\" class=\"tw-data-text tw-text-large XcVN5d tw-ta\" dir=\"ltr\" data-placeholder=\"Traduction\"><strong><span class=\"Y2IQFc\" lang=\"fr\">S\u00e9curit\u00e9 et stockage<br \/>\n<\/span><\/strong><\/p>\n<p>Seules les donn\u00e9es de facturation, d&rsquo;exp\u00e9dition et de contenu de votre commande sont stock\u00e9es sur notre serveur. Ces informations sont crypt\u00e9es \u00e0 l&rsquo;aide d&rsquo;un protocole Secure Sockets Layer avant d&rsquo;\u00eatre transmises sur un serveur Web. Nous ne stockons pas les donn\u00e9es de votre carte de cr\u00e9dit.<\/p>\n<p><strong>Cookies et informations sur le navigateur<\/strong><\/p>\n<p>Les cookies sont de petits fichiers qui r\u00e9sident sur votre ordinateur et nous permettent de vous reconna\u00eetre lors de votre prochaine visite ou de stocker le contenu de votre panier. Nous les utilisons uniquement pour suivre ces informations.<\/p>\n<p><strong>Modalit\u00e9s de paiement<\/strong><\/p>\n<p>Pr\u00e9paiement par PayPal ou carte de cr\u00e9dit.<\/p>\n<p><strong>Conditions de livraison<br \/>\n<\/strong><\/p>\n<p>La marchandise standard en stock est exp\u00e9di\u00e9e dans les cinq jours ouvrables apr\u00e8s r\u00e9ception du paiement. Les commandes sp\u00e9ciales sont exp\u00e9di\u00e9es sous quatre \u00e0 six semaines (selon la saison).<\/p>\n<p><strong>Retours et \u00e9changes<\/strong><\/p>\n<p>Si vous n&rsquo;\u00eates pas enti\u00e8rement satisfait de votre achat, il peut nous \u00eatre retourn\u00e9 pour \u00e9change ou cr\u00e9dit personnalis\u00e9. A retourner dans les 10 jours ouvrables suivant l&rsquo;exp\u00e9dition dans son emballage d&rsquo;origine. Acceptation pour cr\u00e9dit ou \u00e9change uniquement si les articles ne sont pas lav\u00e9s, non port\u00e9s, non modifi\u00e9s ou autrement non endommag\u00e9s et avec l&rsquo;approbation pr\u00e9alable de la soci\u00e9t\u00e9. Les notes de cr\u00e9dit sont valables pour une p\u00e9riode de six mois. Les bons de commande sp\u00e9ciaux ainsi que les frais d&rsquo;exp\u00e9dition sont strictement non remboursables. Attention : Des frais de r\u00e9approvisionnement de 20 % seront factur\u00e9s pour tous les articles retourn\u00e9s pour remboursement. Les tailles \u00e0 partir de 50 ne sont ni \u00e9changeables ni remboursables.<\/p>\n<p>&nbsp;<\/p>\n<p>&nbsp;<\/p>\n<\/div><\/div>","protected":false},"excerpt":{"rendered":"<p>Politique de confidentialit\u00e9 et conditions g\u00e9n\u00e9rales de vente Cette politique couvre la fa\u00e7on dont nous utilisons vos informations personnelles. Nous prenons votre vie priv\u00e9e au s\u00e9rieux et prendrons toutes les mesures pour prot\u00e9ger vos informations personnelles. Quelles informations collectons-nous? Nous collectons uniquement les informations dont nous avons besoin et qui sont li\u00e9es \u00e0 votre commande. [&hellip;]<\/p>\n","protected":false},"author":2,"featured_media":0,"parent":0,"menu_order":0,"comment_status":"closed","ping_status":"closed","template":"","meta":{"footnotes":""},"class_list":["post-3906","page","type-page","status-publish","hentry"],"_links":{"self":[{"href":"https:\/\/www.monique-mathieu.com\/fr\/wp-json\/wp\/v2\/pages\/3906","targetHints":{"allow":["GET"]}}],"collection":[{"href":"https:\/\/www.monique-mathieu.com\/fr\/wp-json\/wp\/v2\/pages"}],"about":[{"href":"https:\/\/www.monique-mathieu.com\/fr\/wp-json\/wp\/v2\/types\/page"}],"author":[{"embeddable":true,"href":"https:\/\/www.monique-mathieu.com\/fr\/wp-json\/wp\/v2\/users\/2"}],"replies":[{"embeddable":true,"href":"https:\/\/www.monique-mathieu.com\/fr\/wp-json\/wp\/v2\/comments?post=3906"}],"version-history":[{"count":3,"href":"https:\/\/www.monique-mathieu.com\/fr\/wp-json\/wp\/v2\/pages\/3906\/revisions"}],"predecessor-version":[{"id":8850,"href":"https:\/\/www.monique-mathieu.com\/fr\/wp-json\/wp\/v2\/pages\/3906\/revisions\/8850"}],"wp:attachment":[{"href":"https:\/\/www.monique-mathieu.com\/fr\/wp-json\/wp\/v2\/media?parent=3906"}],"curies":[{"name":"wp","href":"https:\/\/api.w.org\/{rel}","templated":true}]}}