{"id":9195,"date":"2015-10-12T18:28:10","date_gmt":"2015-10-12T22:28:10","guid":{"rendered":"https:\/\/www.monique-mathieu.com\/product\/amelie-top-white\/"},"modified":"2025-10-08T11:20:13","modified_gmt":"2025-10-08T15:20:13","slug":"amelie-top-blanco-uniforme-spa","status":"publish","type":"product","link":"https:\/\/www.monique-mathieu.com\/es\/producto\/amelie-top-blanco-uniforme-spa\/","title":{"rendered":"Amelie Top Blanco"},"content":{"rendered":"<div id=\"dslc-theme-content\"><div id=\"dslc-theme-content-inner\"><p>Top Blanc,fermeture asym\u00e9trique con boutons carr\u00e9s en m\u00e9tal,2 poches de chaque c\u00f4t\u00e9,2 fentes de chaque c\u00f4t\u00e9 Mangas cortas, peque\u00f1as aberturas laterales y un peque\u00f1o bolsillo en el lado derecho debajo del busto.<\/p>\n<\/div><\/div>","protected":false},"excerpt":{"rendered":"<p>Top Blanc,fermeture asym\u00e9trique con boutons carr\u00e9s en m\u00e9tal,2 poches de chaque c\u00f4t\u00e9,2 fentes de chaque c\u00f4t\u00e9 El aspecto moderno ofrece una apariencia profesional y elegante.<\/p>\n<p>Longitud central de la espalda 70 cm (28 pulgadas).<\/p>\n<table>\n<tbody>\n<tr>\n<td><b>Tallas US<\/b><\/td>\n<td>02 &#8211; 12<\/td>\n<\/tr>\n<tr>\n<td><b>Medidas<\/b><\/td>\n<td>Haga clic aqui para ver la <a href=\"https:\/\/www.monique-mathieu.com\/measurement.pdf\" target=\"_blank\" rel=\"noopener\">tabla de tallas<\/a><\/td>\n<\/tr>\n<tr>\n<td><b>Tejido<\/b><\/td>\n<td>Gabardina (67% poli\u00e9ster, 33% algodon)<\/td>\n<\/tr>\n<tr>\n<td>Disponibilidad<\/td>\n<td>Blanco\/gabardina<\/td>\n<\/tr>\n<\/tbody>\n<\/table>\n","protected":false},"featured_media":9759,"template":"","meta":[],"product_brand":[],"product_cat":[415,118],"product_tag":[],"class_list":{"0":"post-9195","1":"product","2":"type-product","3":"status-publish","4":"has-post-thumbnail","6":"product_cat-mujeres","7":"product_cat-top","8":"product_shipping_class-products","9":"pa_size-us-02-es-2","10":"pa_size-us-04-es","11":"pa_size-us-06-es","12":"pa_size-us-08-es","13":"pa_size-us-10-es","14":"pa_size-us-12-es","16":"first","17":"instock","18":"taxable","19":"shipping-taxable","20":"purchasable","21":"product-type-variable"},"_links":{"self":[{"href":"https:\/\/www.monique-mathieu.com\/es\/wp-json\/wp\/v2\/product\/9195","targetHints":{"allow":["GET"]}}],"collection":[{"href":"https:\/\/www.monique-mathieu.com\/es\/wp-json\/wp\/v2\/product"}],"about":[{"href":"https:\/\/www.monique-mathieu.com\/es\/wp-json\/wp\/v2\/types\/product"}],"wp:featuredmedia":[{"embeddable":true,"href":"https:\/\/www.monique-mathieu.com\/es\/wp-json\/wp\/v2\/media\/9759"}],"wp:attachment":[{"href":"https:\/\/www.monique-mathieu.com\/es\/wp-json\/wp\/v2\/media?parent=9195"}],"wp:term":[{"taxonomy":"product_brand","embeddable":true,"href":"https:\/\/www.monique-mathieu.com\/es\/wp-json\/wp\/v2\/product_brand?post=9195"},{"taxonomy":"product_cat","embeddable":true,"href":"https:\/\/www.monique-mathieu.com\/es\/wp-json\/wp\/v2\/product_cat?post=9195"},{"taxonomy":"product_tag","embeddable":true,"href":"https:\/\/www.monique-mathieu.com\/es\/wp-json\/wp\/v2\/product_tag?post=9195"}],"curies":[{"name":"wp","href":"https:\/\/api.w.org\/{rel}","templated":true}]}}