{"id":1914,"date":"2014-12-04T19:15:43","date_gmt":"2014-12-05T00:15:43","guid":{"rendered":"http:\/\/50.22.11.20\/~moniquem\/product\/guante-exfoliacion\/"},"modified":"2025-10-08T11:20:45","modified_gmt":"2025-10-08T15:20:45","slug":"guanto-esfoliante","status":"publish","type":"product","link":"https:\/\/www.monique-mathieu.com\/es\/producto\/guanto-esfoliante\/","title":{"rendered":"Guante Exfoliante Original Marroqu\u00ed &#8211; Edici\u00f3n de Lujo"},"content":{"rendered":"<div id=\"dslc-theme-content\"><div id=\"dslc-theme-content-inner\"><ol>\n<li>10 por $<span style=\"text-decoration: line-through;\">198<\/span> <strong>$168.30<\/strong><\/li>\n<li>50 por <span style=\"text-decoration: line-through;\">$990<\/span> <strong>$693.00<\/strong><\/li>\n<li>100 por <span style=\"text-decoration: line-through;\">$1980<\/span> <strong>$1089<\/strong><\/li>\n<\/ol>\n<p><strong>Descripci\u00f3n:<\/strong><\/p>\n<p>El guante est\u00e1 confeccionado en tela marroqu\u00ed original con una elegante mu\u00f1equera de encaje el\u00e1stico franc\u00e9s.<\/p>\n<p>Empaque de lujo: Doblado en bolsa de organza transparente, cerrado con cinta de raso con logo impreso. Incluye instrucciones de manejo impresas en la etiqueta.<\/p>\n<p>Adecuado para venta al por menor y maravilloso regalo para sus clientes leales o durante eventos.<\/p>\n<p><strong>Benefits:<\/strong><\/p>\n<p>\u2022 Fuerte apoyo antienvejecimiento y regeneraci\u00f3n de la piel<\/p>\n<p>\u2022 Destapa los poros y elimina las c\u00e9lulas muertas de la piel para revelar una piel m\u00e1s suave, m\u00e1s radiante y notablemente m\u00e1s joven<\/p>\n<p>\u2022 Aclara el cutis y equilibra el tono y la textura de la piel<\/p>\n<p>\u2022 Promueve la elasticidad de la piel y la producci\u00f3n de col\u00e1geno<\/p>\n<p>\u2022 Ayuda a eliminar las toxinas da\u00f1inas que se acumulan a diario<\/p>\n<p>\u2022 Mejora la absorci\u00f3n de productos de belleza y cuidado de la piel para hacerlos m\u00e1s efectivos<\/p>\n<p>\u2022 Maybe used by all ages.<\/p>\n<\/div><\/div>","protected":false},"excerpt":{"rendered":"<ol>\n<li>10 por $<span style=\"text-decoration: line-through;\">198<\/span> <strong>$168.30<\/strong><\/li>\n<li>50 por <span style=\"text-decoration: line-through;\">$990<\/span> <strong>$693.00<\/strong><\/li>\n<li>100 por <span style=\"text-decoration: line-through;\">$1980<\/span> <strong>$1089<\/strong><\/li>\n<\/ol>\n<p><strong>Descripci\u00f3n:<\/strong><\/p>\n<p>El guante est\u00e1 confeccionado en tela marroqu\u00ed original con una elegante mu\u00f1equera de encaje el\u00e1stico franc\u00e9s.<\/p>\n<p>Empaque de lujo: Doblado en bolsa de organza transparente, cerrado con cinta de raso con logo impreso. Incluye instrucciones de manejo impresas en la etiqueta.<\/p>\n<p>Adecuado para venta al por menor y maravilloso regalo para sus clientes leales o durante eventos.<\/p>\n<p><strong>Beneficios<\/strong><\/p>\n<p>\u2022 Fuerte apoyo antienvejecimiento y regeneraci\u00f3n de la piel<\/p>\n<p>\u2022 Destapa los poros y elimina las c\u00e9lulas muertas de la piel para revelar una piel m\u00e1s suave, m\u00e1s radiante y notablemente m\u00e1s joven<\/p>\n<p>\u2022 Aclara el cutis y equilibra el tono y la textura de la piel<\/p>\n<p>\u2022 Promueve la elasticidad de la piel y la producci\u00f3n de col\u00e1geno<\/p>\n<p>\u2022 Ayuda a eliminar las toxinas da\u00f1inas que se acumulan a diario<\/p>\n<p>\u2022 Mejora la absorci\u00f3n de productos de belleza y cuidado de la piel para hacerlos m\u00e1s efectivos<\/p>\n<p>\u2022 Estimular la circulaci\u00f3n sangu\u00ednea<\/p>\n","protected":false},"featured_media":9899,"template":"","meta":[],"product_brand":[],"product_cat":[74],"product_tag":[],"class_list":{"0":"post-1914","1":"product","2":"type-product","3":"status-publish","4":"has-post-thumbnail","6":"product_cat-accesorios","7":"product_shipping_class-products","8":"pa_color-blanco","9":"pa_color-verde-lind","11":"first","12":"instock","13":"taxable","14":"shipping-taxable","15":"purchasable","16":"product-type-variable"},"_links":{"self":[{"href":"https:\/\/www.monique-mathieu.com\/es\/wp-json\/wp\/v2\/product\/1914","targetHints":{"allow":["GET"]}}],"collection":[{"href":"https:\/\/www.monique-mathieu.com\/es\/wp-json\/wp\/v2\/product"}],"about":[{"href":"https:\/\/www.monique-mathieu.com\/es\/wp-json\/wp\/v2\/types\/product"}],"wp:featuredmedia":[{"embeddable":true,"href":"https:\/\/www.monique-mathieu.com\/es\/wp-json\/wp\/v2\/media\/9899"}],"wp:attachment":[{"href":"https:\/\/www.monique-mathieu.com\/es\/wp-json\/wp\/v2\/media?parent=1914"}],"wp:term":[{"taxonomy":"product_brand","embeddable":true,"href":"https:\/\/www.monique-mathieu.com\/es\/wp-json\/wp\/v2\/product_brand?post=1914"},{"taxonomy":"product_cat","embeddable":true,"href":"https:\/\/www.monique-mathieu.com\/es\/wp-json\/wp\/v2\/product_cat?post=1914"},{"taxonomy":"product_tag","embeddable":true,"href":"https:\/\/www.monique-mathieu.com\/es\/wp-json\/wp\/v2\/product_tag?post=1914"}],"curies":[{"name":"wp","href":"https:\/\/api.w.org\/{rel}","templated":true}]}}