{"id":1790,"date":"2014-12-04T18:18:59","date_gmt":"2014-12-04T23:18:59","guid":{"rendered":"http:\/\/50.22.11.20\/~moniquem\/product\/art-2\/"},"modified":"2025-10-08T11:20:49","modified_gmt":"2025-10-08T15:20:49","slug":"art-man-top-uniform","status":"publish","type":"product","link":"https:\/\/www.monique-mathieu.com\/es\/producto\/art-man-top-uniform\/","title":{"rendered":"Art Top"},"content":{"rendered":"<div id=\"dslc-theme-content\"><div id=\"dslc-theme-content-inner\"><\/div><\/div>","protected":false},"excerpt":{"rendered":"<p>Chaqueta asim\u00e9trica de cuello mao cerrada con broches de presi\u00f3n met\u00e1licos cuadrados. Una abertura a cada lado y, adem\u00e1s, un bolsillo en el lado izquierdo a la altura de la cadera.<\/p>\n<p>Longitud central de la espalda 31 pulgadas (80 cm).<\/p>\n<p>Otros colores disponibles bajo pedido para una cantidad m\u00ednima de pedido de 20 piezas.<\/p>\n<p>Las tallas a partir de la 18 no son intercambiables ni reembolsables.<\/p>\n<table>\n<tbody>\n<tr>\n<td><b> Tama\u00f1os EE. UU.<\/b><\/td>\n<td>Small, Medium, Large, X-Large<\/td>\n<\/tr>\n<tr>\n<td><b>Mediciones<\/b><\/td>\n<td>Haga clic aqu\u00ed para ver <a href=\"\/measurement.pdf\" target=\"_blank\" rel=\"noopener\">la tabla de tallas<\/a><\/td>\n<\/tr>\n<tr>\n<td><b>Tela<\/b><\/td>\n<td>Gabardina<\/td>\n<\/tr>\n<tr>\n<td><strong>Disponibilidad<\/strong><\/td>\n<td>Blanco \/ gabardina, negro \/ gabardina<\/td>\n<\/tr>\n<\/tbody>\n<\/table>\n","protected":false},"featured_media":9769,"template":"","meta":[],"product_brand":[],"product_cat":[408,118],"product_tag":[],"class_list":{"0":"post-1790","1":"product","2":"type-product","3":"status-publish","4":"has-post-thumbnail","6":"product_cat-hombres","7":"product_cat-top","8":"product_shipping_class-products","9":"pa_color-blanco","10":"pa_color-negro","11":"pa_size-large-es","12":"pa_size-medium-es","13":"pa_size-small-es","15":"first","16":"instock","17":"taxable","18":"shipping-taxable","19":"purchasable","20":"product-type-variable"},"_links":{"self":[{"href":"https:\/\/www.monique-mathieu.com\/es\/wp-json\/wp\/v2\/product\/1790","targetHints":{"allow":["GET"]}}],"collection":[{"href":"https:\/\/www.monique-mathieu.com\/es\/wp-json\/wp\/v2\/product"}],"about":[{"href":"https:\/\/www.monique-mathieu.com\/es\/wp-json\/wp\/v2\/types\/product"}],"wp:featuredmedia":[{"embeddable":true,"href":"https:\/\/www.monique-mathieu.com\/es\/wp-json\/wp\/v2\/media\/9769"}],"wp:attachment":[{"href":"https:\/\/www.monique-mathieu.com\/es\/wp-json\/wp\/v2\/media?parent=1790"}],"wp:term":[{"taxonomy":"product_brand","embeddable":true,"href":"https:\/\/www.monique-mathieu.com\/es\/wp-json\/wp\/v2\/product_brand?post=1790"},{"taxonomy":"product_cat","embeddable":true,"href":"https:\/\/www.monique-mathieu.com\/es\/wp-json\/wp\/v2\/product_cat?post=1790"},{"taxonomy":"product_tag","embeddable":true,"href":"https:\/\/www.monique-mathieu.com\/es\/wp-json\/wp\/v2\/product_tag?post=1790"}],"curies":[{"name":"wp","href":"https:\/\/api.w.org\/{rel}","templated":true}]}}