{"id":1770,"date":"2014-12-04T18:08:42","date_gmt":"2014-12-04T23:08:42","guid":{"rendered":"http:\/\/50.22.11.20\/~moniquem\/product\/ame-2\/"},"modified":"2025-10-08T11:20:57","modified_gmt":"2025-10-08T15:20:57","slug":"ame-hombre-top-uniforme","status":"publish","type":"product","link":"https:\/\/www.monique-mathieu.com\/es\/producto\/ame-hombre-top-uniforme\/","title":{"rendered":"Ame Top"},"content":{"rendered":"<div id=\"dslc-theme-content\"><div id=\"dslc-theme-content-inner\"><\/div><\/div>","protected":false},"excerpt":{"rendered":"<p>Chaqueta asim\u00e9trica de cuello mao cerrada con broches de presi\u00f3n met\u00e1licos cuadrados. Una abertura a cada lado y, adem\u00e1s, un bolsillo en el lado izquierdo a la altura de la cadera.<\/p>\n<p>Longitud central de la espalda 31 pulgadas (80 cm).<\/p>\n<p>Otros colores disponibles bajo pedido para una cantidad m\u00ednima de pedido de 20 piezas.<\/p>\n<p>Las tallas a partir de la 18 no son intercambiables ni reembolsables.<\/p>\n<table>\n<tbody>\n<tr>\n<td><b> Tama\u00f1os EE. UU.<\/b><\/td>\n<td>Small, Medium, Large, X-Large<\/td>\n<\/tr>\n<tr>\n<td><b>Mediciones<\/b><\/td>\n<td>Haga clic aqu\u00ed para ver <a href=\"\/measurement.pdf\" target=\"_blank\" rel=\"noopener\">la tabla de tallas<\/a><\/td>\n<\/tr>\n<tr>\n<td><b>Tela<\/b><\/td>\n<td>Gabardina<\/td>\n<\/tr>\n<tr>\n<td><strong>Disponibilidad<\/strong><\/td>\n<td>Blanco \/ gabardina, negro \/ gabardina<\/td>\n<\/tr>\n<\/tbody>\n<\/table>\n","protected":false},"featured_media":9754,"template":"","meta":[],"product_brand":[],"product_cat":[408,118],"product_tag":[],"class_list":{"0":"post-1770","1":"product","2":"type-product","3":"status-publish","4":"has-post-thumbnail","6":"product_cat-hombres","7":"product_cat-top","8":"product_shipping_class-products","9":"pa_color-blanco","10":"pa_color-negro","11":"pa_size-large-es","12":"pa_size-medium-es","13":"pa_size-small-es","14":"pa_size-xl-es-2","16":"first","17":"instock","18":"taxable","19":"shipping-taxable","20":"purchasable","21":"product-type-variable"},"_links":{"self":[{"href":"https:\/\/www.monique-mathieu.com\/es\/wp-json\/wp\/v2\/product\/1770","targetHints":{"allow":["GET"]}}],"collection":[{"href":"https:\/\/www.monique-mathieu.com\/es\/wp-json\/wp\/v2\/product"}],"about":[{"href":"https:\/\/www.monique-mathieu.com\/es\/wp-json\/wp\/v2\/types\/product"}],"wp:featuredmedia":[{"embeddable":true,"href":"https:\/\/www.monique-mathieu.com\/es\/wp-json\/wp\/v2\/media\/9754"}],"wp:attachment":[{"href":"https:\/\/www.monique-mathieu.com\/es\/wp-json\/wp\/v2\/media?parent=1770"}],"wp:term":[{"taxonomy":"product_brand","embeddable":true,"href":"https:\/\/www.monique-mathieu.com\/es\/wp-json\/wp\/v2\/product_brand?post=1770"},{"taxonomy":"product_cat","embeddable":true,"href":"https:\/\/www.monique-mathieu.com\/es\/wp-json\/wp\/v2\/product_cat?post=1770"},{"taxonomy":"product_tag","embeddable":true,"href":"https:\/\/www.monique-mathieu.com\/es\/wp-json\/wp\/v2\/product_tag?post=1770"}],"curies":[{"name":"wp","href":"https:\/\/api.w.org\/{rel}","templated":true}]}}