{"id":1634,"date":"2014-12-04T17:33:54","date_gmt":"2014-12-04T22:33:54","guid":{"rendered":"http:\/\/50.22.11.20\/~moniquem\/product\/leggings-saludables\/"},"modified":"2025-10-08T11:21:06","modified_gmt":"2025-10-08T15:21:06","slug":"saludable-leggings-pantalon-spa","status":"publish","type":"product","link":"https:\/\/www.monique-mathieu.com\/es\/producto\/saludable-leggings-pantalon-spa\/","title":{"rendered":"Pantal\u00f3n de polainas saludables"},"content":{"rendered":"<div id=\"dslc-theme-content\"><div id=\"dslc-theme-content-inner\"><\/div><\/div>","protected":false},"excerpt":{"rendered":"<p>Mallas transpirables Second skin active wear con tejido moldeador adelgazante (La cafe\u00edna combinada con Cedrol estimulan la quema de grasa y ayudan a reducir la apariencia de la celulitis de manera eficiente) que funciona como un masaje para activar la microcirculaci\u00f3n.<\/p>\n<p>Nueva generaci\u00f3n de microc\u00e1psulas con la m\u00e1s alta concentraci\u00f3n de microc\u00e1psulas de ingredientes adelgazantes (Beneficio de reestructuraci\u00f3n de la piel: manteca de karit\u00e9, algas pardas y aceite de Inca Inchi nutren y mejoran la elasticidad de la piel dej\u00e1ndola m\u00e1s suave).<\/p>\n<p>Las tallas a partir de la 18 no son intercambiables ni reembolsables.<\/p>\n<table>\n<tbody>\n<tr>\n<td><b> Tama\u00f1os EE. UU.<\/b><\/td>\n<td>Small, Medium, Large<\/td>\n<\/tr>\n<tr>\n<td><b>Mediciones<\/b><\/td>\n<td>Haga clic aqu\u00ed para ver <a href=\"\/measurement.pdf\" target=\"_blank\" rel=\"noopener\">la tabla de tallas<\/a><\/td>\n<\/tr>\n<tr>\n<td><b>Tela<\/b><\/td>\n<td>90% Polyamid, 10% Elasthan<\/td>\n<\/tr>\n<tr>\n<td>Disponibilidad<\/td>\n<td>negro<\/td>\n<\/tr>\n<\/tbody>\n<\/table>\n","protected":false},"featured_media":9909,"template":"","meta":[],"product_brand":[],"product_cat":[111],"product_tag":[],"class_list":{"0":"post-1634","1":"product","2":"type-product","3":"status-publish","4":"has-post-thumbnail","6":"product_cat-pantalones","7":"product_shipping_class-products","8":"pa_size-large-es","9":"pa_size-medium-es","10":"pa_size-small-es","12":"first","13":"instock","14":"taxable","15":"shipping-taxable","16":"purchasable","17":"product-type-variable"},"_links":{"self":[{"href":"https:\/\/www.monique-mathieu.com\/es\/wp-json\/wp\/v2\/product\/1634","targetHints":{"allow":["GET"]}}],"collection":[{"href":"https:\/\/www.monique-mathieu.com\/es\/wp-json\/wp\/v2\/product"}],"about":[{"href":"https:\/\/www.monique-mathieu.com\/es\/wp-json\/wp\/v2\/types\/product"}],"wp:featuredmedia":[{"embeddable":true,"href":"https:\/\/www.monique-mathieu.com\/es\/wp-json\/wp\/v2\/media\/9909"}],"wp:attachment":[{"href":"https:\/\/www.monique-mathieu.com\/es\/wp-json\/wp\/v2\/media?parent=1634"}],"wp:term":[{"taxonomy":"product_brand","embeddable":true,"href":"https:\/\/www.monique-mathieu.com\/es\/wp-json\/wp\/v2\/product_brand?post=1634"},{"taxonomy":"product_cat","embeddable":true,"href":"https:\/\/www.monique-mathieu.com\/es\/wp-json\/wp\/v2\/product_cat?post=1634"},{"taxonomy":"product_tag","embeddable":true,"href":"https:\/\/www.monique-mathieu.com\/es\/wp-json\/wp\/v2\/product_tag?post=1634"}],"curies":[{"name":"wp","href":"https:\/\/api.w.org\/{rel}","templated":true}]}}