{"id":15332,"date":"2015-10-12T12:48:52","date_gmt":"2015-10-12T16:48:52","guid":{"rendered":"https:\/\/www.monique-mathieu.com\/product\/iris-vestido-blanco\/"},"modified":"2025-10-08T11:20:17","modified_gmt":"2025-10-08T15:20:17","slug":"iris-vestido-blanco-uniforme-spa","status":"publish","type":"product","link":"https:\/\/www.monique-mathieu.com\/es\/producto\/iris-vestido-blanco-uniforme-spa\/","title":{"rendered":"iris &#8211; vestido blanco"},"content":{"rendered":"<div id=\"dslc-theme-content\"><div id=\"dslc-theme-content-inner\"><\/div><\/div>","protected":false},"excerpt":{"rendered":"<p>Vestido de corte elegante con un look cl\u00e1sico caracterizado por c\u00f3modas mangas cortas, botones redondos blancos y cuello cuadrado. Adem\u00e1s, con dos bolsillos profundos en la parte delantera a la altura de la cadera y un bolsillo en el lado izquierdo del pecho.<\/p>\n<p>Longitud central de la espalda 37 pulgadas.<\/p>\n<p>Otros colores disponibles bajo pedido para una cantidad m\u00ednima de pedido de 20 piezas.<\/p>\n<p>Los art\u00edculos de venta no son intercambiables ni reembolsables.<\/p>\n<table>\n<tbody>\n<tr>\n<td><b>Tama\u00f1os EE. UU.<\/b><\/td>\n<td>04-10-12-14-16-18<\/td>\n<\/tr>\n<tr>\n<td><b> Mediciones<\/b><\/td>\n<td>Haga clic aqu\u00ed para ver <a href=\"https:\/\/www.monique-mathieu.com\/measurement.pdf\" target=\"_blank\" rel=\"noopener\">la tabla de tallas<\/a><\/td>\n<\/tr>\n<tr>\n<td><b>Tela<\/b><\/td>\n<td>Piqu\u00e9 (67% poli\u00e9ster, 33% algod\u00f3n)<\/td>\n<\/tr>\n<tr>\n<td><strong>Disponibilidad<\/strong><\/td>\n<td>blanco\/piqu\u00e9<\/td>\n<\/tr>\n<\/tbody>\n<\/table>\n","protected":false},"featured_media":9919,"template":"","meta":[],"product_brand":[],"product_cat":[1539],"product_tag":[],"class_list":{"0":"post-15332","1":"product","2":"type-product","3":"status-publish","4":"has-post-thumbnail","6":"product_cat-vestidos","7":"product_shipping_class-products","8":"pa_size-us-04-es","9":"pa_size-us-06-es","10":"pa_size-us-08-es","11":"pa_size-us-10-es","12":"pa_size-us-12-es","13":"pa_size-us-14-es","14":"pa_size-us-16-es","15":"pa_size-us-18-es","17":"first","18":"instock","19":"sale","20":"featured","21":"taxable","22":"shipping-taxable","23":"purchasable","24":"product-type-variable"},"_links":{"self":[{"href":"https:\/\/www.monique-mathieu.com\/es\/wp-json\/wp\/v2\/product\/15332","targetHints":{"allow":["GET"]}}],"collection":[{"href":"https:\/\/www.monique-mathieu.com\/es\/wp-json\/wp\/v2\/product"}],"about":[{"href":"https:\/\/www.monique-mathieu.com\/es\/wp-json\/wp\/v2\/types\/product"}],"wp:featuredmedia":[{"embeddable":true,"href":"https:\/\/www.monique-mathieu.com\/es\/wp-json\/wp\/v2\/media\/9919"}],"wp:attachment":[{"href":"https:\/\/www.monique-mathieu.com\/es\/wp-json\/wp\/v2\/media?parent=15332"}],"wp:term":[{"taxonomy":"product_brand","embeddable":true,"href":"https:\/\/www.monique-mathieu.com\/es\/wp-json\/wp\/v2\/product_brand?post=15332"},{"taxonomy":"product_cat","embeddable":true,"href":"https:\/\/www.monique-mathieu.com\/es\/wp-json\/wp\/v2\/product_cat?post=15332"},{"taxonomy":"product_tag","embeddable":true,"href":"https:\/\/www.monique-mathieu.com\/es\/wp-json\/wp\/v2\/product_tag?post=15332"}],"curies":[{"name":"wp","href":"https:\/\/api.w.org\/{rel}","templated":true}]}}