{"id":1400,"date":"2014-12-04T16:44:03","date_gmt":"2014-12-04T21:44:03","guid":{"rendered":"http:\/\/50.22.11.20\/~moniquem\/product\/sena-5\/"},"modified":"2023-04-29T09:25:55","modified_gmt":"2023-04-29T13:25:55","slug":"sena-spa-uniform-top","status":"publish","type":"product","link":"https:\/\/www.monique-mathieu.com\/es\/producto\/sena-spa-uniform-top\/","title":{"rendered":"Sena Top"},"content":{"rendered":"<div id=\"dslc-theme-content\"><div id=\"dslc-theme-content-inner\"><\/div><\/div>","protected":false},"excerpt":{"rendered":"<p>Top asim\u00e9trico de manga corta kimono de corte elegante con un bolsillo a cada lado cerrado con botones a presi\u00f3n cuadrados met\u00e1licos plateados. Adicionalmente con inserciones laterales elastizadas para un mejor movimiento. El aspecto moderno ofrece una apariencia profesional y elegante.<\/p>\n<p>Longitud central de la espalda 70 cm (28 pulgadas).<\/p>\n<p>Las tallas a partir de la 18 no son intercambiables ni reembolsables.<\/p>\n<table>\n<tbody>\n<tr>\n<td><b> Tama\u00f1os EE. UU.<\/b><\/td>\n<td>02 &#8211; 20<\/td>\n<\/tr>\n<tr>\n<td><b>Mediciones<\/b><\/td>\n<td>Haga clic aqu\u00ed para ver <a href=\"\/measurement.pdf\" target=\"_blank\" rel=\"noopener\">la tabla de tallas<\/a><\/td>\n<\/tr>\n<tr>\n<td><b>Tela<\/b><\/td>\n<td>Piqu\u00e9 (67% poli\u00e9ster, 33% algod\u00f3n)<\/td>\n<\/tr>\n<tr>\n<td>Disponibilidad<\/td>\n<td>blanco\/piqu\u00e9, negro\/piqu\u00e9<\/td>\n<\/tr>\n<\/tbody>\n<\/table>\n","protected":false},"featured_media":10109,"template":"","meta":[],"product_brand":[],"product_cat":[415,118],"product_tag":[],"class_list":{"0":"post-1400","1":"product","2":"type-product","3":"status-publish","4":"has-post-thumbnail","6":"product_cat-mujeres","7":"product_cat-top","8":"product_shipping_class-products","10":"pa_color-blanco","11":"pa_color-negro","12":"pa_size-us-02-es-2","13":"pa_size-us-04-es","14":"pa_size-us-06-es","15":"pa_size-us-08-es","16":"pa_size-us-10-es","17":"pa_size-us-12-es","18":"pa_size-us-14-es","19":"pa_size-us-16-es","20":"pa_size-us-18-es","21":"pa_size-us-20-es","23":"first","24":"instock","25":"taxable","26":"shipping-taxable","27":"purchasable","28":"product-type-variable"},"_links":{"self":[{"href":"https:\/\/www.monique-mathieu.com\/es\/wp-json\/wp\/v2\/product\/1400","targetHints":{"allow":["GET"]}}],"collection":[{"href":"https:\/\/www.monique-mathieu.com\/es\/wp-json\/wp\/v2\/product"}],"about":[{"href":"https:\/\/www.monique-mathieu.com\/es\/wp-json\/wp\/v2\/types\/product"}],"wp:featuredmedia":[{"embeddable":true,"href":"https:\/\/www.monique-mathieu.com\/es\/wp-json\/wp\/v2\/media\/10109"}],"wp:attachment":[{"href":"https:\/\/www.monique-mathieu.com\/es\/wp-json\/wp\/v2\/media?parent=1400"}],"wp:term":[{"taxonomy":"product_brand","embeddable":true,"href":"https:\/\/www.monique-mathieu.com\/es\/wp-json\/wp\/v2\/product_brand?post=1400"},{"taxonomy":"product_cat","embeddable":true,"href":"https:\/\/www.monique-mathieu.com\/es\/wp-json\/wp\/v2\/product_cat?post=1400"},{"taxonomy":"product_tag","embeddable":true,"href":"https:\/\/www.monique-mathieu.com\/es\/wp-json\/wp\/v2\/product_tag?post=1400"}],"curies":[{"name":"wp","href":"https:\/\/api.w.org\/{rel}","templated":true}]}}