{"id":1355,"date":"2014-12-04T16:34:15","date_gmt":"2014-12-04T21:34:15","guid":{"rendered":"http:\/\/50.22.11.20\/~moniquem\/product\/paris-5\/"},"modified":"2023-04-29T09:21:06","modified_gmt":"2023-04-29T13:21:06","slug":"paris-spa-uniform-top","status":"publish","type":"product","link":"https:\/\/www.monique-mathieu.com\/es\/producto\/paris-spa-uniform-top\/","title":{"rendered":"Paris Top"},"content":{"rendered":"<div id=\"dslc-theme-content\"><div id=\"dslc-theme-content-inner\"><\/div><\/div>","protected":false},"excerpt":{"rendered":"<p>Top asim\u00e9trico cerrado con corchetes met\u00e1licos rectangulares plateados caracterizado por escote rectangular con cuello, canes\u00fa a la cadera, un bolsillo horizontal en el lado delantero derecho y mangas 3\/4 con peque\u00f1as aberturas para mayor movimiento.<\/p>\n<p>Longitud central de la espalda 29,5 pulgadas (75 cm).<\/p>\n<p>Otros colores disponibles bajo pedido para una cantidad m\u00ednima de pedido de 20 piezas.<\/p>\n<p>Las tallas a partir de la 18 no son intercambiables ni reembolsables.<\/p>\n<table>\n<tbody>\n<tr>\n<td><b> Tama\u00f1os EE. UU.<\/b><\/td>\n<td>02 &#8211; 20<\/td>\n<\/tr>\n<tr>\n<td><b>Mediciones<\/b><\/td>\n<td>Haga clic aqu\u00ed para ver <a href=\"\/measurement.pdf\" target=\"_blank\" rel=\"noopener\">la tabla de tallas<\/a><\/td>\n<\/tr>\n<tr>\n<td><b>Tela<\/b><\/td>\n<td>Gabardina o Piqu\u00e9 (67% poli\u00e9ster, 33% algod\u00f3n)<\/td>\n<\/tr>\n<tr>\n<td><b>Disponibilidad<\/b><\/td>\n<td>Blanco \/ gabardina, negro \/ gabardina<\/td>\n<\/tr>\n<\/tbody>\n<\/table>\n","protected":false},"featured_media":10054,"template":"","meta":[],"product_brand":[],"product_cat":[415,118],"product_tag":[],"class_list":{"0":"post-1355","1":"product","2":"type-product","3":"status-publish","4":"has-post-thumbnail","6":"product_cat-mujeres","7":"product_cat-top","8":"product_shipping_class-products","9":"pa_color-blanco","10":"pa_color-negro","11":"pa_size-us-02-es-2","12":"pa_size-us-04-es","13":"pa_size-us-06-es","14":"pa_size-us-08-es","15":"pa_size-us-10-es","16":"pa_size-us-12-es","17":"pa_size-us-14-es","18":"pa_size-us-16-es","19":"pa_size-us-18-es","20":"pa_size-us-20-es","22":"first","23":"instock","24":"taxable","25":"shipping-taxable","26":"purchasable","27":"product-type-variable","28":"has-default-attributes"},"_links":{"self":[{"href":"https:\/\/www.monique-mathieu.com\/es\/wp-json\/wp\/v2\/product\/1355","targetHints":{"allow":["GET"]}}],"collection":[{"href":"https:\/\/www.monique-mathieu.com\/es\/wp-json\/wp\/v2\/product"}],"about":[{"href":"https:\/\/www.monique-mathieu.com\/es\/wp-json\/wp\/v2\/types\/product"}],"wp:featuredmedia":[{"embeddable":true,"href":"https:\/\/www.monique-mathieu.com\/es\/wp-json\/wp\/v2\/media\/10054"}],"wp:attachment":[{"href":"https:\/\/www.monique-mathieu.com\/es\/wp-json\/wp\/v2\/media?parent=1355"}],"wp:term":[{"taxonomy":"product_brand","embeddable":true,"href":"https:\/\/www.monique-mathieu.com\/es\/wp-json\/wp\/v2\/product_brand?post=1355"},{"taxonomy":"product_cat","embeddable":true,"href":"https:\/\/www.monique-mathieu.com\/es\/wp-json\/wp\/v2\/product_cat?post=1355"},{"taxonomy":"product_tag","embeddable":true,"href":"https:\/\/www.monique-mathieu.com\/es\/wp-json\/wp\/v2\/product_tag?post=1355"}],"curies":[{"name":"wp","href":"https:\/\/api.w.org\/{rel}","templated":true}]}}