{"id":1306,"date":"2014-12-04T15:49:28","date_gmt":"2014-12-04T20:49:28","guid":{"rendered":"http:\/\/50.22.11.20\/~moniquem\/product\/monza\/"},"modified":"2025-10-08T11:17:19","modified_gmt":"2025-10-08T15:17:19","slug":"monza-spa-uniform-top","status":"publish","type":"product","link":"https:\/\/www.monique-mathieu.com\/es\/producto\/monza-spa-uniform-top\/","title":{"rendered":"Monza &#8211; Bata de laboratorio"},"content":{"rendered":"<div id=\"dslc-theme-content\"><div id=\"dslc-theme-content-inner\"><\/div><\/div>","protected":false},"excerpt":{"rendered":"<p>Bata de laboratorio hasta la rodilla con manga larga terminada en pu\u00f1os el\u00e1sticos, cuello mao y cierre frontal con botones ocultos. Tambi\u00e9n tiene dos bolsillos de parche en el pecho y dos bolsillos de parche en la parte inferior de la cadera para llevar todos sus art\u00edculos esenciales y medio cintur\u00f3n en la parte posterior del abrigo.<\/p>\n<p>Longitud central de la espalda 39 pulgadas (99 cm).<\/p>\n<p>Otros colores disponibles bajo pedido para una cantidad m\u00ednima de pedido de 20 piezas.<\/p>\n<p>Las tallas a partir de la 18 no son intercambiables ni reembolsables.<\/p>\n<table>\n<tbody>\n<tr>\n<td><b>Tama\u00f1os EE. UU.<\/b><\/td>\n<td>Small, Medium, Large, X-Large<\/td>\n<\/tr>\n<tr>\n<td><b> Mediciones<\/b><\/td>\n<td>Haga clic aqu\u00ed para ver <a href=\"\/measurement.pdf\" target=\"_blank\" rel=\"noopener\">la tabla de tallas<\/a><\/td>\n<\/tr>\n<tr>\n<td><b>Tela<\/b><\/td>\n<td>Gabardina<\/td>\n<\/tr>\n<tr>\n<td><strong>Disponibilidad<\/strong><\/td>\n<td>blanco\/gabardina<\/td>\n<\/tr>\n<\/tbody>\n<\/table>\n","protected":false},"featured_media":10019,"template":"","meta":[],"product_brand":[],"product_cat":[75],"product_tag":[],"class_list":{"0":"post-1306","1":"product","2":"type-product","3":"status-publish","4":"has-post-thumbnail","6":"product_cat-batas-laboratorio","7":"product_shipping_class-products","8":"pa_size-large-es","9":"pa_size-medium-es","10":"pa_size-small-es","11":"pa_size-xl-es-2","13":"first","14":"instock","15":"taxable","16":"shipping-taxable","17":"purchasable","18":"product-type-variable"},"_links":{"self":[{"href":"https:\/\/www.monique-mathieu.com\/es\/wp-json\/wp\/v2\/product\/1306","targetHints":{"allow":["GET"]}}],"collection":[{"href":"https:\/\/www.monique-mathieu.com\/es\/wp-json\/wp\/v2\/product"}],"about":[{"href":"https:\/\/www.monique-mathieu.com\/es\/wp-json\/wp\/v2\/types\/product"}],"wp:featuredmedia":[{"embeddable":true,"href":"https:\/\/www.monique-mathieu.com\/es\/wp-json\/wp\/v2\/media\/10019"}],"wp:attachment":[{"href":"https:\/\/www.monique-mathieu.com\/es\/wp-json\/wp\/v2\/media?parent=1306"}],"wp:term":[{"taxonomy":"product_brand","embeddable":true,"href":"https:\/\/www.monique-mathieu.com\/es\/wp-json\/wp\/v2\/product_brand?post=1306"},{"taxonomy":"product_cat","embeddable":true,"href":"https:\/\/www.monique-mathieu.com\/es\/wp-json\/wp\/v2\/product_cat?post=1306"},{"taxonomy":"product_tag","embeddable":true,"href":"https:\/\/www.monique-mathieu.com\/es\/wp-json\/wp\/v2\/product_tag?post=1306"}],"curies":[{"name":"wp","href":"https:\/\/api.w.org\/{rel}","templated":true}]}}