{"id":1280,"date":"2014-12-04T15:40:45","date_gmt":"2014-12-04T20:40:45","guid":{"rendered":"http:\/\/50.22.11.20\/~moniquem\/product\/lina-5\/"},"modified":"2025-10-08T11:17:21","modified_gmt":"2025-10-08T15:17:21","slug":"lina-spa-uniform-top","status":"publish","type":"product","link":"https:\/\/www.monique-mathieu.com\/es\/producto\/lina-spa-uniform-top\/","title":{"rendered":"Lina Top"},"content":{"rendered":"<div id=\"dslc-theme-content\"><div id=\"dslc-theme-content-inner\"><\/div><\/div>","protected":false},"excerpt":{"rendered":"<p>Elegante top de manga corta con un bonito escote en pico cerrado con cuatro botones met\u00e1licos de doble pasador. Adicionalmente con aberturas laterales y bolsillos laterales en ambos lados.<\/p>\n<p>Longitud central de la espalda 28 pulgadas (72 cm).<\/p>\n<p>Otros colores disponibles bajo pedido para una cantidad m\u00ednima de pedido de 20 piezas.<\/p>\n<p>Las tallas a partir de la 18 no son intercambiables ni reembolsables.<\/p>\n<table>\n<tbody>\n<tr>\n<td><b>Tama\u00f1os EE. UU.<\/b><\/td>\n<td>02 &#8211; 20<\/td>\n<\/tr>\n<tr>\n<td><b> Mediciones<\/b><\/td>\n<td>Haga clic aqu\u00ed para ver <a href=\"\/measurement.pdf\" target=\"_blank\" rel=\"noopener\">la tabla de tallas<\/a><\/td>\n<\/tr>\n<tr>\n<td><b>Tela<\/b><\/td>\n<td>Gabardina o Piqu\u00e9 (67% poli\u00e9ster, 33% algod\u00f3n)<\/td>\n<\/tr>\n<tr>\n<td><strong>Disponibilidad<\/strong><\/td>\n<td>Blanco \/ piqu\u00e9, negro \/ gabardina<\/td>\n<\/tr>\n<\/tbody>\n<\/table>\n","protected":false},"featured_media":9989,"template":"","meta":[],"product_brand":[],"product_cat":[415,118],"product_tag":[],"class_list":{"0":"post-1280","1":"product","2":"type-product","3":"status-publish","4":"has-post-thumbnail","6":"product_cat-mujeres","7":"product_cat-top","8":"product_shipping_class-products","9":"pa_color-blanco","10":"pa_color-champan","11":"pa_color-negro","12":"pa_size-us-02-es-2","13":"pa_size-us-04-es","14":"pa_size-us-06-es","15":"pa_size-us-08-es","16":"pa_size-us-10-es","17":"pa_size-us-12-es","18":"pa_size-us-14-es","19":"pa_size-us-16-es","20":"pa_size-us-18-es","21":"pa_size-us-20-es","23":"first","24":"instock","25":"taxable","26":"shipping-taxable","27":"purchasable","28":"product-type-variable"},"_links":{"self":[{"href":"https:\/\/www.monique-mathieu.com\/es\/wp-json\/wp\/v2\/product\/1280","targetHints":{"allow":["GET"]}}],"collection":[{"href":"https:\/\/www.monique-mathieu.com\/es\/wp-json\/wp\/v2\/product"}],"about":[{"href":"https:\/\/www.monique-mathieu.com\/es\/wp-json\/wp\/v2\/types\/product"}],"wp:featuredmedia":[{"embeddable":true,"href":"https:\/\/www.monique-mathieu.com\/es\/wp-json\/wp\/v2\/media\/9989"}],"wp:attachment":[{"href":"https:\/\/www.monique-mathieu.com\/es\/wp-json\/wp\/v2\/media?parent=1280"}],"wp:term":[{"taxonomy":"product_brand","embeddable":true,"href":"https:\/\/www.monique-mathieu.com\/es\/wp-json\/wp\/v2\/product_brand?post=1280"},{"taxonomy":"product_cat","embeddable":true,"href":"https:\/\/www.monique-mathieu.com\/es\/wp-json\/wp\/v2\/product_cat?post=1280"},{"taxonomy":"product_tag","embeddable":true,"href":"https:\/\/www.monique-mathieu.com\/es\/wp-json\/wp\/v2\/product_tag?post=1280"}],"curies":[{"name":"wp","href":"https:\/\/api.w.org\/{rel}","templated":true}]}}