{"id":1130,"date":"2014-12-04T14:21:13","date_gmt":"2014-12-04T19:21:13","guid":{"rendered":"http:\/\/50.22.11.20\/~moniquem\/product\/java-2\/"},"modified":"2025-10-08T11:17:34","modified_gmt":"2025-10-08T15:17:34","slug":"java-spa-uniforme-top","status":"publish","type":"product","link":"https:\/\/www.monique-mathieu.com\/es\/producto\/java-spa-uniforme-top\/","title":{"rendered":"Java Top"},"content":{"rendered":"<div id=\"dslc-theme-content\"><div id=\"dslc-theme-content-inner\"><\/div><\/div>","protected":false},"excerpt":{"rendered":"<p>Top asim\u00e9trico de corte elegante con manga kimono, cierre mediante pasador met\u00e1lico plateado y cuello estilo Mao. Adem\u00e1s, con dos bolsillos laterales e inserciones laterales el\u00e1sticas para facilitar el movimiento.<\/p>\n<p>Longitud central de la espalda 24 pulgadas (62 cm).<\/p>\n<p>Las tallas a partir de la 18 no son intercambiables ni reembolsables.<\/p>\n<table>\n<tbody>\n<tr>\n<td><b>Tama\u00f1os EE. UU.<\/b><\/td>\n<td>02 &#8211; 20<\/td>\n<\/tr>\n<tr>\n<td><b> Mediciones<\/b><\/td>\n<td>Haga clic aqu\u00ed para ver <a href=\"\/measurement.pdf\" target=\"_blank\" rel=\"noopener\">la tabla de tallas<\/a><\/td>\n<\/tr>\n<tr>\n<td><b>Tela<\/b><\/td>\n<td>Gabardina o Piqu\u00e9 (67% poli\u00e9ster, 33% algod\u00f3n)<\/td>\n<\/tr>\n<tr>\n<td><strong>Disponibilidad<\/strong><\/td>\n<td>Blanco \/ piqu\u00e9, negro \/ gabardina<\/td>\n<\/tr>\n<\/tbody>\n<\/table>\n","protected":false},"featured_media":9929,"template":"","meta":[],"product_brand":[],"product_cat":[415,118],"product_tag":[],"class_list":{"0":"post-1130","1":"product","2":"type-product","3":"status-publish","4":"has-post-thumbnail","6":"product_cat-mujeres","7":"product_cat-top","8":"product_shipping_class-products","9":"pa_color-blanco","10":"pa_color-negro","11":"pa_size-us-02-es-2","12":"pa_size-us-04-es","13":"pa_size-us-06-es","14":"pa_size-us-08-es","15":"pa_size-us-10-es","16":"pa_size-us-12-es","17":"pa_size-us-14-es","18":"pa_size-us-16-es","19":"pa_size-us-18-es","20":"pa_size-us-20-es","22":"first","23":"instock","24":"taxable","25":"shipping-taxable","26":"purchasable","27":"product-type-variable","28":"has-default-attributes"},"_links":{"self":[{"href":"https:\/\/www.monique-mathieu.com\/es\/wp-json\/wp\/v2\/product\/1130","targetHints":{"allow":["GET"]}}],"collection":[{"href":"https:\/\/www.monique-mathieu.com\/es\/wp-json\/wp\/v2\/product"}],"about":[{"href":"https:\/\/www.monique-mathieu.com\/es\/wp-json\/wp\/v2\/types\/product"}],"wp:featuredmedia":[{"embeddable":true,"href":"https:\/\/www.monique-mathieu.com\/es\/wp-json\/wp\/v2\/media\/9929"}],"wp:attachment":[{"href":"https:\/\/www.monique-mathieu.com\/es\/wp-json\/wp\/v2\/media?parent=1130"}],"wp:term":[{"taxonomy":"product_brand","embeddable":true,"href":"https:\/\/www.monique-mathieu.com\/es\/wp-json\/wp\/v2\/product_brand?post=1130"},{"taxonomy":"product_cat","embeddable":true,"href":"https:\/\/www.monique-mathieu.com\/es\/wp-json\/wp\/v2\/product_cat?post=1130"},{"taxonomy":"product_tag","embeddable":true,"href":"https:\/\/www.monique-mathieu.com\/es\/wp-json\/wp\/v2\/product_tag?post=1130"}],"curies":[{"name":"wp","href":"https:\/\/api.w.org\/{rel}","templated":true}]}}