{"id":1058,"date":"2014-12-04T13:47:10","date_gmt":"2014-12-04T18:47:10","guid":{"rendered":"http:\/\/50.22.11.20\/~moniquem\/product\/china-2\/"},"modified":"2025-10-08T11:17:44","modified_gmt":"2025-10-08T15:17:44","slug":"china-spa-uniforme-top","status":"publish","type":"product","link":"https:\/\/www.monique-mathieu.com\/es\/producto\/china-spa-uniforme-top\/","title":{"rendered":"China Top"},"content":{"rendered":"<div id=\"dslc-theme-content\"><div id=\"dslc-theme-content-inner\"><\/div><\/div>","protected":false},"excerpt":{"rendered":"<p>Top petite asim\u00e9trico de manga corta, con largas aberturas laterales y cintura slim fit. Cierre con cuatro broches de presi\u00f3n plateados y cremallera en el lado izquierdo y un peque\u00f1o bolsillo en el lado derecho debajo del busto.<\/p>\n<p>Longitud central de la espalda 71 cm (28 pulgadas).<\/p>\n<p>Otros colores disponibles bajo pedido para una cantidad m\u00ednima de pedido de 20 piezas.<\/p>\n<p>Las tallas a partir de la 18 no son intercambiables ni reembolsables.<\/p>\n<table id=\"table2\" border=\"0\" width=\"73%\">\n<tbody>\n<tr>\n<td><strong>Tama\u00f1os EE. UU.<\/strong><\/td>\n<td>02 &#8211; 16<\/td>\n<\/tr>\n<tr>\n<td><strong>Mediciones<\/strong><\/td>\n<td>Haga clic aqu\u00ed para ver <a href=\"\/measurement.pdf\" target=\"_blank\" rel=\"noopener\">la tabla de tallas<\/a><\/td>\n<\/tr>\n<tr>\n<td><strong>Tela<\/strong><\/td>\n<td>Gabardina o Piqu\u00e9<\/td>\n<\/tr>\n<tr>\n<td><strong>Disponibilidad<\/strong><\/td>\n<td>blanco\/piqu\u00e9, marr\u00f3n\/gabardina, negro\/gabardina<\/td>\n<\/tr>\n<\/tbody>\n<\/table>\n","protected":false},"featured_media":9849,"template":"","meta":[],"product_brand":[],"product_cat":[415,118],"product_tag":[466],"class_list":{"0":"post-1058","1":"product","2":"type-product","3":"status-publish","4":"has-post-thumbnail","6":"product_cat-mujeres","7":"product_cat-top","8":"product_tag-china-top-es","9":"product_shipping_class-products","10":"pa_color-blanco","11":"pa_color-marro-n","12":"pa_color-negro","13":"pa_size-us-02-es-2","14":"pa_size-us-04-es","15":"pa_size-us-06-es","16":"pa_size-us-08-es","17":"pa_size-us-10-es","18":"pa_size-us-12-es","19":"pa_size-us-14-es","20":"pa_size-us-16-es","22":"first","23":"instock","24":"taxable","25":"shipping-taxable","26":"purchasable","27":"product-type-variable"},"_links":{"self":[{"href":"https:\/\/www.monique-mathieu.com\/es\/wp-json\/wp\/v2\/product\/1058","targetHints":{"allow":["GET"]}}],"collection":[{"href":"https:\/\/www.monique-mathieu.com\/es\/wp-json\/wp\/v2\/product"}],"about":[{"href":"https:\/\/www.monique-mathieu.com\/es\/wp-json\/wp\/v2\/types\/product"}],"wp:featuredmedia":[{"embeddable":true,"href":"https:\/\/www.monique-mathieu.com\/es\/wp-json\/wp\/v2\/media\/9849"}],"wp:attachment":[{"href":"https:\/\/www.monique-mathieu.com\/es\/wp-json\/wp\/v2\/media?parent=1058"}],"wp:term":[{"taxonomy":"product_brand","embeddable":true,"href":"https:\/\/www.monique-mathieu.com\/es\/wp-json\/wp\/v2\/product_brand?post=1058"},{"taxonomy":"product_cat","embeddable":true,"href":"https:\/\/www.monique-mathieu.com\/es\/wp-json\/wp\/v2\/product_cat?post=1058"},{"taxonomy":"product_tag","embeddable":true,"href":"https:\/\/www.monique-mathieu.com\/es\/wp-json\/wp\/v2\/product_tag?post=1058"}],"curies":[{"name":"wp","href":"https:\/\/api.w.org\/{rel}","templated":true}]}}