{"id":881,"date":"2015-01-09T16:11:52","date_gmt":"2015-01-09T21:11:52","guid":{"rendered":"http:\/\/50.22.11.20\/~moniquem\/about-us-2-2\/"},"modified":"2022-02-28T05:35:48","modified_gmt":"2022-02-28T10:35:48","slug":"about-us-2","status":"publish","type":"page","link":"https:\/\/www.monique-mathieu.com\/es\/about-us-2\/","title":{"rendered":"Sobre nosotras"},"content":{"rendered":"<div id=\"dslc-theme-content\"><div id=\"dslc-theme-content-inner\">\n<h1 class=\"wp-block-heading\" id=\"monique-mathieu-devoted-to-fashion\">Monique Mathieu dedicada a la moda.<\/h1>\n\n<div class=\"wp-block-media-text alignwide has-media-on-the-right is-stacked-on-mobile is-vertically-aligned-top\" style=\"grid-template-columns:auto 32%\"><figure class=\"wp-block-media-text__media\"><img loading=\"lazy\" decoding=\"async\" width=\"597\" height=\"738\" src=\"https:\/\/www.monique-mathieu.com\/wp-content\/uploads\/2022\/02\/pic-6.jpg\" alt=\"Par\u00eds - Vista de la Torre Eiffel\" class=\"wp-image-10284 size-full\" srcset=\"https:\/\/www.monique-mathieu.com\/wp-content\/uploads\/2022\/02\/pic-6.jpg 597w, https:\/\/www.monique-mathieu.com\/wp-content\/uploads\/2022\/02\/pic-6-400x494.jpg 400w\" sizes=\"auto, (max-width: 597px) 100vw, 597px\" \/><\/figure><div class=\"wp-block-media-text__content\">\n<p style=\"font-size:16px\">En el transcurso de los \u00faltimos 25 a\u00f1os, la l\u00ednea de productos de la marca de renombre internacional Monique Mathieu, Par\u00eds, ha sido seleccionada por un gran n\u00famero de spas de d\u00eda\/resort\/m\u00e9dicos y profesionales de la industria de la belleza.<\/p>\n\n\n\n<p style=\"font-size:16px\">La colecci\u00f3n Monique Mathieu, Par\u00eds definitivamente ayuda a sus clientes a causar una impresi\u00f3n fuerte y positiva en los visitantes en sus lujosas salas de tratamiento.<\/p>\n\n\n\n<p style=\"font-size:16px\">Al mirar su colecci\u00f3n, se vuelve obvio que Monique Mathieu fue aprendiz de dise\u00f1adora de vestuario y estilista y trabaj\u00f3 para las mejores casas de alta costura como Balenciaga, Givenchy y Guy Laroche.<\/p>\n\n\n\n<p style=\"font-size:16px\">Desde entonces, Monique Mathieu ha dedicado su talento creativo y sus conocimientos al dise\u00f1o y la fabricaci\u00f3n de ropa profesional de primera l\u00ednea para hombres y mujeres.<\/p>\n\n\n\n<p style=\"font-size:16px\">Ella sobresale como ninguna en transformar los uniformes de spa en una prenda \u00fanica, exclusiva y de alta calidad. Te sorprender\u00e1 descubrir la respuesta de Monique a la moda y la funcionalidad. Todos los uniformes est\u00e1n confeccionados con tejidos europeos de la m\u00e1s alta calidad, lo que explica la calidad excepcional de su colecci\u00f3n.<\/p>\n\n\n\n<p style=\"font-size:16px\">Hoy, su clientela internacional incluye La Prairie, Lanc\u00f4me y el Hotel Ritz, solo por mencionar algunos.<\/p>\n\n\n\n<div class=\"wp-block-image\"><figure class=\"alignright size-medium is-resized\"><img decoding=\"async\" src=\"https:\/\/www.monique-mathieu.com\/wp-content\/uploads\/2022\/02\/Signature-400x232.png\" alt=\"\" class=\"wp-image-10294\" width=\"-304\" height=\"-176\" srcset=\"https:\/\/www.monique-mathieu.com\/wp-content\/uploads\/2022\/02\/Signature-400x232.png 400w, https:\/\/www.monique-mathieu.com\/wp-content\/uploads\/2022\/02\/Signature-600x347.png 600w, https:\/\/www.monique-mathieu.com\/wp-content\/uploads\/2022\/02\/Signature.png 641w\" sizes=\"(max-width: 400px) 100vw, 400px\" \/><figcaption>Monnique Mathieu<\/figcaption><\/figure><\/div>\n\n\n\n<div class=\"wp-block-image\"><figure class=\"alignleft size-full\"><img loading=\"lazy\" decoding=\"async\" width=\"201\" height=\"240\" src=\"https:\/\/www.monique-mathieu.com\/wp-content\/uploads\/2022\/02\/MoniqueMathieuPortrait1.jpg\" alt=\"\" class=\"wp-image-10289\"\/><figcaption>Monique Mathieu<\/figcaption><\/figure><\/div>\n<\/div><\/div>\n<\/div><\/div>","protected":false},"excerpt":{"rendered":"<p>Monique Mathieu dedicada a la moda.<\/p>\n","protected":false},"author":2,"featured_media":0,"parent":0,"menu_order":0,"comment_status":"open","ping_status":"closed","template":"","meta":{"footnotes":""},"class_list":["post-881","page","type-page","status-publish","hentry"],"_links":{"self":[{"href":"https:\/\/www.monique-mathieu.com\/es\/wp-json\/wp\/v2\/pages\/881","targetHints":{"allow":["GET"]}}],"collection":[{"href":"https:\/\/www.monique-mathieu.com\/es\/wp-json\/wp\/v2\/pages"}],"about":[{"href":"https:\/\/www.monique-mathieu.com\/es\/wp-json\/wp\/v2\/types\/page"}],"author":[{"embeddable":true,"href":"https:\/\/www.monique-mathieu.com\/es\/wp-json\/wp\/v2\/users\/2"}],"replies":[{"embeddable":true,"href":"https:\/\/www.monique-mathieu.com\/es\/wp-json\/wp\/v2\/comments?post=881"}],"version-history":[{"count":19,"href":"https:\/\/www.monique-mathieu.com\/es\/wp-json\/wp\/v2\/pages\/881\/revisions"}],"predecessor-version":[{"id":10997,"href":"https:\/\/www.monique-mathieu.com\/es\/wp-json\/wp\/v2\/pages\/881\/revisions\/10997"}],"wp:attachment":[{"href":"https:\/\/www.monique-mathieu.com\/es\/wp-json\/wp\/v2\/media?parent=881"}],"curies":[{"name":"wp","href":"https:\/\/api.w.org\/{rel}","templated":true}]}}