{"id":3909,"date":"2015-06-10T21:55:12","date_gmt":"2015-06-11T01:55:12","guid":{"rendered":"https:\/\/www.monique-mathieu.com\/privacy-policy-2\/"},"modified":"2021-08-31T03:40:21","modified_gmt":"2021-08-31T08:40:21","slug":"privacy-policy","status":"publish","type":"page","link":"https:\/\/www.monique-mathieu.com\/es\/privacy-policy\/","title":{"rendered":"Pol\u00edtica de privacidad y condiciones"},"content":{"rendered":"<div id=\"dslc-theme-content\"><div id=\"dslc-theme-content-inner\"><h3>Pol\u00edtica de privacidad<\/h3>\n<p>Esta pol\u00edtica cubre c\u00f3mo usamos su informaci\u00f3n personal. Tomamos su privacidad EN SERIO y tomaremos todas las medidas para proteger su informaci\u00f3n personal.<\/p>\n<p><strong>\u00bfQu\u00e9 informaci\u00f3n recopilamos?<\/strong><\/p>\n<p>Solo recopilamos la informaci\u00f3n que necesitamos y que est\u00e1 relacionada con su pedido. Esto incluye tu:<br \/>\nDirecci\u00f3n de Envio<br \/>\nDirecci\u00f3n de Env\u00edo<br \/>\nDirecci\u00f3n de correo electr\u00f3nico<br \/>\nInformaci\u00f3n de tarjeta de cr\u00e9dito<\/p>\n<p>Adem\u00e1s, tambi\u00e9n recopilamos informaci\u00f3n sobre su direcci\u00f3n IP, tipo de navegador y datos de URL de referencia. Usamos estos datos para evitar intentos de pirater\u00eda, ayudarnos a saber qu\u00e9 navegadores web usan las personas y averiguar de d\u00f3nde provienen nuestros visitantes para que podamos mejorar nuestro marketing.<\/p>\n<p><strong>\u00bfC\u00f3mo se utiliza mi informaci\u00f3n?<\/strong><\/p>\n<p>Su informaci\u00f3n solo se utiliza para completar su pedido. No vendemos ni redistribuimos su informaci\u00f3n a NADIE.<\/p>\n<p><strong>Seguridad y almacenamiento<\/strong><\/p>\n<p>Solo los datos de facturaci\u00f3n, env\u00edo y contenido del pedido se almacenan en nuestro servidor. Esta informaci\u00f3n se cifra mediante una capa de conexi\u00f3n segura antes de transmitirse a trav\u00e9s de un servidor web. No almacenamos los datos de su tarjeta de cr\u00e9dito.<\/p>\n<p><strong>Cookies e informaci\u00f3n del navegador<\/strong><\/p>\n<p>Las cookies son peque\u00f1os archivos que residen en su computadora y nos permiten reconocerlo en su pr\u00f3xima visita o almacenar el contenido de su carrito de compras. Los usamos solo para rastrear esta informaci\u00f3n.<\/p>\n<\/div><\/div>","protected":false},"excerpt":{"rendered":"<p>Pol\u00edtica de privacidad Esta pol\u00edtica cubre c\u00f3mo usamos su informaci\u00f3n personal. Tomamos su privacidad EN SERIO y tomaremos todas las medidas para proteger su informaci\u00f3n personal. \u00bfQu\u00e9 informaci\u00f3n recopilamos? Solo recopilamos la informaci\u00f3n que necesitamos y que est\u00e1 relacionada con su pedido. Esto incluye tu: Direcci\u00f3n de Envio Direcci\u00f3n de Env\u00edo Direcci\u00f3n de correo electr\u00f3nico [&hellip;]<\/p>\n","protected":false},"author":2,"featured_media":0,"parent":0,"menu_order":0,"comment_status":"closed","ping_status":"closed","template":"","meta":{"footnotes":""},"class_list":["post-3909","page","type-page","status-publish","hentry"],"_links":{"self":[{"href":"https:\/\/www.monique-mathieu.com\/es\/wp-json\/wp\/v2\/pages\/3909","targetHints":{"allow":["GET"]}}],"collection":[{"href":"https:\/\/www.monique-mathieu.com\/es\/wp-json\/wp\/v2\/pages"}],"about":[{"href":"https:\/\/www.monique-mathieu.com\/es\/wp-json\/wp\/v2\/types\/page"}],"author":[{"embeddable":true,"href":"https:\/\/www.monique-mathieu.com\/es\/wp-json\/wp\/v2\/users\/2"}],"replies":[{"embeddable":true,"href":"https:\/\/www.monique-mathieu.com\/es\/wp-json\/wp\/v2\/comments?post=3909"}],"version-history":[{"count":1,"href":"https:\/\/www.monique-mathieu.com\/es\/wp-json\/wp\/v2\/pages\/3909\/revisions"}],"predecessor-version":[{"id":8930,"href":"https:\/\/www.monique-mathieu.com\/es\/wp-json\/wp\/v2\/pages\/3909\/revisions\/8930"}],"wp:attachment":[{"href":"https:\/\/www.monique-mathieu.com\/es\/wp-json\/wp\/v2\/media?parent=3909"}],"curies":[{"name":"wp","href":"https:\/\/api.w.org\/{rel}","templated":true}]}}