{"id":975,"date":"2014-12-04T16:00:10","date_gmt":"2014-12-04T21:00:10","guid":{"rendered":"http:\/\/50.22.11.20\/~moniquem\/product\/asia-3\/"},"modified":"2023-04-29T08:15:24","modified_gmt":"2023-04-29T12:15:24","slug":"asia-spa-uniform-top","status":"publish","type":"product","link":"https:\/\/www.monique-mathieu.com\/de\/produkt\/asia-spa-uniform-top\/","title":{"rendered":"Asia Top"},"content":{"rendered":"<div id=\"dslc-theme-content\"><div id=\"dslc-theme-content-inner\"><\/div><\/div>","protected":false},"excerpt":{"rendered":"<p>Gut geschnittenes asymmetrisches Top mit Kragen im Mao-Stil und f\u00fcnf silberfarbenen rechteckigen Metall-Druckkn\u00f6pfen. Kurz\u00e4rmelig, kleine Seitenschlitze und eine kleine Tasche rechts unterhalb der Brust.<\/p>\n<p>Mittlere R\u00fcckenl\u00e4nge ca. 71 cm (28 Zoll).<\/p>\n<p>Andere Farben auf Anfrage ab einer Mindestbestellmenge von 20 St\u00fcck erh\u00e4ltlich.<\/p>\n<p>Gr\u00f6\u00dfen ab 48 sind vom Umtausch ausgeschlossen und nicht erstattungsf\u00e4hig.<\/p>\n<table>\n<tbody>\n<tr>\n<td><b> Gr\u00f6\u00dfen US<\/b><\/td>\n<td>02 &#8211; 16<\/td>\n<\/tr>\n<tr>\n<td><b>Ma\u00dfe<\/b><\/td>\n<td><a href=\"\/measurement.pdf\" target=\"_blank\" rel=\"noopener\">Klicken Sie hier, um die Gr\u00f6\u00dfentabelle zu \u00f6ffnen.<\/a><\/td>\n<\/tr>\n<tr>\n<td><b>Stoff<\/b><\/td>\n<td>Gabardine und Pique<\/td>\n<\/tr>\n<tr>\n<td><b>Verf\u00fcgbarkeit<\/b><\/td>\n<td>wei\u00df\/Piqu\u00e9, schwarz\/Gabardine<\/td>\n<\/tr>\n<\/tbody>\n<\/table>\n","protected":false},"featured_media":9777,"template":"","meta":[],"product_brand":[],"product_cat":[367,62],"product_tag":[],"class_list":{"0":"post-975","1":"product","2":"type-product","3":"status-publish","4":"has-post-thumbnail","6":"product_cat-women-tops-2","7":"product_cat-tops-2","8":"product_shipping_class-poducts","9":"pa_color-black","10":"pa_color-white","11":"pa_size-us-02","12":"pa_size-us-04","13":"pa_size-us-06","14":"pa_size-us-08","15":"pa_size-us-10","16":"pa_size-us-12","17":"pa_size-us-14","18":"pa_size-us-16","20":"first","21":"instock","22":"taxable","23":"shipping-taxable","24":"purchasable","25":"product-type-variable"},"_links":{"self":[{"href":"https:\/\/www.monique-mathieu.com\/de\/wp-json\/wp\/v2\/product\/975","targetHints":{"allow":["GET"]}}],"collection":[{"href":"https:\/\/www.monique-mathieu.com\/de\/wp-json\/wp\/v2\/product"}],"about":[{"href":"https:\/\/www.monique-mathieu.com\/de\/wp-json\/wp\/v2\/types\/product"}],"wp:featuredmedia":[{"embeddable":true,"href":"https:\/\/www.monique-mathieu.com\/de\/wp-json\/wp\/v2\/media\/9777"}],"wp:attachment":[{"href":"https:\/\/www.monique-mathieu.com\/de\/wp-json\/wp\/v2\/media?parent=975"}],"wp:term":[{"taxonomy":"product_brand","embeddable":true,"href":"https:\/\/www.monique-mathieu.com\/de\/wp-json\/wp\/v2\/product_brand?post=975"},{"taxonomy":"product_cat","embeddable":true,"href":"https:\/\/www.monique-mathieu.com\/de\/wp-json\/wp\/v2\/product_cat?post=975"},{"taxonomy":"product_tag","embeddable":true,"href":"https:\/\/www.monique-mathieu.com\/de\/wp-json\/wp\/v2\/product_tag?post=975"}],"curies":[{"name":"wp","href":"https:\/\/api.w.org\/{rel}","templated":true}]}}