{"id":933,"date":"2014-12-03T15:43:52","date_gmt":"2014-12-03T20:43:52","guid":{"rendered":"http:\/\/50.22.11.20\/~moniquem\/product\/aline-3\/"},"modified":"2025-10-08T11:17:57","modified_gmt":"2025-10-08T15:17:57","slug":"aline-spa-uniform-oberteil","status":"publish","type":"product","link":"https:\/\/www.monique-mathieu.com\/de\/produkt\/aline-spa-uniform-oberteil\/","title":{"rendered":"Aline Top"},"content":{"rendered":"<div id=\"dslc-theme-content\"><div id=\"dslc-theme-content-inner\"><p>Gut geschnittenes Oberteil mit klassischem Aussehen, gekennzeichnet durch bequeme 3\/4 lange \u00c4rmel, silberne quadratische Druckkn\u00f6pfe und einem leicht abgerundeten V-Ausschnitt. Zus\u00e4tzlich mit zwei tiefen Eingrifftaschen vorne auf H\u00fcfth\u00f6he, langen Seitenschlitzen und elastischen Seiteneins\u00e4tzen.<\/p>\n<p>L\u00e4nge mitte R\u00fccken 80 cm<\/p>\n<p>Gr\u00f6\u00dfen ab 48 sind vom Umtausch ausgeschlossen und nicht erstattungsf\u00e4hig.<\/p>\n<table>\n<tbody>\n<tr>\n<td><b>Gr\u00f6\u00dfen<\/b><\/td>\n<td>02 &#8211; 20<\/td>\n<\/tr>\n<tr>\n<td><b> Ma\u00dfe<\/b><\/td>\n<td><a href=\"\/measurement.pdf\" target=\"_blank\" rel=\"noopener\">Klicken Sie hier, um die Gr\u00f6\u00dfentabelle zu \u00f6ffnen.<\/a><\/td>\n<\/tr>\n<tr>\n<td><b>Stoff<\/b><\/td>\n<td>Gabardine oder Piqu\u00e9 (67 % Polyester, 33 % Baumwolle)<\/td>\n<\/tr>\n<tr>\n<td><strong>Verf\u00fcgbarkeit<\/strong><\/td>\n<td>weiss\/Spitze , schwarz\/gabardine<\/td>\n<\/tr>\n<\/tbody>\n<\/table>\n<\/div><\/div>","protected":false},"excerpt":{"rendered":"<p>Gut geschnittenes Oberteil mit klassischem Aussehen, gekennzeichnet durch bequeme 3\/4 lange \u00c4rmel, silberne quadratische Druckkn\u00f6pfe und einem leicht abgerundeten V-Ausschnitt. Zus\u00e4tzlich mit zwei tiefen Eingrifftaschen vorne auf H\u00fcfth\u00f6he, langen Seitenschlitzen und elastischen Seiteneins\u00e4tzen.<\/p>\n<p>L\u00e4nge mitte R\u00fccken 80 cm<\/p>\n<p>Gr\u00f6\u00dfen ab 48 sind vom Umtausch ausgeschlossen und nicht erstattungsf\u00e4hig.<\/p>\n<table>\n<tbody>\n<tr>\n<td><b>Gr\u00f6\u00dfen<\/b><\/td>\n<td>02 &#8211; 20<\/td>\n<\/tr>\n<tr>\n<td><b> Ma\u00dfe<\/b><\/td>\n<td><a href=\"\/measurement.pdf\" target=\"_blank\" rel=\"noopener\">Klicken Sie hier, um die Gr\u00f6\u00dfentabelle zu \u00f6ffnen.<\/a><\/td>\n<\/tr>\n<tr>\n<td><b>Stoff<\/b><\/td>\n<td>Gabardine oder Piqu\u00e9 (67 % Polyester, 33 % Baumwolle)<\/td>\n<\/tr>\n<tr>\n<td><strong>Verf\u00fcgbarkeit<\/strong><\/td>\n<td>weiss\/Spitze , schwarz\/gabardine<\/td>\n<\/tr>\n<\/tbody>\n<\/table>\n","protected":false},"featured_media":13544,"template":"","meta":[],"product_brand":[],"product_cat":[413,116],"product_tag":[432,481,443,445,484],"class_list":{"0":"post-933","1":"product","2":"type-product","3":"status-publish","4":"has-post-thumbnail","6":"product_cat-frauen","7":"product_cat-oberteile","8":"product_tag-aline-top","9":"product_tag-top-of-the-line-kleidung","10":"product_tag-monique-mathieu-hotel-und-spa-bekleidung","11":"product_tag-spa-clothes-de","12":"product_tag-spa-uniformen","13":"product_shipping_class-products-de","14":"pa_color-schwarz","15":"pa_color-weis","16":"pa_size-us-02-de-2","17":"pa_size-us-04-de","18":"pa_size-us-06-de","19":"pa_size-us-08-de","20":"pa_size-us-10-de","21":"pa_size-us-12-de","22":"pa_size-us-14-de","23":"pa_size-us-16-de","24":"pa_size-us-18-de-2","25":"pa_size-us-20-de","27":"first","28":"instock","29":"taxable","30":"shipping-taxable","31":"purchasable","32":"product-type-variable","33":"has-default-attributes"},"_links":{"self":[{"href":"https:\/\/www.monique-mathieu.com\/de\/wp-json\/wp\/v2\/product\/933","targetHints":{"allow":["GET"]}}],"collection":[{"href":"https:\/\/www.monique-mathieu.com\/de\/wp-json\/wp\/v2\/product"}],"about":[{"href":"https:\/\/www.monique-mathieu.com\/de\/wp-json\/wp\/v2\/types\/product"}],"wp:featuredmedia":[{"embeddable":true,"href":"https:\/\/www.monique-mathieu.com\/de\/wp-json\/wp\/v2\/media\/13544"}],"wp:attachment":[{"href":"https:\/\/www.monique-mathieu.com\/de\/wp-json\/wp\/v2\/media?parent=933"}],"wp:term":[{"taxonomy":"product_brand","embeddable":true,"href":"https:\/\/www.monique-mathieu.com\/de\/wp-json\/wp\/v2\/product_brand?post=933"},{"taxonomy":"product_cat","embeddable":true,"href":"https:\/\/www.monique-mathieu.com\/de\/wp-json\/wp\/v2\/product_cat?post=933"},{"taxonomy":"product_tag","embeddable":true,"href":"https:\/\/www.monique-mathieu.com\/de\/wp-json\/wp\/v2\/product_tag?post=933"}],"curies":[{"name":"wp","href":"https:\/\/api.w.org\/{rel}","templated":true}]}}