{"id":8834,"date":"2015-10-12T18:28:10","date_gmt":"2015-10-12T22:28:10","guid":{"rendered":"https:\/\/www.monique-mathieu.com\/product\/amelie-top-weiss\/"},"modified":"2026-01-11T06:05:49","modified_gmt":"2026-01-11T11:05:49","slug":"amelie-top-weis-spa-uniform","status":"publish","type":"product","link":"https:\/\/www.monique-mathieu.com\/de\/produkt\/amelie-top-weis-spa-uniform\/","title":{"rendered":"Amelie Top Wei\u00df"},"content":{"rendered":"<div id=\"dslc-theme-content\"><div id=\"dslc-theme-content-inner\"><p>Gut geschnittenes asymmetrisches Top mit Kragen im Mao-Stil und f\u00fcnf silberfarbenen rechteckigen Metall-Druckkn\u00f6pfen. Kurz\u00e4rmelig, kleine Seitenschlitze und eine kleine Tasche rechts unterhalb der Brust.<\/p>\n<\/div><\/div>","protected":false},"excerpt":{"rendered":"<p>Gut geschnittenes kurzes asymmetrisches Oberteil mit Kragen im Mao-Stil, der mit silbermetallischen quadratischen Kn\u00f6pfen und einer Tasche auf der linken Seite geschlossen wird. Der moderne Look bietet ein professionelles und stilvolles Erscheinungsbild.<\/p>\n<p>L\u00e4nge der R\u00fcckenmitte 70 cm (28 Zoll).<\/p>\n<table>\n<tbody>\n<tr>\n<td><b>US Gr\u00f6\u00dfen<\/b><\/td>\n<td>02 &#8211; 12 (DE = 32 &#8211; 44)<\/td>\n<\/tr>\n<tr>\n<td><b>Measurements<\/b><\/td>\n<td>Click here for <a href=\"https:\/\/www.monique-mathieu.com\/measurement.pdf\" target=\"_blank\" rel=\"noopener\"> Sizing Chart<\/a><\/td>\n<\/tr>\n<tr>\n<td><b>mwolleMaterial<\/b><\/td>\n<td>Gabardine (67% Polyester, 33% B)<\/td>\n<\/tr>\n<tr>\n<td>Verf\u00fcgbar in<\/td>\n<td>wei\u00df\/Gabardine<\/td>\n<\/tr>\n<\/tbody>\n<\/table>\n","protected":false},"featured_media":9757,"template":"","meta":[],"product_brand":[],"product_cat":[413,116],"product_tag":[],"class_list":{"0":"post-8834","1":"product","2":"type-product","3":"status-publish","4":"has-post-thumbnail","6":"product_cat-frauen","7":"product_cat-oberteile","8":"product_shipping_class-products-de","9":"pa_size-us-02-de-2","10":"pa_size-us-04-de","11":"pa_size-us-06-de","12":"pa_size-us-08-de","13":"pa_size-us-10-de","14":"pa_size-us-12-de","16":"first","17":"instock","18":"taxable","19":"shipping-taxable","20":"purchasable","21":"product-type-variable"},"_links":{"self":[{"href":"https:\/\/www.monique-mathieu.com\/de\/wp-json\/wp\/v2\/product\/8834","targetHints":{"allow":["GET"]}}],"collection":[{"href":"https:\/\/www.monique-mathieu.com\/de\/wp-json\/wp\/v2\/product"}],"about":[{"href":"https:\/\/www.monique-mathieu.com\/de\/wp-json\/wp\/v2\/types\/product"}],"wp:featuredmedia":[{"embeddable":true,"href":"https:\/\/www.monique-mathieu.com\/de\/wp-json\/wp\/v2\/media\/9757"}],"wp:attachment":[{"href":"https:\/\/www.monique-mathieu.com\/de\/wp-json\/wp\/v2\/media?parent=8834"}],"wp:term":[{"taxonomy":"product_brand","embeddable":true,"href":"https:\/\/www.monique-mathieu.com\/de\/wp-json\/wp\/v2\/product_brand?post=8834"},{"taxonomy":"product_cat","embeddable":true,"href":"https:\/\/www.monique-mathieu.com\/de\/wp-json\/wp\/v2\/product_cat?post=8834"},{"taxonomy":"product_tag","embeddable":true,"href":"https:\/\/www.monique-mathieu.com\/de\/wp-json\/wp\/v2\/product_tag?post=8834"}],"curies":[{"name":"wp","href":"https:\/\/api.w.org\/{rel}","templated":true}]}}