{"id":7647,"date":"2020-05-22T10:53:40","date_gmt":"2020-05-22T14:53:40","guid":{"rendered":"https:\/\/www.monique-mathieu.com\/de\/produkt\/asia-kasack-lange-aermel\/"},"modified":"2025-10-08T11:19:54","modified_gmt":"2025-10-08T15:19:54","slug":"asia-medizinisches-top","status":"publish","type":"product","link":"https:\/\/www.monique-mathieu.com\/de\/produkt\/asia-medizinisches-top\/","title":{"rendered":"Asia Medizinisches Top"},"content":{"rendered":"<div id=\"dslc-theme-content\"><div id=\"dslc-theme-content-inner\"><p>Asia Style, mit langen \u00c4rmeln<\/p>\n<p>Nur auf Bestellung Lieferzeit 2 Wochen<\/p>\n<p>Verf\u00fcgbar in schwarz und wei\u00df<\/p>\n<p>&nbsp;<\/p>\n<\/div><\/div>","protected":false},"excerpt":{"rendered":"<p>Gut geschnittenes asymmetrisches Top mit Kragen im Mao-Stil und f\u00fcnf silberfarbenen rechteckigen Metall-Druckkn\u00f6pfen. Lange \u00c4rmel mit elastischen B\u00fcndchen, kleinen Seitenschlitzen und einer kleinen Tasche auf der rechten Seite unter der Brust.<\/p>\n<p>Mittlere R\u00fcckenl\u00e4nge ca. 71 cm (28 Zoll).<\/p>\n<p>Gr\u00f6\u00dfen ab 48 sind vom Umtausch ausgeschlossen und nicht erstattungsf\u00e4hig.<\/p>\n<table>\n<tbody>\n<tr>\n<td><b> Gr\u00f6\u00dfen US<\/b><\/td>\n<td>02 &#8211; 16<\/td>\n<\/tr>\n<tr>\n<td><b>Ma\u00dfe<\/b><\/td>\n<td><a href=\"\/measurement.pdf\" target=\"_blank\" rel=\"noopener\">Klicken Sie hier, um die Gr\u00f6\u00dfentabelle zu \u00f6ffnen.<\/a><\/td>\n<\/tr>\n<tr>\n<td><b>Stoff<\/b><\/td>\n<td>Gabardine und Pique<\/td>\n<\/tr>\n<tr>\n<td><b>Verf\u00fcgbarkeit<\/b><\/td>\n<td>wei\u00df\/Piqu\u00e9, schwarz\/Gabardine<\/td>\n<\/tr>\n<\/tbody>\n<\/table>\n","protected":false},"featured_media":9772,"template":"","meta":[],"product_brand":[],"product_cat":[362],"product_tag":[],"class_list":{"0":"post-7647","1":"product","2":"type-product","3":"status-publish","4":"has-post-thumbnail","6":"product_cat-medical-and-dental","7":"product_shipping_class-poducts","8":"pa_color-black","9":"pa_color-white","10":"pa_size-us-02","11":"pa_size-us-04","12":"pa_size-us-06","13":"pa_size-us-08","14":"pa_size-us-10","15":"pa_size-us-12","16":"pa_size-us-14","17":"pa_size-us-16","19":"first","20":"instock","21":"taxable","22":"shipping-taxable","23":"purchasable","24":"product-type-variable","25":"has-default-attributes"},"_links":{"self":[{"href":"https:\/\/www.monique-mathieu.com\/de\/wp-json\/wp\/v2\/product\/7647","targetHints":{"allow":["GET"]}}],"collection":[{"href":"https:\/\/www.monique-mathieu.com\/de\/wp-json\/wp\/v2\/product"}],"about":[{"href":"https:\/\/www.monique-mathieu.com\/de\/wp-json\/wp\/v2\/types\/product"}],"wp:featuredmedia":[{"embeddable":true,"href":"https:\/\/www.monique-mathieu.com\/de\/wp-json\/wp\/v2\/media\/9772"}],"wp:attachment":[{"href":"https:\/\/www.monique-mathieu.com\/de\/wp-json\/wp\/v2\/media?parent=7647"}],"wp:term":[{"taxonomy":"product_brand","embeddable":true,"href":"https:\/\/www.monique-mathieu.com\/de\/wp-json\/wp\/v2\/product_brand?post=7647"},{"taxonomy":"product_cat","embeddable":true,"href":"https:\/\/www.monique-mathieu.com\/de\/wp-json\/wp\/v2\/product_cat?post=7647"},{"taxonomy":"product_tag","embeddable":true,"href":"https:\/\/www.monique-mathieu.com\/de\/wp-json\/wp\/v2\/product_tag?post=7647"}],"curies":[{"name":"wp","href":"https:\/\/api.w.org\/{rel}","templated":true}]}}