{"id":1654,"date":"2014-12-04T22:38:21","date_gmt":"2014-12-05T03:38:21","guid":{"rendered":"http:\/\/50.22.11.20\/~moniquem\/product\/kent-4\/"},"modified":"2025-10-08T11:20:23","modified_gmt":"2025-10-08T15:20:23","slug":"kent-spa-pant-uniform","status":"publish","type":"product","link":"https:\/\/www.monique-mathieu.com\/de\/produkt\/kent-spa-pant-uniform\/","title":{"rendered":"Kent Pant"},"content":{"rendered":"<div id=\"dslc-theme-content\"><div id=\"dslc-theme-content-inner\"><\/div><\/div>","protected":false},"excerpt":{"rendered":"<p>Gerade geschnittene Hose mit flacher Taille vorne und elastischem Bund nur hinten.<\/p>\n<p>Andere Farben auf Anfrage ab einer Mindestbestellmenge von 20 St\u00fcck erh\u00e4ltlich.<\/p>\n<p>Gr\u00f6\u00dfen ab 48 sind vom Umtausch ausgeschlossen und nicht erstattungsf\u00e4hig.<\/p>\n<table>\n<tbody>\n<tr>\n<td><b> Gr\u00f6\u00dfen US<\/b><\/td>\n<td>02 &#8211; 20<\/td>\n<\/tr>\n<tr>\n<td><b>Ma\u00dfe<\/b><\/td>\n<td><a href=\"\/measurement.pdf\" target=\"_blank\" rel=\"noopener\">Klicken Sie hier, um die Gr\u00f6\u00dfentabelle zu \u00f6ffnen.<\/a><\/td>\n<\/tr>\n<tr>\n<td><b>Stoff<\/b><\/td>\n<td>Gabardine oder Piqu\u00e9 <span style=\"font-family: Verdana;\">(67 % Polyester, 33 % Baumwolle)<\/span><\/td>\n<\/tr>\n<tr>\n<td>Verf\u00fcgbarkeit<\/td>\n<td>wei\u00df\/Piqu\u00e9 , wei\u00df\/Gabardine;, schwarz\/Gabardine<\/td>\n<\/tr>\n<\/tbody>\n<\/table>\n","protected":false},"featured_media":9952,"template":"","meta":[],"product_brand":[],"product_cat":[113],"product_tag":[],"class_list":{"0":"post-1654","1":"product","2":"type-product","3":"status-publish","4":"has-post-thumbnail","6":"product_cat-hosen","7":"product_shipping_class-products-de","8":"pa_color-schwarz","9":"pa_color-weis-gabardine","10":"pa_color-weis-pique","11":"pa_size-us-02-de-2","12":"pa_size-us-04-de","13":"pa_size-us-06-de","14":"pa_size-us-08-de","15":"pa_size-us-10-de","16":"pa_size-us-12-de","17":"pa_size-us-14-de","18":"pa_size-us-16-de","19":"pa_size-us-18-de-2","20":"pa_size-us-20-de","22":"first","23":"instock","24":"taxable","25":"shipping-taxable","26":"purchasable","27":"product-type-variable","28":"has-default-attributes"},"_links":{"self":[{"href":"https:\/\/www.monique-mathieu.com\/de\/wp-json\/wp\/v2\/product\/1654","targetHints":{"allow":["GET"]}}],"collection":[{"href":"https:\/\/www.monique-mathieu.com\/de\/wp-json\/wp\/v2\/product"}],"about":[{"href":"https:\/\/www.monique-mathieu.com\/de\/wp-json\/wp\/v2\/types\/product"}],"wp:featuredmedia":[{"embeddable":true,"href":"https:\/\/www.monique-mathieu.com\/de\/wp-json\/wp\/v2\/media\/9952"}],"wp:attachment":[{"href":"https:\/\/www.monique-mathieu.com\/de\/wp-json\/wp\/v2\/media?parent=1654"}],"wp:term":[{"taxonomy":"product_brand","embeddable":true,"href":"https:\/\/www.monique-mathieu.com\/de\/wp-json\/wp\/v2\/product_brand?post=1654"},{"taxonomy":"product_cat","embeddable":true,"href":"https:\/\/www.monique-mathieu.com\/de\/wp-json\/wp\/v2\/product_cat?post=1654"},{"taxonomy":"product_tag","embeddable":true,"href":"https:\/\/www.monique-mathieu.com\/de\/wp-json\/wp\/v2\/product_tag?post=1654"}],"curies":[{"name":"wp","href":"https:\/\/api.w.org\/{rel}","templated":true}]}}