{"id":15972,"date":"2018-09-05T13:12:07","date_gmt":"2018-09-05T17:12:07","guid":{"rendered":"https:\/\/www.monique-mathieu.com\/product\/zed-top-weiss\/"},"modified":"2025-10-08T11:20:00","modified_gmt":"2025-10-08T15:20:00","slug":"zed-top-weis-limited-edition","status":"publish","type":"product","link":"https:\/\/www.monique-mathieu.com\/de\/produkt\/zed-top-weis-limited-edition\/","title":{"rendered":"Zed Top &#8211; wei\u00df"},"content":{"rendered":"<div id=\"dslc-theme-content\"><div id=\"dslc-theme-content-inner\"><p>Zed, wei\u00dfes Top mit kurzen \u00c4rmeln, Frontverschluss mit Druckkn\u00f6pfen, eine Ledertasche auf der rechten Vorderseite und 2 Schlitze an den Seiten.<\/p>\n<p>Nur noch in wei\u00df und den Gr\u00f6\u00dfen 06 &#8211; 08 &#8211; 10 und 14 (US-Gr\u00f6\u00dfen) verf\u00fcgbar.<\/p>\n<\/div><\/div>","protected":false},"excerpt":{"rendered":"<p>Gut geschnittenes Kurzarm-Top mit Kragen im Mao-Stil, vorderer Verschluss mit Druckkn\u00f6pfen. Eine versteckte Tasche auf der rechten Vorderseite und 2 Schlitze auf jeder Seite. Der moderne Look bietet ein professionelles und stilvolles Erscheinungsbild.<\/p>\n","protected":false},"featured_media":10232,"template":"","meta":[],"product_brand":[],"product_cat":[413,116],"product_tag":[443],"class_list":{"0":"post-15972","1":"product","2":"type-product","3":"status-publish","4":"has-post-thumbnail","6":"product_cat-frauen","7":"product_cat-oberteile","8":"product_tag-monique-mathieu-hotel-und-spa-bekleidung","9":"product_shipping_class-products-de","10":"pa_size-us-04-de","11":"pa_size-us-06-de","12":"pa_size-us-08-de","13":"pa_size-us-10-de","14":"pa_size-us-12-de","15":"pa_size-us-14-de","17":"first","18":"instock","19":"taxable","20":"shipping-taxable","21":"purchasable","22":"product-type-variable","23":"has-default-attributes"},"_links":{"self":[{"href":"https:\/\/www.monique-mathieu.com\/de\/wp-json\/wp\/v2\/product\/15972","targetHints":{"allow":["GET"]}}],"collection":[{"href":"https:\/\/www.monique-mathieu.com\/de\/wp-json\/wp\/v2\/product"}],"about":[{"href":"https:\/\/www.monique-mathieu.com\/de\/wp-json\/wp\/v2\/types\/product"}],"wp:featuredmedia":[{"embeddable":true,"href":"https:\/\/www.monique-mathieu.com\/de\/wp-json\/wp\/v2\/media\/10232"}],"wp:attachment":[{"href":"https:\/\/www.monique-mathieu.com\/de\/wp-json\/wp\/v2\/media?parent=15972"}],"wp:term":[{"taxonomy":"product_brand","embeddable":true,"href":"https:\/\/www.monique-mathieu.com\/de\/wp-json\/wp\/v2\/product_brand?post=15972"},{"taxonomy":"product_cat","embeddable":true,"href":"https:\/\/www.monique-mathieu.com\/de\/wp-json\/wp\/v2\/product_cat?post=15972"},{"taxonomy":"product_tag","embeddable":true,"href":"https:\/\/www.monique-mathieu.com\/de\/wp-json\/wp\/v2\/product_tag?post=15972"}],"curies":[{"name":"wp","href":"https:\/\/api.w.org\/{rel}","templated":true}]}}