{"id":15324,"date":"2015-10-12T12:48:52","date_gmt":"2015-10-12T16:48:52","guid":{"rendered":"https:\/\/www.monique-mathieu.com\/product\/iris-weisses-kleid\/"},"modified":"2025-10-08T11:20:16","modified_gmt":"2025-10-08T15:20:16","slug":"iris-weises-kleid-spa-uniform","status":"publish","type":"product","link":"https:\/\/www.monique-mathieu.com\/de\/produkt\/iris-weises-kleid-spa-uniform\/","title":{"rendered":"Iris &#8211; Wei\u00dfes Kleid"},"content":{"rendered":"<div id=\"dslc-theme-content\"><div id=\"dslc-theme-content-inner\"><\/div><\/div>","protected":false},"excerpt":{"rendered":"<p>Gut geschnittenes Kleid mit klassischem Look, das sich durch bequeme kurze \u00c4rmel, wei\u00dfe runde Kn\u00f6pfe und einen eckigen Ausschnitt auszeichnet. Gut geschnittenes wei\u00dfes Kleid mit klassischem Look, bequemen kurzen \u00c4rmeln, wei\u00dfen runden Kn\u00f6pfen und einem eckigen Ausschnitt.<\/p>\n<p>Mittlere R\u00fcckenl\u00e4nge 37 Zoll.<\/p>\n<p>Andere Farben auf Anfrage ab einer Mindestbestellmenge von 20 St\u00fcck erh\u00e4ltlich.<\/p>\n<p>Verkaufsartikel sind vom Umtausch und von R\u00fcckerstattungen ausgeschlossen.<\/p>\n<table>\n<tbody>\n<tr>\n<td><b>Gr\u00f6\u00dfen<\/b><\/td>\n<td>04-10-12-14-16-18<\/td>\n<\/tr>\n<tr>\n<td><b> Ma\u00dfe<\/b><\/td>\n<td><a href=\"https:\/\/www.monique-mathieu.com\/measurement.pdf\" target=\"_blank\" rel=\"noopener\">Klicken Sie hier, um die Gr\u00f6\u00dfentabelle zu \u00f6ffnen.<\/a><\/td>\n<\/tr>\n<tr>\n<td><b>Stoff<\/b><\/td>\n<td> Pikee (67 % Polyester, 33 % Baumwolle)<\/td>\n<\/tr>\n<tr>\n<td><strong>Verf\u00fcgbarkeit<\/strong><\/td>\n<td>wei\u00df\/piqu\u00e9<\/td>\n<\/tr>\n<\/tbody>\n<\/table>\n","protected":false},"featured_media":9917,"template":"","meta":[],"product_brand":[],"product_cat":[1542],"product_tag":[],"class_list":{"0":"post-15324","1":"product","2":"type-product","3":"status-publish","4":"has-post-thumbnail","6":"product_cat-kleider","7":"product_shipping_class-products-de","8":"pa_size-us-04-de","9":"pa_size-us-06-de","10":"pa_size-us-08-de","11":"pa_size-us-10-de","12":"pa_size-us-12-de","13":"pa_size-us-14-de","14":"pa_size-us-16-de","15":"pa_size-us-18-de-2","17":"first","18":"instock","19":"sale","20":"featured","21":"taxable","22":"shipping-taxable","23":"purchasable","24":"product-type-variable"},"_links":{"self":[{"href":"https:\/\/www.monique-mathieu.com\/de\/wp-json\/wp\/v2\/product\/15324","targetHints":{"allow":["GET"]}}],"collection":[{"href":"https:\/\/www.monique-mathieu.com\/de\/wp-json\/wp\/v2\/product"}],"about":[{"href":"https:\/\/www.monique-mathieu.com\/de\/wp-json\/wp\/v2\/types\/product"}],"wp:featuredmedia":[{"embeddable":true,"href":"https:\/\/www.monique-mathieu.com\/de\/wp-json\/wp\/v2\/media\/9917"}],"wp:attachment":[{"href":"https:\/\/www.monique-mathieu.com\/de\/wp-json\/wp\/v2\/media?parent=15324"}],"wp:term":[{"taxonomy":"product_brand","embeddable":true,"href":"https:\/\/www.monique-mathieu.com\/de\/wp-json\/wp\/v2\/product_brand?post=15324"},{"taxonomy":"product_cat","embeddable":true,"href":"https:\/\/www.monique-mathieu.com\/de\/wp-json\/wp\/v2\/product_cat?post=15324"},{"taxonomy":"product_tag","embeddable":true,"href":"https:\/\/www.monique-mathieu.com\/de\/wp-json\/wp\/v2\/product_tag?post=15324"}],"curies":[{"name":"wp","href":"https:\/\/api.w.org\/{rel}","templated":true}]}}