{"id":15258,"date":"2016-05-11T15:19:29","date_gmt":"2016-05-11T19:19:29","guid":{"rendered":"https:\/\/www.monique-mathieu.com\/product\/daisy-dress\/"},"modified":"2025-10-08T11:20:05","modified_gmt":"2025-10-08T15:20:05","slug":"daisy-kleid","status":"publish","type":"product","link":"https:\/\/www.monique-mathieu.com\/de\/produkt\/daisy-kleid\/","title":{"rendered":"Daisy-Dress"},"content":{"rendered":"<div id=\"dslc-theme-content\"><div id=\"dslc-theme-content-inner\"><p>Kleid mit zwei Taschen Verstellbare Tr\u00e4ger, die mit einem Druckknopf auf jeder Seite befestigt werden, gesteppter Pass rund um den Saum. Erh\u00e4ltlich in wei\u00df oder in schwarz mit wei\u00dfem Rand.<\/p>\n<p>(Schwarzes Kleid mit wei\u00dfen R\u00e4ndern nur auf Anfrage und zzgl. 15% auf den Verkaufspreis erh\u00e4ltlich)<\/p>\n<p>Andere Farben auf Anfrage ab einer Mindestbestellmenge von 20 St\u00fcck erh\u00e4ltlich.<\/p>\n<p>Gr\u00f6\u00dfen ab 48 sind vom Umtausch ausgeschlossen und nicht erstattungsf\u00e4hig.<\/p>\n<table>\n<tbody>\n<tr>\n<td><b>Gr\u00f6\u00dfen<\/b><\/td>\n<td>02 &#8211; 14<\/td>\n<\/tr>\n<tr>\n<td><b> Ma\u00dfe<\/b><\/td>\n<td><a href=\"\/measurement.pdf\" target=\"_blank\" rel=\"noopener\">Klicken Sie hier, um die Gr\u00f6\u00dfentabelle zu \u00f6ffnen.<\/a><\/td>\n<\/tr>\n<tr>\n<td><b>Stoff<\/b><\/td>\n<td>Gabardine<\/td>\n<\/tr>\n<tr>\n<td><strong>Verf\u00fcgbarkeit<\/strong><\/td>\n<td>weiss \/ gabardine , schwarz \/ gabardine<\/td>\n<\/tr>\n<\/tbody>\n<\/table>\n<\/div><\/div>","protected":false},"excerpt":{"rendered":"<p>Kleid mit zwei Taschen und verstellbaren Tr\u00e4gern, die mit einem Druckknopf auf jeder Seite befestigt sind, gesteppte Passe rund um den Saum. Erh\u00e4ltlich in wei\u00df oder in schwarz mit wei\u00dfem Rand.<\/p>\n<p>(Schwarzes Kleid mit wei\u00dfen R\u00e4ndern nur auf Anfrage und zzgl.15% auf den Verkaufspreis erh\u00e4ltlich)<\/p>\n<p>Andere Farben auf Anfrage ab einer Mindestbestellmenge von 20 St\u00fcck erh\u00e4ltlich.<\/p>\n<p>Gr\u00f6\u00dfen ab 48 sind vom Umtausch ausgeschlossen und nicht erstattungsf\u00e4hig.<\/p>\n<table>\n<tbody>\n<tr>\n<td><b>Gr\u00f6\u00dfen<\/b><\/td>\n<td>02 &#8211; 14<\/td>\n<\/tr>\n<tr>\n<td><b> Ma\u00dfe<\/b><\/td>\n<td><a href=\"\/measurement.pdf\" target=\"_blank\" rel=\"noopener\">Klicken Sie hier, um die Gr\u00f6\u00dfentabelle zu \u00f6ffnen.<\/a><\/td>\n<\/tr>\n<tr>\n<td><b>Stoff<\/b><\/td>\n<td>Gabardine<\/td>\n<\/tr>\n<tr>\n<td><strong>Verf\u00fcgbarkeit<\/strong><\/td>\n<td>weiss \/ gabardine , schwarz \/ gabardine<\/td>\n<\/tr>\n<\/tbody>\n<\/table>\n","protected":false},"featured_media":9867,"template":"","meta":[],"product_brand":[],"product_cat":[1542],"product_tag":[468,472,1526,460,1549,1524,1525],"class_list":{"0":"post-15258","1":"product","2":"type-product","3":"status-publish","4":"has-post-thumbnail","6":"product_cat-kleider","7":"product_tag-daisy-de","8":"product_tag-daisy-schurze","9":"product_tag-hochwertige-arbeitskleidung","10":"product_tag-schurze","11":"product_tag-spa-uniform-de-3","12":"product_tag-spa-kleidung","13":"product_tag-spa-uniform-de-2","14":"product_shipping_class-products-de","15":"pa_color-schwarz","16":"pa_color-weis-gabardine","17":"pa_size-us-02-de-2","18":"pa_size-us-04-de","19":"pa_size-us-06-de","20":"pa_size-us-08-de","21":"pa_size-us-10-de","22":"pa_size-us-12-de","23":"pa_size-us-14-de","25":"first","26":"instock","27":"taxable","28":"shipping-taxable","29":"purchasable","30":"product-type-variable"},"_links":{"self":[{"href":"https:\/\/www.monique-mathieu.com\/de\/wp-json\/wp\/v2\/product\/15258","targetHints":{"allow":["GET"]}}],"collection":[{"href":"https:\/\/www.monique-mathieu.com\/de\/wp-json\/wp\/v2\/product"}],"about":[{"href":"https:\/\/www.monique-mathieu.com\/de\/wp-json\/wp\/v2\/types\/product"}],"wp:featuredmedia":[{"embeddable":true,"href":"https:\/\/www.monique-mathieu.com\/de\/wp-json\/wp\/v2\/media\/9867"}],"wp:attachment":[{"href":"https:\/\/www.monique-mathieu.com\/de\/wp-json\/wp\/v2\/media?parent=15258"}],"wp:term":[{"taxonomy":"product_brand","embeddable":true,"href":"https:\/\/www.monique-mathieu.com\/de\/wp-json\/wp\/v2\/product_brand?post=15258"},{"taxonomy":"product_cat","embeddable":true,"href":"https:\/\/www.monique-mathieu.com\/de\/wp-json\/wp\/v2\/product_cat?post=15258"},{"taxonomy":"product_tag","embeddable":true,"href":"https:\/\/www.monique-mathieu.com\/de\/wp-json\/wp\/v2\/product_tag?post=15258"}],"curies":[{"name":"wp","href":"https:\/\/api.w.org\/{rel}","templated":true}]}}