{"id":1460,"date":"2014-12-04T16:54:18","date_gmt":"2014-12-04T21:54:18","guid":{"rendered":"http:\/\/50.22.11.20\/~moniquem\/product\/yin-4\/"},"modified":"2025-10-08T11:21:25","modified_gmt":"2025-10-08T15:21:25","slug":"yin-spa-uniform-top","status":"publish","type":"product","link":"https:\/\/www.monique-mathieu.com\/de\/produkt\/yin-spa-uniform-top\/","title":{"rendered":"Yin Top"},"content":{"rendered":"<div id=\"dslc-theme-content\"><div id=\"dslc-theme-content-inner\"><\/div><\/div>","protected":false},"excerpt":{"rendered":"<p>\u00c4rmelloses asymmetrisches Top mit Kragen im Mao-Stil, geschlossen durch chinesische Fr\u00f6sche und mit zwei Seitenschlitzen und elastischen Seiteneins\u00e4tzen f\u00fcr bessere Bewegungsfreiheit. Zus\u00e4tzlich mit zwei tiefen Taschen.<\/p>\n<p>Mittlere R\u00fcckenl\u00e4nge 31 Zoll (78 cm).<\/p>\n<p>Gr\u00f6\u00dfen ab 48 sind vom Umtausch ausgeschlossen und nicht erstattungsf\u00e4hig.<\/p>\n<table>\n<tbody>\n<tr>\n<td><b> Gr\u00f6\u00dfen US<\/b><\/td>\n<td>02 &#8211; 20<\/td>\n<\/tr>\n<tr>\n<td><b>Ma\u00dfe<\/b><\/td>\n<td><a href=\"\/measurement.pdf\" target=\"_blank\" rel=\"noopener\">Klicken Sie hier, um die Gr\u00f6\u00dfentabelle zu \u00f6ffnen.<\/a><\/td>\n<\/tr>\n<tr>\n<td><b>Stoff<\/b><\/td>\n<td>Gabardine oder Piqu\u00e9 (67 % Polyester, 33 % Baumwolle)<\/td>\n<\/tr>\n<tr>\n<td><b>Verf\u00fcgbarkeit<\/b><\/td>\n<td>wei\u00df\/Piqu\u00e9 , champagner\/Gabardine, schwarz\/Gabardine<\/td>\n<\/tr>\n<\/tbody>\n<\/table>\n","protected":false},"featured_media":10212,"template":"","meta":[],"product_brand":[],"product_cat":[413,116],"product_tag":[],"class_list":{"0":"post-1460","1":"product","2":"type-product","3":"status-publish","4":"has-post-thumbnail","6":"product_cat-frauen","7":"product_cat-oberteile","8":"product_shipping_class-products-de","9":"pa_color-schwarz","10":"pa_color-weis","11":"pa_size-us-02-de-2","12":"pa_size-us-04-de","13":"pa_size-us-06-de","14":"pa_size-us-08-de","15":"pa_size-us-10-de","16":"pa_size-us-12-de","17":"pa_size-us-14-de","18":"pa_size-us-16-de","19":"pa_size-us-18-de-2","20":"pa_size-us-20-de","22":"first","23":"instock","24":"taxable","25":"shipping-taxable","26":"purchasable","27":"product-type-variable","28":"has-default-attributes"},"_links":{"self":[{"href":"https:\/\/www.monique-mathieu.com\/de\/wp-json\/wp\/v2\/product\/1460","targetHints":{"allow":["GET"]}}],"collection":[{"href":"https:\/\/www.monique-mathieu.com\/de\/wp-json\/wp\/v2\/product"}],"about":[{"href":"https:\/\/www.monique-mathieu.com\/de\/wp-json\/wp\/v2\/types\/product"}],"wp:featuredmedia":[{"embeddable":true,"href":"https:\/\/www.monique-mathieu.com\/de\/wp-json\/wp\/v2\/media\/10212"}],"wp:attachment":[{"href":"https:\/\/www.monique-mathieu.com\/de\/wp-json\/wp\/v2\/media?parent=1460"}],"wp:term":[{"taxonomy":"product_brand","embeddable":true,"href":"https:\/\/www.monique-mathieu.com\/de\/wp-json\/wp\/v2\/product_brand?post=1460"},{"taxonomy":"product_cat","embeddable":true,"href":"https:\/\/www.monique-mathieu.com\/de\/wp-json\/wp\/v2\/product_cat?post=1460"},{"taxonomy":"product_tag","embeddable":true,"href":"https:\/\/www.monique-mathieu.com\/de\/wp-json\/wp\/v2\/product_tag?post=1460"}],"curies":[{"name":"wp","href":"https:\/\/api.w.org\/{rel}","templated":true}]}}