{"id":1416,"date":"2014-12-04T16:49:23","date_gmt":"2014-12-04T21:49:23","guid":{"rendered":"http:\/\/50.22.11.20\/~moniquem\/product\/tibet-4\/"},"modified":"2025-05-14T05:34:05","modified_gmt":"2025-05-14T09:34:05","slug":"tibet-spa-uniform-top","status":"publish","type":"product","link":"https:\/\/www.monique-mathieu.com\/de\/produkt\/tibet-spa-uniform-top\/","title":{"rendered":"Tibet Top"},"content":{"rendered":"<div id=\"dslc-theme-content\"><div id=\"dslc-theme-content-inner\"><\/div><\/div>","protected":false},"excerpt":{"rendered":"<p>Ausgestelltes Oberteil mit Kragen im Mao-Stil, 3\/4-\u00c4rmel mit Manschette, und zwei flachen Falten auf der R\u00fcckseite f\u00fcr bessere Bewegungsfreiheit. Geschlossen durch chinesische Fr\u00f6sche<\/p>\n<p>Andere Farben auf Anfrage ab einer Mindestbestellmenge von 20 St\u00fcck erh\u00e4ltlich.<\/p>\n<p>Gr\u00f6\u00dfen ab 48 sind vom Umtausch ausgeschlossen und nicht erstattungsf\u00e4hig.<\/p>\n<table>\n<tbody>\n<tr>\n<td><b>Gr\u00f6\u00dfen<\/b><\/td>\n<td>02 &#8211; 20<\/td>\n<\/tr>\n<tr>\n<td><b> Ma\u00dfe<\/b><\/td>\n<td><a href=\"\/measurement.pdf\" target=\"_blank\" rel=\"noopener\">Klicken Sie hier, um die Gr\u00f6\u00dfentabelle zu \u00f6ffnen.<\/a><\/td>\n<\/tr>\n<tr>\n<td><b>Stoff<\/b><\/td>\n<td>Gabardine<\/td>\n<\/tr>\n<tr>\n<td><strong>Verf\u00fcgbarkeit<\/strong><\/td>\n<td>weiss \/ gabardine , schwarz \/ gabardine<\/td>\n<\/tr>\n<\/tbody>\n<\/table>\n","protected":false},"featured_media":10152,"template":"","meta":[],"product_brand":[],"product_cat":[367,62],"product_tag":[],"class_list":{"0":"post-1416","1":"product","2":"type-product","3":"status-publish","4":"has-post-thumbnail","6":"product_cat-women-tops-2","7":"product_cat-tops-2","8":"product_shipping_class-poducts","9":"pa_color-black","10":"pa_color-white","11":"pa_size-us-02-de-2","12":"pa_size-us-04-de","13":"pa_size-us-06-de","14":"pa_size-us-08-de","15":"pa_size-us-10-de","16":"pa_size-us-12-de","17":"pa_size-us-14-de","18":"pa_size-us-16-de","19":"pa_size-us-18-de-2","20":"pa_size-us-20-de","22":"first","23":"instock","24":"taxable","25":"shipping-taxable","26":"purchasable","27":"product-type-variable","28":"has-default-attributes"},"_links":{"self":[{"href":"https:\/\/www.monique-mathieu.com\/de\/wp-json\/wp\/v2\/product\/1416","targetHints":{"allow":["GET"]}}],"collection":[{"href":"https:\/\/www.monique-mathieu.com\/de\/wp-json\/wp\/v2\/product"}],"about":[{"href":"https:\/\/www.monique-mathieu.com\/de\/wp-json\/wp\/v2\/types\/product"}],"wp:featuredmedia":[{"embeddable":true,"href":"https:\/\/www.monique-mathieu.com\/de\/wp-json\/wp\/v2\/media\/10152"}],"wp:attachment":[{"href":"https:\/\/www.monique-mathieu.com\/de\/wp-json\/wp\/v2\/media?parent=1416"}],"wp:term":[{"taxonomy":"product_brand","embeddable":true,"href":"https:\/\/www.monique-mathieu.com\/de\/wp-json\/wp\/v2\/product_brand?post=1416"},{"taxonomy":"product_cat","embeddable":true,"href":"https:\/\/www.monique-mathieu.com\/de\/wp-json\/wp\/v2\/product_cat?post=1416"},{"taxonomy":"product_tag","embeddable":true,"href":"https:\/\/www.monique-mathieu.com\/de\/wp-json\/wp\/v2\/product_tag?post=1416"}],"curies":[{"name":"wp","href":"https:\/\/api.w.org\/{rel}","templated":true}]}}