{"id":1313,"date":"2014-12-04T15:49:28","date_gmt":"2014-12-04T20:49:28","guid":{"rendered":"http:\/\/50.22.11.20\/~moniquem\/product\/monza-3\/"},"modified":"2025-10-08T11:17:20","modified_gmt":"2025-10-08T15:17:20","slug":"monza-spa-uniform-top","status":"publish","type":"product","link":"https:\/\/www.monique-mathieu.com\/de\/produkt\/monza-spa-uniform-top\/","title":{"rendered":"Monza Laborkittel"},"content":{"rendered":"<div id=\"dslc-theme-content\"><div id=\"dslc-theme-content-inner\"><\/div><\/div>","protected":false},"excerpt":{"rendered":"<p>Knielanger Laborkittel mit langen \u00c4rmeln, elastischen B\u00fcndchen, Stehkragen und verdecktem Knopfverschluss vorne. Er hat sowohl zwei aufgesetzte Brusttaschen als auch zwei aufgesetzte H\u00fcfttaschen, um alle wichtigen Gegenst\u00e4nde zu verstauen, und einen halben G\u00fcrtel auf der R\u00fcckseite des Mantels.<\/p>\n<p>Mittlere R\u00fcckenl\u00e4nge 99 cm (39 Zoll).<\/p>\n<p>Andere Farben auf Anfrage ab einer Mindestbestellmenge von 20 St\u00fcck erh\u00e4ltlich.<\/p>\n<p>Gr\u00f6\u00dfen ab 48 sind vom Umtausch ausgeschlossen und nicht erstattungsf\u00e4hig.<\/p>\n<table>\n<tbody>\n<tr>\n<td><b>Gr\u00f6\u00dfen<\/b><\/td>\n<td>Klein (S) , Mittel (M), Gro\u00df (L), XL<\/td>\n<\/tr>\n<tr>\n<td><b> Ma\u00dfe<\/b><\/td>\n<td><a href=\"\/measurement.pdf\" target=\"_blank\" rel=\"noopener\">Klicken Sie hier, um die Gr\u00f6\u00dfentabelle zu \u00f6ffnen.<\/a><\/td>\n<\/tr>\n<tr>\n<td><b>Stoff<\/b><\/td>\n<td>Gabardine<\/td>\n<\/tr>\n<tr>\n<td><strong>Verf\u00fcgbarkeit<\/strong><\/td>\n<td>weiss\/Gabardine<\/td>\n<\/tr>\n<\/tbody>\n<\/table>\n","protected":false},"featured_media":10017,"template":"","meta":[],"product_brand":[],"product_cat":[77],"product_tag":[],"class_list":{"0":"post-1313","1":"product","2":"type-product","3":"status-publish","4":"has-post-thumbnail","6":"product_cat-laborkittel","7":"product_shipping_class-products-de","8":"pa_size-xl-de-2","9":"pa_size-large-de","10":"pa_size-medium-de","11":"pa_size-small-de","13":"first","14":"instock","15":"taxable","16":"shipping-taxable","17":"purchasable","18":"product-type-variable"},"_links":{"self":[{"href":"https:\/\/www.monique-mathieu.com\/de\/wp-json\/wp\/v2\/product\/1313","targetHints":{"allow":["GET"]}}],"collection":[{"href":"https:\/\/www.monique-mathieu.com\/de\/wp-json\/wp\/v2\/product"}],"about":[{"href":"https:\/\/www.monique-mathieu.com\/de\/wp-json\/wp\/v2\/types\/product"}],"wp:featuredmedia":[{"embeddable":true,"href":"https:\/\/www.monique-mathieu.com\/de\/wp-json\/wp\/v2\/media\/10017"}],"wp:attachment":[{"href":"https:\/\/www.monique-mathieu.com\/de\/wp-json\/wp\/v2\/media?parent=1313"}],"wp:term":[{"taxonomy":"product_brand","embeddable":true,"href":"https:\/\/www.monique-mathieu.com\/de\/wp-json\/wp\/v2\/product_brand?post=1313"},{"taxonomy":"product_cat","embeddable":true,"href":"https:\/\/www.monique-mathieu.com\/de\/wp-json\/wp\/v2\/product_cat?post=1313"},{"taxonomy":"product_tag","embeddable":true,"href":"https:\/\/www.monique-mathieu.com\/de\/wp-json\/wp\/v2\/product_tag?post=1313"}],"curies":[{"name":"wp","href":"https:\/\/api.w.org\/{rel}","templated":true}]}}