{"id":1186,"date":"2014-12-04T15:28:20","date_gmt":"2014-12-04T20:28:20","guid":{"rendered":"http:\/\/50.22.11.20\/~moniquem\/product\/jolie-4\/"},"modified":"2025-10-08T11:17:28","modified_gmt":"2025-10-08T15:17:28","slug":"jolie-spa-uniform-top","status":"publish","type":"product","link":"https:\/\/www.monique-mathieu.com\/de\/produkt\/jolie-spa-uniform-top\/","title":{"rendered":"Jolie Top"},"content":{"rendered":"<div id=\"dslc-theme-content\"><div id=\"dslc-theme-content-inner\"><p>Top in A-Linie mit Druckknopfverschluss vorne,<\/p>\n<p>hohe Taille<\/p>\n<p>3\/4 lange \u00c4rmel mit B\u00fcndchen unten an den \u00c4rmeln,<\/p>\n<p>tiefer Rundhalsausschnitt vorne<\/p>\n<p>Abnehmbare Schulterpolster<\/p>\n<p>Erh\u00e4ltlich in Schwarz oder Wei\u00df<\/p>\n<p>Gr\u00f6\u00dfen von 2-20 (US)<\/p>\n<\/div><\/div>","protected":false},"excerpt":{"rendered":"<p>Pin-Tuck-Empire-Top mit Rundhalsausschnitt und vier quadratischen Druckkn\u00f6pfen in Silbermetallic. Zus\u00e4tzlich mit einer seitlichen Seitentasche auf der rechten Seite und wahlweise mit 3\/4-\u00c4rmeln mit Manschettenabschluss oder kurzen \u00c4rmeln mit kleinen Schlitzen.<\/p>\n<p>Mittlere R\u00fcckenl\u00e4nge 31 Zoll (79 cm).<\/p>\n<p>Andere Farben auf Anfrage ab einer Mindestbestellmenge von 20 St\u00fcck erh\u00e4ltlich.<\/p>\n<p>Gr\u00f6\u00dfen ab 48 sind vom Umtausch ausgeschlossen und nicht erstattungsf\u00e4hig.<\/p>\n<table>\n<tbody>\n<tr>\n<td><b>Gr\u00f6\u00dfen<\/b><\/td>\n<td>02 &#8211; 20<\/td>\n<\/tr>\n<tr>\n<td><b> Ma\u00dfe<\/b><\/td>\n<td><a href=\"\/measurement.pdf\" target=\"_blank\" rel=\"noopener\">Klicken Sie hier, um die Gr\u00f6\u00dfentabelle zu \u00f6ffnen.<\/a><\/td>\n<\/tr>\n<tr>\n<td><b>Stoff<\/b><\/td>\n<td>Gabardine oder Piqu\u00e9 (67 % Polyester, 33 % Baumwolle)<\/td>\n<\/tr>\n<tr>\n<td><strong>Verf\u00fcgbarkeit<\/strong><\/td>\n<td>weiss\/Spitze , schwarz\/gabardine<\/td>\n<\/tr>\n<\/tbody>\n<\/table>\n","protected":false},"featured_media":9942,"template":"","meta":[],"product_brand":[],"product_cat":[413,116],"product_tag":[],"class_list":{"0":"post-1186","1":"product","2":"type-product","3":"status-publish","4":"has-post-thumbnail","6":"product_cat-frauen","7":"product_cat-oberteile","8":"product_shipping_class-products-de","9":"pa_color-schwarz","10":"pa_color-weis","11":"pa_size-us-02-de-2","12":"pa_size-us-04-de","13":"pa_size-us-06-de","14":"pa_size-us-08-de","15":"pa_size-us-10-de","16":"pa_size-us-12-de","17":"pa_size-us-14-de","18":"pa_size-us-16-de","19":"pa_size-us-18-de-2","21":"pa_size-us-20-de","23":"first","24":"instock","25":"taxable","26":"shipping-taxable","27":"purchasable","28":"product-type-variable","29":"has-default-attributes"},"_links":{"self":[{"href":"https:\/\/www.monique-mathieu.com\/de\/wp-json\/wp\/v2\/product\/1186","targetHints":{"allow":["GET"]}}],"collection":[{"href":"https:\/\/www.monique-mathieu.com\/de\/wp-json\/wp\/v2\/product"}],"about":[{"href":"https:\/\/www.monique-mathieu.com\/de\/wp-json\/wp\/v2\/types\/product"}],"wp:featuredmedia":[{"embeddable":true,"href":"https:\/\/www.monique-mathieu.com\/de\/wp-json\/wp\/v2\/media\/9942"}],"wp:attachment":[{"href":"https:\/\/www.monique-mathieu.com\/de\/wp-json\/wp\/v2\/media?parent=1186"}],"wp:term":[{"taxonomy":"product_brand","embeddable":true,"href":"https:\/\/www.monique-mathieu.com\/de\/wp-json\/wp\/v2\/product_brand?post=1186"},{"taxonomy":"product_cat","embeddable":true,"href":"https:\/\/www.monique-mathieu.com\/de\/wp-json\/wp\/v2\/product_cat?post=1186"},{"taxonomy":"product_tag","embeddable":true,"href":"https:\/\/www.monique-mathieu.com\/de\/wp-json\/wp\/v2\/product_tag?post=1186"}],"curies":[{"name":"wp","href":"https:\/\/api.w.org\/{rel}","templated":true}]}}